{"id":121,"date":"2023-07-15T13:44:30","date_gmt":"2023-07-15T20:44:30","guid":{"rendered":"http:\/\/sherifftest.venturacounty.gov\/?page_id=121"},"modified":"2024-02-02T17:32:09","modified_gmt":"2024-02-03T01:32:09","slug":"sheriff-systems-bureau","status":"publish","type":"page","link":"https:\/\/sherifftest.venturacounty.gov\/es\/special-services\/sheriff-systems-bureau\/","title":{"rendered":"Oficina de sistemas del sheriff"},"content":{"rendered":"<div data-elementor-type=\"wp-page\" data-elementor-id=\"121\" class=\"elementor elementor-121\" data-elementor-post-type=\"page\">\n\t\t\t\t<div class=\"elementor-element elementor-element-b8a496c e-flex e-con-boxed e-con e-parent\" data-id=\"b8a496c\" data-element_type=\"container\" data-e-type=\"container\" data-settings=\"{&quot;jet_parallax_layout_list&quot;:[]}\">\n\t\t\t\t\t<div class=\"e-con-inner\">\n\t\t\t\t<div class=\"elementor-element elementor-element-a7db847 elementor-widget elementor-widget-heading\" data-id=\"a7db847\" data-element_type=\"widget\" data-e-type=\"widget\" data-widget_type=\"heading.default\">\n\t\t\t\t<div class=\"elementor-widget-container\">\n\t\t\t\t\t<h1 class=\"elementor-heading-title elementor-size-default\">Oficina de sistemas del sheriff<\/h1>\t\t\t\t<\/div>\n\t\t\t\t<\/div>\n\t\t\t\t\t<\/div>\n\t\t\t\t<\/div>\n\t\t<div class=\"elementor-element elementor-element-d9f46dd e-flex e-con-boxed e-con e-parent\" data-id=\"d9f46dd\" data-element_type=\"container\" data-e-type=\"container\" data-settings=\"{&quot;jet_parallax_layout_list&quot;:[]}\">\n\t\t\t\t\t<div class=\"e-con-inner\">\n\t\t<div class=\"elementor-element elementor-element-485cdd4 e-con-full e-flex e-con e-child\" data-id=\"485cdd4\" data-element_type=\"container\" data-e-type=\"container\" data-settings=\"{&quot;jet_parallax_layout_list&quot;:[]}\">\n\t\t\t\t<div class=\"elementor-element elementor-element-94fe792 elementor-nav-menu--dropdown-tablet elementor-nav-menu__text-align-aside elementor-nav-menu--toggle elementor-nav-menu--burger elementor-widget elementor-widget-nav-menu\" data-id=\"94fe792\" data-element_type=\"widget\" data-e-type=\"widget\" data-settings=\"{&quot;layout&quot;:&quot;vertical&quot;,&quot;submenu_icon&quot;:{&quot;value&quot;:&quot;&lt;i class=\\&quot;fas fa-caret-down\\&quot;&gt;&lt;\\\/i&gt;&quot;,&quot;library&quot;:&quot;fa-solid&quot;},&quot;toggle&quot;:&quot;burger&quot;}\" data-widget_type=\"nav-menu.default\">\n\t\t\t\t<div class=\"elementor-widget-container\">\n\t\t\t\t\t\t\t\t<nav aria-label=\"Men\u00fa\" class=\"elementor-nav-menu--main elementor-nav-menu__container elementor-nav-menu--layout-vertical e--pointer-background e--animation-fade\">\n\t\t\t\t<ul id=\"menu-1-94fe792\" class=\"elementor-nav-menu sm-vertical\"><li class=\"vMenu menu-item menu-item-type-post_type menu-item-object-page menu-item-106\"><a href=\"https:\/\/sherifftest.venturacounty.gov\/es\/special-services\/\" class=\"elementor-item\">Servicios especiales<\/a><\/li>\n<li class=\"vMenu menu-item menu-item-type-post_type menu-item-object-page menu-item-107\"><a href=\"https:\/\/sherifftest.venturacounty.gov\/es\/special-services\/air-unit\/\" class=\"elementor-item\">Unidad de aire<\/a><\/li>\n<li class=\"vMenu menu-item menu-item-type-post_type menu-item-object-page menu-item-12302\"><a href=\"https:\/\/sherifftest.venturacounty.gov\/es\/special-services\/boat-unit\/\" class=\"elementor-item\">Tripulaci\u00f3n del barco del sheriff<\/a><\/li>\n<li class=\"vMenu menu-item menu-item-type-post_type menu-item-object-page menu-item-110\"><a href=\"https:\/\/sherifftest.venturacounty.gov\/es\/special-services\/bomb-arson-unit\/\" class=\"elementor-item\">Unidad de bombas e incendios provocados<\/a><\/li>\n<li class=\"vMenu menu-item menu-item-type-post_type menu-item-object-page menu-item-131\"><a href=\"https:\/\/sherifftest.venturacounty.gov\/es\/special-services\/crime-analysis-unit\/\" class=\"elementor-item\">Unidad de An\u00e1lisis Criminal<\/a><\/li>\n<li class=\"vMenu menu-item menu-item-type-post_type menu-item-object-page menu-item-130\"><a href=\"https:\/\/sherifftest.venturacounty.gov\/es\/special-services\/crime-scene-investigations-unit\/\" class=\"elementor-item\">Unidad de Investigaciones de la Escena del Crimen<\/a><\/li>\n<li class=\"vMenu menu-item menu-item-type-post_type menu-item-object-page menu-item-129\"><a href=\"https:\/\/sherifftest.venturacounty.gov\/es\/special-services\/criminal-intelligence-unit\/\" class=\"elementor-item\">Unidad de Inteligencia Criminal<\/a><\/li>\n<li class=\"vMenu menu-item menu-item-type-post_type menu-item-object-page menu-item-123\"><a href=\"https:\/\/sherifftest.venturacounty.gov\/es\/special-services\/forensic-sciences-lab\/\" class=\"elementor-item\">Oficina de Servicios Forenses<\/a><\/li>\n<li class=\"vMenu menu-item menu-item-type-post_type menu-item-object-page menu-item-128\"><a href=\"https:\/\/sherifftest.venturacounty.gov\/es\/special-services\/major-crimes-unit\/\" class=\"elementor-item\">Unidad de Delitos Graves<\/a><\/li>\n<li class=\"vMenu menu-item menu-item-type-post_type menu-item-object-page menu-item-127\"><a href=\"https:\/\/sherifftest.venturacounty.gov\/es\/special-services\/narcotics-unit\/\" class=\"elementor-item\">Unidad de Narc\u00f3ticos<\/a><\/li>\n<li class=\"vMenu menu-item menu-item-type-post_type menu-item-object-page menu-item-122\"><a href=\"https:\/\/sherifftest.venturacounty.gov\/es\/special-services\/sheriff-systems-bureau\/\" class=\"elementor-item\">Oficina de sistemas del sheriff<\/a><\/li>\n<li class=\"vMenu menu-item menu-item-type-post_type menu-item-object-page menu-item-126\"><a href=\"https:\/\/sherifftest.venturacounty.gov\/es\/special-services\/s-w-a-t\/\" class=\"elementor-item\">APLASTAR<\/a><\/li>\n<li class=\"vMenu menu-item menu-item-type-post_type menu-item-object-page menu-item-125\"><a href=\"https:\/\/sherifftest.venturacounty.gov\/es\/special-services\/tactical-negotiations-unit\/\" class=\"elementor-item\">Unidad de Negociaciones T\u00e1cticas<\/a><\/li>\n<li class=\"vMenu menu-item menu-item-type-post_type menu-item-object-page menu-item-12430\"><a href=\"https:\/\/sherifftest.venturacounty.gov\/es\/special-services\/technical-surveillance-unit\/\" class=\"elementor-item\">Unidad de Vigilancia T\u00e9cnica<\/a><\/li>\n<li class=\"vMenu menu-item menu-item-type-post_type menu-item-object-page menu-item-124\"><a href=\"https:\/\/sherifftest.venturacounty.gov\/es\/special-services\/unmanned-aerial-systems-unit\/\" class=\"elementor-item\">Unidad de sistemas a\u00e9reos no tripulados<\/a><\/li>\n<\/ul>\t\t\t<\/nav>\n\t\t\t\t\t<div class=\"elementor-menu-toggle\" role=\"button\" tabindex=\"0\" aria-label=\"Alternar men\u00fa\" aria-expanded=\"false\">\n\t\t\t<i aria-hidden=\"true\" role=\"presentation\" class=\"elementor-menu-toggle__icon--open eicon-menu-bar\"><\/i><i aria-hidden=\"true\" role=\"presentation\" class=\"elementor-menu-toggle__icon--close eicon-close\"><\/i>\t\t<\/div>\n\t\t\t\t\t<nav class=\"elementor-nav-menu--dropdown elementor-nav-menu__container\" aria-hidden=\"true\">\n\t\t\t\t<ul id=\"menu-2-94fe792\" class=\"elementor-nav-menu sm-vertical\"><li class=\"vMenu menu-item menu-item-type-post_type menu-item-object-page menu-item-106\"><a href=\"https:\/\/sherifftest.venturacounty.gov\/es\/special-services\/\" class=\"elementor-item\" tabindex=\"-1\">Servicios especiales<\/a><\/li>\n<li class=\"vMenu menu-item menu-item-type-post_type menu-item-object-page menu-item-107\"><a href=\"https:\/\/sherifftest.venturacounty.gov\/es\/special-services\/air-unit\/\" class=\"elementor-item\" tabindex=\"-1\">Unidad de aire<\/a><\/li>\n<li class=\"vMenu menu-item menu-item-type-post_type menu-item-object-page menu-item-12302\"><a href=\"https:\/\/sherifftest.venturacounty.gov\/es\/special-services\/boat-unit\/\" class=\"elementor-item\" tabindex=\"-1\">Tripulaci\u00f3n del barco del sheriff<\/a><\/li>\n<li class=\"vMenu menu-item menu-item-type-post_type menu-item-object-page menu-item-110\"><a href=\"https:\/\/sherifftest.venturacounty.gov\/es\/special-services\/bomb-arson-unit\/\" class=\"elementor-item\" tabindex=\"-1\">Unidad de bombas e incendios provocados<\/a><\/li>\n<li class=\"vMenu menu-item menu-item-type-post_type menu-item-object-page menu-item-131\"><a href=\"https:\/\/sherifftest.venturacounty.gov\/es\/special-services\/crime-analysis-unit\/\" class=\"elementor-item\" tabindex=\"-1\">Unidad de An\u00e1lisis Criminal<\/a><\/li>\n<li class=\"vMenu menu-item menu-item-type-post_type menu-item-object-page menu-item-130\"><a href=\"https:\/\/sherifftest.venturacounty.gov\/es\/special-services\/crime-scene-investigations-unit\/\" class=\"elementor-item\" tabindex=\"-1\">Unidad de Investigaciones de la Escena del Crimen<\/a><\/li>\n<li class=\"vMenu menu-item menu-item-type-post_type menu-item-object-page menu-item-129\"><a href=\"https:\/\/sherifftest.venturacounty.gov\/es\/special-services\/criminal-intelligence-unit\/\" class=\"elementor-item\" tabindex=\"-1\">Unidad de Inteligencia Criminal<\/a><\/li>\n<li class=\"vMenu menu-item menu-item-type-post_type menu-item-object-page menu-item-123\"><a href=\"https:\/\/sherifftest.venturacounty.gov\/es\/special-services\/forensic-sciences-lab\/\" class=\"elementor-item\" tabindex=\"-1\">Oficina de Servicios Forenses<\/a><\/li>\n<li class=\"vMenu menu-item menu-item-type-post_type menu-item-object-page menu-item-128\"><a href=\"https:\/\/sherifftest.venturacounty.gov\/es\/special-services\/major-crimes-unit\/\" class=\"elementor-item\" tabindex=\"-1\">Unidad de Delitos Graves<\/a><\/li>\n<li class=\"vMenu menu-item menu-item-type-post_type menu-item-object-page menu-item-127\"><a href=\"https:\/\/sherifftest.venturacounty.gov\/es\/special-services\/narcotics-unit\/\" class=\"elementor-item\" tabindex=\"-1\">Unidad de Narc\u00f3ticos<\/a><\/li>\n<li class=\"vMenu menu-item menu-item-type-post_type menu-item-object-page menu-item-122\"><a href=\"https:\/\/sherifftest.venturacounty.gov\/es\/special-services\/sheriff-systems-bureau\/\" class=\"elementor-item\" tabindex=\"-1\">Oficina de sistemas del sheriff<\/a><\/li>\n<li class=\"vMenu menu-item menu-item-type-post_type menu-item-object-page menu-item-126\"><a href=\"https:\/\/sherifftest.venturacounty.gov\/es\/special-services\/s-w-a-t\/\" class=\"elementor-item\" tabindex=\"-1\">APLASTAR<\/a><\/li>\n<li class=\"vMenu menu-item menu-item-type-post_type menu-item-object-page menu-item-125\"><a href=\"https:\/\/sherifftest.venturacounty.gov\/es\/special-services\/tactical-negotiations-unit\/\" class=\"elementor-item\" tabindex=\"-1\">Unidad de Negociaciones T\u00e1cticas<\/a><\/li>\n<li class=\"vMenu menu-item menu-item-type-post_type menu-item-object-page menu-item-12430\"><a href=\"https:\/\/sherifftest.venturacounty.gov\/es\/special-services\/technical-surveillance-unit\/\" class=\"elementor-item\" tabindex=\"-1\">Unidad de Vigilancia T\u00e9cnica<\/a><\/li>\n<li class=\"vMenu menu-item menu-item-type-post_type menu-item-object-page menu-item-124\"><a href=\"https:\/\/sherifftest.venturacounty.gov\/es\/special-services\/unmanned-aerial-systems-unit\/\" class=\"elementor-item\" tabindex=\"-1\">Unidad de sistemas a\u00e9reos no tripulados<\/a><\/li>\n<\/ul>\t\t\t<\/nav>\n\t\t\t\t\t\t<\/div>\n\t\t\t\t<\/div>\n\t\t\t\t<\/div>\n\t\t<div class=\"elementor-element elementor-element-9a80528 e-flex e-con-boxed e-con e-child\" data-id=\"9a80528\" data-element_type=\"container\" data-e-type=\"container\" data-settings=\"{&quot;jet_parallax_layout_list&quot;:[]}\">\n\t\t\t\t\t<div class=\"e-con-inner\">\n\t\t\t\t<div class=\"elementor-element elementor-element-5dd3a47 elementor-widget elementor-widget-image\" data-id=\"5dd3a47\" data-element_type=\"widget\" data-e-type=\"widget\" data-widget_type=\"image.default\">\n\t\t\t\t<div class=\"elementor-widget-container\">\n\t\t\t\t\t\t\t\t\t\t\t\t\t\t\t<img fetchpriority=\"high\" decoding=\"async\" width=\"800\" height=\"355\" src=\"https:\/\/sherifftest.venturacounty.gov\/wp-content\/uploads\/2023\/10\/DSC_2942-F-crop-49-1024x455.jpg\" class=\"attachment-large size-large wp-image-11979\" alt=\"Sheriff Systems Bureau\" srcset=\"https:\/\/sherifftest.venturacounty.gov\/wp-content\/uploads\/2023\/10\/DSC_2942-F-crop-49-1024x455.jpg 1024w, https:\/\/sherifftest.venturacounty.gov\/wp-content\/uploads\/2023\/10\/DSC_2942-F-crop-49-480x213.jpg 480w, https:\/\/sherifftest.venturacounty.gov\/wp-content\/uploads\/2023\/10\/DSC_2942-F-crop-49-768x341.jpg 768w, https:\/\/sherifftest.venturacounty.gov\/wp-content\/uploads\/2023\/10\/DSC_2942-F-crop-49-1536x683.jpg 1536w, https:\/\/sherifftest.venturacounty.gov\/wp-content\/uploads\/2023\/10\/DSC_2942-F-crop-49-2048x910.jpg 2048w\" sizes=\"(max-width: 800px) 100vw, 800px\" \/>\t\t\t\t\t\t\t\t\t\t\t\t\t\t\t<\/div>\n\t\t\t\t<\/div>\n\t\t\t\t<div class=\"elementor-element elementor-element-e757c76 elementor-widget elementor-widget-text-editor\" data-id=\"e757c76\" data-element_type=\"widget\" data-e-type=\"widget\" data-widget_type=\"text-editor.default\">\n\t\t\t\t<div class=\"elementor-widget-container\">\n\t\t\t\t\t\t\t\t\t<p>Nuestra visi\u00f3n es utilizar la \u00faltima tecnolog\u00eda para crear un entorno inform\u00e1tico rentable para nuestra organizaci\u00f3n. La clave para lograr esta visi\u00f3n es utilizar de manera eficaz la informaci\u00f3n y la tecnolog\u00eda existentes para controlar, implementar y aliviar el papeleo y las cargas de trabajo redundantes. Nuestro objetivo principal es servir a la Oficina del Sheriff haciendo que las cargas de trabajo sean m\u00e1s eficientes y f\u00e1ciles de gestionar.<\/p><p>Nuestros trece (13) coordinadores de sistemas de oficina brindan soporte a todo el hardware, las aplicaciones de software y la nueva tecnolog\u00eda relacionada con las computadoras que se implementa en la Oficina del Sheriff del Condado de Ventura. Son responsables de las operaciones diarias dentro del departamento en lo que respecta a los recursos inform\u00e1ticos, as\u00ed como del soporte de escritorio y de red. Para llevar a cabo estas tareas, operamos las 24 horas del d\u00eda, los 7 d\u00edas de la semana, con profesionales dedicados que cumplen con los est\u00e1ndares de la Oficina del Sheriff del Condado de Ventura.<\/p>\t\t\t\t\t\t\t\t<\/div>\n\t\t\t\t<\/div>\n\t\t\t\t\t<\/div>\n\t\t\t\t<\/div>\n\t\t\t\t\t<\/div>\n\t\t\t\t<\/div>\n\t\t\t\t<\/div>","protected":false},"excerpt":{"rendered":"<p>Our vision is to use the latest technology to build a cost-effective computing environment for our organization. The key to the attainment of this vision is to effectively use existing information and technology to control, deploy, and relieve redundant paperwork and workloads. Our primary goal is to serve the Sheriff\u2019s Office by making workloads more [&hellip;]<\/p>\n","protected":false},"author":2,"featured_media":0,"parent":98,"menu_order":0,"comment_status":"closed","ping_status":"closed","template":"","meta":{"footnotes":""},"class_list":["post-121","page","type-page","status-publish","hentry"],"_links":{"self":[{"href":"https:\/\/sherifftest.venturacounty.gov\/es\/wp-json\/wp\/v2\/pages\/121","targetHints":{"allow":["GET"]}}],"collection":[{"href":"https:\/\/sherifftest.venturacounty.gov\/es\/wp-json\/wp\/v2\/pages"}],"about":[{"href":"https:\/\/sherifftest.venturacounty.gov\/es\/wp-json\/wp\/v2\/types\/page"}],"author":[{"embeddable":true,"href":"https:\/\/sherifftest.venturacounty.gov\/es\/wp-json\/wp\/v2\/users\/2"}],"replies":[{"embeddable":true,"href":"https:\/\/sherifftest.venturacounty.gov\/es\/wp-json\/wp\/v2\/comments?post=121"}],"version-history":[{"count":0,"href":"https:\/\/sherifftest.venturacounty.gov\/es\/wp-json\/wp\/v2\/pages\/121\/revisions"}],"up":[{"embeddable":true,"href":"https:\/\/sherifftest.venturacounty.gov\/es\/wp-json\/wp\/v2\/pages\/98"}],"wp:attachment":[{"href":"https:\/\/sherifftest.venturacounty.gov\/es\/wp-json\/wp\/v2\/media?parent=121"}],"curies":[{"name":"gracias","href":"https:\/\/api.w.org\/{rel}","templated":true}]}}