{"id":12979,"date":"2024-08-01T10:08:25","date_gmt":"2024-08-01T17:08:25","guid":{"rendered":"http:\/\/sherifftest.venturacounty.gov\/?page_id=12979"},"modified":"2024-08-01T10:45:52","modified_gmt":"2024-08-01T17:45:52","slug":"scam-prevention","status":"publish","type":"page","link":"https:\/\/sherifftest.venturacounty.gov\/es\/scam-prevention\/","title":{"rendered":"Prevenci\u00f3n de estafas"},"content":{"rendered":"<div class=\"vc_row wpb_row row\">\n<div class=\"vc_column_container col-md-12\">\n<div class=\"wpb_wrapper vc_column-inner\">\n<div class=\"wpb_text_column wpb_content_element\">\n<div class=\"wpb_wrapper\">\n<h2><\/h2>\n<p>A continuaci\u00f3n, se enumeran varias estafas comunes que utilizan los delincuentes para robarle. Las estafas cambian y evolucionan constantemente, pero el tema general sigue siendo el mismo: los estafadores intentar\u00e1n enga\u00f1arlo para que les d\u00e9 su dinero a trav\u00e9s de la extorsi\u00f3n, el chantaje, la avaricia, el romance, las t\u00e1cticas de miedo o su deseo de ayudar a otros que lo necesitan, por nombrar solo algunos.<\/p>\n<p>Una de las mejores y m\u00e1s f\u00e1ciles formas de evitar ser estafado es no contestar el tel\u00e9fono si no reconoce el n\u00famero y no hacer clic en enlaces de correo electr\u00f3nico o mensajes de texto que parezcan sospechosos. Los estafadores pueden falsificar cualquier n\u00famero de tel\u00e9fono, por lo que el n\u00famero que aparece en su identificador de llamadas puede parecer leg\u00edtimo. Cada vez que alguien lo contacta inesperadamente y le pide que proporcione informaci\u00f3n personal o transfiera dinero por cualquier motivo, probablemente sea una estafa. Si solicita un trabajo en l\u00ednea y lo \u201ccontratan\u201d sin reunirse con su jefe, probablemente sea una estafa. Si est\u00e1 intentando comprar un art\u00edculo en l\u00ednea o mediante una aplicaci\u00f3n de un vendedor privado y le indica que pague por adelantado el art\u00edculo antes de reunirse, probablemente sea una estafa. Si alguien lo contacta, le dice que su cuenta ha sido pirateada y le solicita el nombre de usuario y la contrase\u00f1a de su cuenta para verificarla, probablemente sea una estafa. Si el representante de un alquiler en l\u00ednea no se re\u00fane con usted y no le permite recorrer la propiedad, probablemente sea una estafa. Si tiene la tentaci\u00f3n de enviar dinero, proporcionar informaci\u00f3n personal o tiene alguna otra pregunta, llame primero a la agencia de polic\u00eda local para obtener asesoramiento.<\/p>\n<\/div>\n<\/div>\n<\/div>\n<\/div>\n<\/div>\n<div class=\"vc_row wpb_row row\">\n<div class=\"vc_column_container col-md-3\">\n<div class=\"wpb_wrapper vc_column-inner\">\n<div class=\"wpb_text_column wpb_content_element\">\n<div class=\"wpb_wrapper\">\n<p><a href=\"http:\/\/sherifftest.venturacounty.gov\/wp-content\/uploads\/2024\/08\/10-Things-You-Can-Do-To-Avoid-Fraud.pdf\">10 cosas que puedes hacer para evitar el fraude<\/a><\/p>\n<p><a href=\"http:\/\/sherifftest.venturacounty.gov\/wp-content\/uploads\/2024\/08\/Charity-Fraud-Scams.pdf\">Estafas de caridad<\/a><\/p>\n<p><a href=\"http:\/\/sherifftest.venturacounty.gov\/wp-content\/uploads\/2024\/08\/Grandparent-Scam.pdf\">Estafas de nietos<\/a><\/p>\n<p><a href=\"http:\/\/sherifftest.venturacounty.gov\/wp-content\/uploads\/2024\/08\/Health-Care-Scams.pdf\">Estafas en el sistema de salud<\/a><\/p>\n<p><a href=\"http:\/\/sherifftest.venturacounty.gov\/wp-content\/uploads\/2024\/08\/Home-Repair-Scam.pdf\">Estafa de reparaci\u00f3n de viviendas<\/a><\/p>\n<p><a href=\"http:\/\/sherifftest.venturacounty.gov\/wp-content\/uploads\/2024\/08\/Imposter-Scams.pdf\">Estafas de impostores<\/a><\/p>\n<p><a href=\"http:\/\/sherifftest.venturacounty.gov\/wp-content\/uploads\/2024\/08\/Imposter-Scams.pdf\">Estafa de impostores del IRS<\/a><\/p>\n<p><a href=\"http:\/\/sherifftest.venturacounty.gov\/wp-content\/uploads\/2024\/08\/Job-Scams.pdf\">Estafas laborales<\/a><\/p>\n<p><a href=\"http:\/\/sherifftest.venturacounty.gov\/wp-content\/uploads\/2024\/08\/Money-Mule-Scams.pdf\">Estafas de mulas de dinero<\/a><\/p>\n<p><a href=\"http:\/\/sherifftest.venturacounty.gov\/wp-content\/uploads\/2024\/08\/Scams-Against-Immigrants.pdf\">C\u00f3mo evitar estafas contra inmigrantes<\/a><\/p>\n<\/div>\n<\/div>\n<\/div>\n<\/div>\n<div class=\"vc_column_container col-md-3\">\n<div class=\"wpb_wrapper vc_column-inner\">\n<div class=\"wpb_text_column wpb_content_element\">\n<div class=\"wpb_wrapper\">\n<p><a href=\"http:\/\/sherifftest.venturacounty.gov\/wp-content\/uploads\/2024\/08\/10-Cosas-Que-Usted-Puede-Hacer-Para-Evitar-El-Fraude.pdf\">10 Cosas Para Evitar El Fraude<\/a><\/p>\n<p><a href=\"http:\/\/sherifftest.venturacounty.gov\/wp-content\/uploads\/2024\/08\/C-Las-Estafas-de-Caridad.pdf\">Las Estafas De Caridad<\/a><\/p>\n<p><a href=\"http:\/\/sherifftest.venturacounty.gov\/wp-content\/uploads\/2024\/08\/G-Estafas-de-nietos.pdf\">Estafas De Nietos<\/a><\/p>\n<p><a href=\"http:\/\/sherifftest.venturacounty.gov\/wp-content\/uploads\/2024\/08\/He-Las-Estafas-de-Atendion-de-la-Salud.pdf\">Las Estafas De Atenci\u00f3n De La Salud<\/a><\/p>\n<p><a href=\"http:\/\/sherifftest.venturacounty.gov\/wp-content\/uploads\/2024\/08\/Ho-Estafas-de-Reparacion-del-Hogar.pdf\">Estafas De Reparaci\u00f3n Del Hogar<\/a><\/p>\n<p><a href=\"http:\/\/sherifftest.venturacounty.gov\/wp-content\/uploads\/2024\/08\/Im-Las-Estafas-de-Impostores.pdf\">Las estafas de los impostores<\/a><\/p>\n<p><a href=\"http:\/\/sherifftest.venturacounty.gov\/wp-content\/uploads\/2024\/08\/IRS-Estafas-de-Impostores-del-IRS.pdf\">Estad\u00edsticas de impostores del IRS<\/a><\/p>\n<p><a href=\"http:\/\/sherifftest.venturacounty.gov\/wp-content\/uploads\/2024\/08\/Job-Estafas-en-la-Busqueda-de-Empleo.pdf\">Estafas En La Busqueda De Empleo<\/a><\/p>\n<p><a href=\"http:\/\/sherifftest.venturacounty.gov\/wp-content\/uploads\/2024\/08\/Money-Estafas-de-Mula-de-Dinero.pdf\">Estafas De Mula De Dinero<\/a><\/p>\n<p><a href=\"http:\/\/sherifftest.venturacounty.gov\/wp-content\/uploads\/2024\/08\/z-Estafas-de-Notario.pdf\">Estafas De Notario<\/a><\/p>\n<\/div>\n<\/div>\n<\/div>\n<\/div>\n<div class=\"vc_column_container col-md-3\">\n<div class=\"wpb_wrapper vc_column-inner\">\n<div class=\"wpb_text_column wpb_content_element\">\n<div class=\"wpb_wrapper\">\n<p><a href=\"http:\/\/sherifftest.venturacounty.gov\/wp-content\/uploads\/2024\/08\/Money-Wiring-Scams.pdf\">Estafas de transferencias de dinero<\/a><\/p>\n<p><a href=\"http:\/\/sherifftest.venturacounty.gov\/wp-content\/uploads\/2024\/08\/Online-Dating-Scam.pdf\">Estafas en las citas online<\/a><\/p>\n<p><a href=\"http:\/\/sherifftest.venturacounty.gov\/wp-content\/uploads\/2024\/08\/Scams-Against-Immigrants.pdf\">Estafas contra inmigrantes<\/a><\/p>\n<p><a href=\"http:\/\/sherifftest.venturacounty.gov\/wp-content\/uploads\/2024\/08\/Scams-and-Your-Small-Business.pdf\">Las estafas y su peque\u00f1a empresa<\/a><\/p>\n<p><a href=\"http:\/\/sherifftest.venturacounty.gov\/wp-content\/uploads\/2024\/08\/Tech-Support-Scam.pdf\">Estafa de soporte t\u00e9cnico<\/a><\/p>\n<p><a href=\"http:\/\/sherifftest.venturacounty.gov\/wp-content\/uploads\/2024\/08\/Unwanted-calls.pdf\">Llamadas no deseadas<\/a><\/p>\n<p><a href=\"http:\/\/sherifftest.venturacounty.gov\/wp-content\/uploads\/2024\/08\/Work-at-Home-Scam.pdf\">Estafa de trabajo desde casa<\/a><\/p>\n<p><a href=\"http:\/\/sherifftest.venturacounty.gov\/wp-content\/uploads\/2024\/08\/Youve-Won-Scams.pdf\">Has ganado estafas<\/a><\/p>\n<p><a href=\"http:\/\/sherifftest.venturacounty.gov\/wp-content\/uploads\/2024\/08\/FBI-Fraud-Alert.pdf\">Alerta de fraude del FBI<\/a><\/p>\n<p><a href=\"http:\/\/sherifftest.venturacounty.gov\/wp-content\/uploads\/2024\/08\/Phone-Scams.pdf\">Estafas telef\u00f3nicas<\/a><\/p>\n<\/div>\n<\/div>\n<\/div>\n<\/div>\n<div class=\"vc_column_container col-md-3\">\n<div class=\"wpb_wrapper vc_column-inner\">\n<div class=\"wpb_text_column wpb_content_element\">\n<div class=\"wpb_wrapper\">\n<p><a href=\"http:\/\/sherifftest.venturacounty.gov\/wp-content\/uploads\/2024\/08\/Money-w-Estafas-al-Enviar-Dinero.pdf\">Estafas Al Enviar Dinero<\/a><\/p>\n<p><a href=\"http:\/\/sherifftest.venturacounty.gov\/wp-content\/uploads\/2024\/08\/Online-Estafas-de-Citas-por-Internet.pdf\">Estacionamientos de citas por internet<\/a><\/p>\n<p><a href=\"http:\/\/sherifftest.venturacounty.gov\/wp-content\/uploads\/2024\/08\/Scams-Against-Estafas-Contra-Inmigrantes.pdf\">Estafas contra inmigrantes<\/a><\/p>\n<p><a href=\"http:\/\/sherifftest.venturacounty.gov\/wp-content\/uploads\/2024\/08\/Scams-and-Las-Estafas-y-Su-Pequeno-Negocio.pdf\">Las Estafas Y Su Pequeno Negocio<\/a><\/p>\n<p><a href=\"http:\/\/sherifftest.venturacounty.gov\/wp-content\/uploads\/2024\/08\/Tech-Estafas-de-Soporte-Tecnico.pdf\">Estafas De Soporte T\u00e9cnico<\/a><\/p>\n<p><a href=\"http:\/\/sherifftest.venturacounty.gov\/wp-content\/uploads\/2024\/08\/Unwanted-Llamadas-Indeseadas.pdf\">Llamadas Indeseadas<\/a><\/p>\n<p><a href=\"http:\/\/sherifftest.venturacounty.gov\/wp-content\/uploads\/2024\/08\/Work-Estafas-de-Trabajo-en-Casa.pdf\">Puestos de trabajo en casa<\/a><\/p>\n<p><a href=\"http:\/\/sherifftest.venturacounty.gov\/wp-content\/uploads\/2024\/08\/Youve-Las-estafas-Te-Ganaste-un-Premio.pdf\">Las Estafas Te Ganaste Un Premio<\/a><\/p>\n<p><a href=\"http:\/\/sherifftest.venturacounty.gov\/wp-content\/uploads\/2024\/08\/z-Impostores-del-Gobierno-Spanish.pdf\">Impostores del gobierno\u00a0<\/a><\/p>\n<\/div>\n<\/div>\n<\/div>\n<\/div>\n<\/div>","protected":false},"excerpt":{"rendered":"<p>Listed below are several common scams criminals use to steal from you.\u00a0 Scams are constantly changing and evolving, but the general theme remains the same:\u00a0 scammers will try to trick you into giving them your money through extortion, blackmail, greed, romance, scare tactics, or your desire to help others in need, to name a few. [&hellip;]<\/p>\n","protected":false},"author":10,"featured_media":0,"parent":0,"menu_order":0,"comment_status":"closed","ping_status":"closed","template":"","meta":{"footnotes":""},"class_list":["post-12979","page","type-page","status-publish","hentry"],"_links":{"self":[{"href":"https:\/\/sherifftest.venturacounty.gov\/es\/wp-json\/wp\/v2\/pages\/12979","targetHints":{"allow":["GET"]}}],"collection":[{"href":"https:\/\/sherifftest.venturacounty.gov\/es\/wp-json\/wp\/v2\/pages"}],"about":[{"href":"https:\/\/sherifftest.venturacounty.gov\/es\/wp-json\/wp\/v2\/types\/page"}],"author":[{"embeddable":true,"href":"https:\/\/sherifftest.venturacounty.gov\/es\/wp-json\/wp\/v2\/users\/10"}],"replies":[{"embeddable":true,"href":"https:\/\/sherifftest.venturacounty.gov\/es\/wp-json\/wp\/v2\/comments?post=12979"}],"version-history":[{"count":0,"href":"https:\/\/sherifftest.venturacounty.gov\/es\/wp-json\/wp\/v2\/pages\/12979\/revisions"}],"wp:attachment":[{"href":"https:\/\/sherifftest.venturacounty.gov\/es\/wp-json\/wp\/v2\/media?parent=12979"}],"curies":[{"name":"gracias","href":"https:\/\/api.w.org\/{rel}","templated":true}]}}