{"id":13635,"date":"2025-10-16T11:45:15","date_gmt":"2025-10-16T18:45:15","guid":{"rendered":"https:\/\/sherifftest.venturacounty.gov\/?page_id=13635"},"modified":"2025-10-20T08:05:25","modified_gmt":"2025-10-20T15:05:25","slug":"alpr","status":"publish","type":"page","link":"https:\/\/sherifftest.venturacounty.gov\/es\/alpr\/","title":{"rendered":"Lectores autom\u00e1ticos de matr\u00edculas"},"content":{"rendered":"<div data-elementor-type=\"wp-page\" data-elementor-id=\"13635\" class=\"elementor elementor-13635\" data-elementor-post-type=\"page\">\n\t\t\t\t<div class=\"elementor-element elementor-element-9209a8f e-flex e-con-boxed e-con e-parent\" data-id=\"9209a8f\" data-element_type=\"container\" data-e-type=\"container\" data-settings=\"{&quot;jet_parallax_layout_list&quot;:[]}\">\n\t\t\t\t\t<div class=\"e-con-inner\">\n\t\t<div class=\"elementor-element elementor-element-c1b37cf e-con-full e-flex e-con e-child\" data-id=\"c1b37cf\" data-element_type=\"container\" data-e-type=\"container\" data-settings=\"{&quot;jet_parallax_layout_list&quot;:[]}\">\n\t\t\t\t<div class=\"elementor-element elementor-element-102 elementor-widget__width-initial elementor-nav-menu--dropdown-tablet elementor-nav-menu__text-align-aside elementor-nav-menu--toggle elementor-nav-menu--burger elementor-widget elementor-widget-global elementor-global-102 elementor-widget-nav-menu\" data-id=\"102\" data-element_type=\"widget\" data-e-type=\"widget\" data-settings=\"{&quot;layout&quot;:&quot;vertical&quot;,&quot;submenu_icon&quot;:{&quot;value&quot;:&quot;fas fa-caret-down&quot;,&quot;library&quot;:&quot;fa-solid&quot;},&quot;toggle&quot;:&quot;burger&quot;}\" data-widget_type=\"nav-menu.default\">\n\t\t\t\t<div class=\"elementor-widget-container\">\n\t\t\t\t\t\t\t\t<nav aria-label=\"Men\u00fa\" class=\"elementor-nav-menu--main elementor-nav-menu__container elementor-nav-menu--layout-vertical e--pointer-background e--animation-fade\">\n\t\t\t\t<ul id=\"menu-1-102\" class=\"elementor-nav-menu sm-vertical\"><li class=\"vMenu menu-item menu-item-type-post_type menu-item-object-page menu-item-203\"><a href=\"https:\/\/sherifftest.venturacounty.gov\/es\/policies\/\" class=\"elementor-item\">Pol\u00edticas<\/a><\/li>\n<li class=\"vMenu menu-item menu-item-type-post_type menu-item-object-page menu-item-202\"><a href=\"https:\/\/sherifftest.venturacounty.gov\/es\/ab748\/\" class=\"elementor-item\">AB748<\/a><\/li>\n<li class=\"vMenu menu-item menu-item-type-post_type menu-item-object-page menu-item-201\"><a href=\"https:\/\/sherifftest.venturacounty.gov\/es\/ab2761\/\" class=\"elementor-item\">AB2761<\/a><\/li>\n<li class=\"vMenu menu-item menu-item-type-post_type menu-item-object-page menu-item-200\"><a href=\"https:\/\/sherifftest.venturacounty.gov\/es\/ab481\/\" class=\"elementor-item\">AB481<\/a><\/li>\n<li class=\"vMenu menu-item menu-item-type-post_type menu-item-object-page menu-item-199\"><a href=\"https:\/\/sherifftest.venturacounty.gov\/es\/sb1421\/\" class=\"elementor-item\">SB1421<\/a><\/li>\n<li class=\"vMenu menu-item menu-item-type-post_type menu-item-object-page menu-item-198\"><a href=\"https:\/\/sherifftest.venturacounty.gov\/es\/citizen-complaint-form\/\" class=\"elementor-item\">Formulario de queja ciudadana<\/a><\/li>\n<li class=\"vMenu menu-item menu-item-type-custom menu-item-object-custom menu-item-13397\"><a href=\"http:\/\/sherifftest.venturacounty.gov\/es\/citizen-commendation\/\" class=\"elementor-item\">Formulario de recomendaci\u00f3n ciudadana<\/a><\/li>\n<li class=\"vMenu menu-item menu-item-type-post_type menu-item-object-page menu-item-197\"><a href=\"https:\/\/sherifftest.venturacounty.gov\/es\/faq\/\" class=\"elementor-item\">Preguntas frecuentes<\/a><\/li>\n<li class=\"vMenu menu-item menu-item-type-post_type menu-item-object-page menu-item-195\"><a href=\"https:\/\/sherifftest.venturacounty.gov\/es\/transparency-dashboard\/\" class=\"elementor-item\">Paneles de transparencia<\/a><\/li>\n<li class=\"vMenu menu-item menu-item-type-custom menu-item-object-custom menu-item-208\"><a target=\"_blank\" href=\"https:\/\/s29762.pcdn.co\/wp-content\/uploads\/2020\/06\/Hiring-Training-Reporting-and-Accountability-A-VCSO-Overview.pdf\" class=\"elementor-item\">Descripci\u00f3n general de VCSO<\/a><\/li>\n<\/ul>\t\t\t<\/nav>\n\t\t\t\t\t<div class=\"elementor-menu-toggle\" role=\"button\" tabindex=\"0\" aria-label=\"Alternar men\u00fa\" aria-expanded=\"false\">\n\t\t\t<i aria-hidden=\"true\" role=\"presentation\" class=\"elementor-menu-toggle__icon--open eicon-menu-bar\"><\/i><i aria-hidden=\"true\" role=\"presentation\" class=\"elementor-menu-toggle__icon--close eicon-close\"><\/i>\t\t<\/div>\n\t\t\t\t\t<nav class=\"elementor-nav-menu--dropdown elementor-nav-menu__container\" aria-hidden=\"true\">\n\t\t\t\t<ul id=\"menu-2-102\" class=\"elementor-nav-menu sm-vertical\"><li class=\"vMenu menu-item menu-item-type-post_type menu-item-object-page menu-item-203\"><a href=\"https:\/\/sherifftest.venturacounty.gov\/es\/policies\/\" class=\"elementor-item\" tabindex=\"-1\">Pol\u00edticas<\/a><\/li>\n<li class=\"vMenu menu-item menu-item-type-post_type menu-item-object-page menu-item-202\"><a href=\"https:\/\/sherifftest.venturacounty.gov\/es\/ab748\/\" class=\"elementor-item\" tabindex=\"-1\">AB748<\/a><\/li>\n<li class=\"vMenu menu-item menu-item-type-post_type menu-item-object-page menu-item-201\"><a href=\"https:\/\/sherifftest.venturacounty.gov\/es\/ab2761\/\" class=\"elementor-item\" tabindex=\"-1\">AB2761<\/a><\/li>\n<li class=\"vMenu menu-item menu-item-type-post_type menu-item-object-page menu-item-200\"><a href=\"https:\/\/sherifftest.venturacounty.gov\/es\/ab481\/\" class=\"elementor-item\" tabindex=\"-1\">AB481<\/a><\/li>\n<li class=\"vMenu menu-item menu-item-type-post_type menu-item-object-page menu-item-199\"><a href=\"https:\/\/sherifftest.venturacounty.gov\/es\/sb1421\/\" class=\"elementor-item\" tabindex=\"-1\">SB1421<\/a><\/li>\n<li class=\"vMenu menu-item menu-item-type-post_type menu-item-object-page menu-item-198\"><a href=\"https:\/\/sherifftest.venturacounty.gov\/es\/citizen-complaint-form\/\" class=\"elementor-item\" tabindex=\"-1\">Formulario de queja ciudadana<\/a><\/li>\n<li class=\"vMenu menu-item menu-item-type-custom menu-item-object-custom menu-item-13397\"><a href=\"http:\/\/sherifftest.venturacounty.gov\/es\/citizen-commendation\/\" class=\"elementor-item\" tabindex=\"-1\">Formulario de recomendaci\u00f3n ciudadana<\/a><\/li>\n<li class=\"vMenu menu-item menu-item-type-post_type menu-item-object-page menu-item-197\"><a href=\"https:\/\/sherifftest.venturacounty.gov\/es\/faq\/\" class=\"elementor-item\" tabindex=\"-1\">Preguntas frecuentes<\/a><\/li>\n<li class=\"vMenu menu-item menu-item-type-post_type menu-item-object-page menu-item-195\"><a href=\"https:\/\/sherifftest.venturacounty.gov\/es\/transparency-dashboard\/\" class=\"elementor-item\" tabindex=\"-1\">Paneles de transparencia<\/a><\/li>\n<li class=\"vMenu menu-item menu-item-type-custom menu-item-object-custom menu-item-208\"><a target=\"_blank\" href=\"https:\/\/s29762.pcdn.co\/wp-content\/uploads\/2020\/06\/Hiring-Training-Reporting-and-Accountability-A-VCSO-Overview.pdf\" class=\"elementor-item\" tabindex=\"-1\">Descripci\u00f3n general de VCSO<\/a><\/li>\n<\/ul>\t\t\t<\/nav>\n\t\t\t\t\t\t<\/div>\n\t\t\t\t<\/div>\n\t\t\t\t<\/div>\n\t\t<div class=\"elementor-element elementor-element-526ee00 e-con-full e-flex e-con e-child\" data-id=\"526ee00\" data-element_type=\"container\" data-e-type=\"container\" data-settings=\"{&quot;jet_parallax_layout_list&quot;:[]}\">\n\t\t\t\t<div class=\"elementor-element elementor-element-cb3dae3 elementor-widget elementor-widget-text-editor\" data-id=\"cb3dae3\" data-element_type=\"widget\" data-e-type=\"widget\" data-widget_type=\"text-editor.default\">\n\t\t\t\t<div class=\"elementor-widget-container\">\n\t\t\t\t\t\t\t\t\t<p>La Oficina del Sheriff del Condado de Ventura utiliza tecnolog\u00eda de reconocimiento autom\u00e1tico de matr\u00edculas (ALPR) para localizar veh\u00edculos robados, encontrar sospechosos buscados, localizar personas desaparecidas o secuestradas y resolver delitos con mayor eficacia. El sistema captura im\u00e1genes de matr\u00edculas y veh\u00edculos en \u00e1reas p\u00fablicas y alerta a los agentes si una matr\u00edcula est\u00e1 relacionada con un delito o una persona desaparecida. La Oficina del Sheriff del Condado de Ventura utiliza sistemas ALPR tanto fijos como instalados en veh\u00edculos.<\/p>\n<p><\/p>\n<p>La Oficina del Sheriff del Condado de Ventura se compromete a utilizar la tecnolog\u00eda ALPR de manera legal y transparente, atendiendo a las inquietudes comunes expresadas por el p\u00fablico al respecto. Los sistemas ALPR operan de acuerdo con nuestra pol\u00edtica, la cual garantiza la protecci\u00f3n de la privacidad y la rendici\u00f3n de cuentas.<\/p>\t\t\t\t\t\t\t\t<\/div>\n\t\t\t\t<\/div>\n\t\t<div class=\"elementor-element elementor-element-a339708 e-con-full e-flex e-con e-child\" data-id=\"a339708\" data-element_type=\"container\" data-e-type=\"container\" data-settings=\"{&quot;jet_parallax_layout_list&quot;:[]}\">\n\t\t<div class=\"elementor-element elementor-element-031a3d0 e-grid e-con-full e-con e-child\" data-id=\"031a3d0\" data-element_type=\"container\" data-e-type=\"container\" data-settings=\"{&quot;jet_parallax_layout_list&quot;:[]}\">\n\t\t\t\t<div class=\"elementor-element elementor-element-bf67a23 elementor-widget elementor-widget-image\" data-id=\"bf67a23\" data-element_type=\"widget\" data-e-type=\"widget\" data-widget_type=\"image.default\">\n\t\t\t\t<div class=\"elementor-widget-container\">\n\t\t\t\t\t\t\t\t\t\t\t\t\t\t\t\t<a href=\"https:\/\/transparency.flocksafety.com\/ventura-county-ca-so\">\n\t\t\t\t\t\t\t<img decoding=\"async\" width=\"150\" height=\"99\" src=\"https:\/\/sherifftest.venturacounty.gov\/wp-content\/uploads\/2025\/10\/flock-150x99.jpg\" class=\"attachment-thumbnail size-thumbnail wp-image-13631\" alt=\"\" srcset=\"https:\/\/sherifftest.venturacounty.gov\/wp-content\/uploads\/2025\/10\/flock-150x99.jpg 150w, https:\/\/sherifftest.venturacounty.gov\/wp-content\/uploads\/2025\/10\/flock-18x12.jpg 18w\" sizes=\"(max-width: 150px) 100vw, 150px\" \/>\t\t\t\t\t\t\t\t<\/a>\n\t\t\t\t\t\t\t\t\t\t\t\t\t\t\t<\/div>\n\t\t\t\t<\/div>\n\t\t\t\t<div class=\"elementor-element elementor-element-f87e8eb elementor-widget elementor-widget-image\" data-id=\"f87e8eb\" data-element_type=\"widget\" data-e-type=\"widget\" data-widget_type=\"image.default\">\n\t\t\t\t<div class=\"elementor-widget-container\">\n\t\t\t\t\t\t\t\t\t\t\t\t\t\t\t\t<a href=\"http:\/\/c\">\n\t\t\t\t\t\t\t<img decoding=\"async\" width=\"101\" height=\"101\" src=\"https:\/\/sherifftest.venturacounty.gov\/wp-content\/uploads\/2025\/10\/axon.jpg\" class=\"attachment-thumbnail size-thumbnail wp-image-13632\" alt=\"\" srcset=\"https:\/\/sherifftest.venturacounty.gov\/wp-content\/uploads\/2025\/10\/axon.jpg 101w, https:\/\/sherifftest.venturacounty.gov\/wp-content\/uploads\/2025\/10\/axon-12x12.jpg 12w\" sizes=\"(max-width: 101px) 100vw, 101px\" \/>\t\t\t\t\t\t\t\t<\/a>\n\t\t\t\t\t\t\t\t\t\t\t\t\t\t\t<\/div>\n\t\t\t\t<\/div>\n\t\t\t\t<\/div>\n\t\t\t\t<\/div>\n\t\t\t\t<\/div>\n\t\t\t\t\t<\/div>\n\t\t\t\t<\/div>\n\t\t\t\t<\/div>","protected":false},"excerpt":{"rendered":"<p>The Ventura County Sheriff\u2019s Office uses mounted Automated License Plate Reader (ALPR) technology to aid in locating stolen cars, finding wanted suspects, locating missing or abducted persons, and solving crimes more efficiently. &nbsp;The system captures images of license plates and vehicles in public areas and alerts officers if a plate is associated with a crime [&hellip;]<\/p>\n","protected":false},"author":10,"featured_media":0,"parent":0,"menu_order":0,"comment_status":"closed","ping_status":"closed","template":"","meta":{"footnotes":""},"class_list":["post-13635","page","type-page","status-publish","hentry"],"_links":{"self":[{"href":"https:\/\/sherifftest.venturacounty.gov\/es\/wp-json\/wp\/v2\/pages\/13635","targetHints":{"allow":["GET"]}}],"collection":[{"href":"https:\/\/sherifftest.venturacounty.gov\/es\/wp-json\/wp\/v2\/pages"}],"about":[{"href":"https:\/\/sherifftest.venturacounty.gov\/es\/wp-json\/wp\/v2\/types\/page"}],"author":[{"embeddable":true,"href":"https:\/\/sherifftest.venturacounty.gov\/es\/wp-json\/wp\/v2\/users\/10"}],"replies":[{"embeddable":true,"href":"https:\/\/sherifftest.venturacounty.gov\/es\/wp-json\/wp\/v2\/comments?post=13635"}],"version-history":[{"count":0,"href":"https:\/\/sherifftest.venturacounty.gov\/es\/wp-json\/wp\/v2\/pages\/13635\/revisions"}],"wp:attachment":[{"href":"https:\/\/sherifftest.venturacounty.gov\/es\/wp-json\/wp\/v2\/media?parent=13635"}],"curies":[{"name":"gracias","href":"https:\/\/api.w.org\/{rel}","templated":true}]}}