{"id":150,"date":"2023-07-17T20:15:36","date_gmt":"2023-07-18T03:15:36","guid":{"rendered":"http:\/\/sherifftest.venturacounty.gov\/?page_id=150"},"modified":"2024-02-02T16:52:15","modified_gmt":"2024-02-03T00:52:15","slug":"business-office","status":"publish","type":"page","link":"https:\/\/sherifftest.venturacounty.gov\/es\/support-services\/business-office\/","title":{"rendered":"Oficina de Administraci\u00f3n Financiera"},"content":{"rendered":"<div data-elementor-type=\"wp-page\" data-elementor-id=\"150\" class=\"elementor elementor-150\" data-elementor-post-type=\"page\">\n\t\t\t\t<div class=\"elementor-element elementor-element-b8a496c e-flex e-con-boxed e-con e-parent\" data-id=\"b8a496c\" data-element_type=\"container\" data-e-type=\"container\" data-settings=\"{&quot;jet_parallax_layout_list&quot;:[]}\">\n\t\t\t\t\t<div class=\"e-con-inner\">\n\t\t\t\t<div class=\"elementor-element elementor-element-a7db847 elementor-widget elementor-widget-heading\" data-id=\"a7db847\" data-element_type=\"widget\" data-e-type=\"widget\" data-widget_type=\"heading.default\">\n\t\t\t\t<div class=\"elementor-widget-container\">\n\t\t\t\t\t<h1 class=\"elementor-heading-title elementor-size-default\">Oficina de Administraci\u00f3n Financiera<\/h1>\t\t\t\t<\/div>\n\t\t\t\t<\/div>\n\t\t\t\t\t<\/div>\n\t\t\t\t<\/div>\n\t\t<div class=\"elementor-element elementor-element-d9f46dd e-flex e-con-boxed e-con e-parent\" data-id=\"d9f46dd\" data-element_type=\"container\" data-e-type=\"container\" data-settings=\"{&quot;jet_parallax_layout_list&quot;:[]}\">\n\t\t\t\t\t<div class=\"e-con-inner\">\n\t\t<div class=\"elementor-element elementor-element-485cdd4 e-con-full e-flex e-con e-child\" data-id=\"485cdd4\" data-element_type=\"container\" data-e-type=\"container\" data-settings=\"{&quot;jet_parallax_layout_list&quot;:[]}\">\n\t\t\t\t<div class=\"elementor-element elementor-element-94fe792 elementor-nav-menu--dropdown-tablet elementor-nav-menu__text-align-aside elementor-nav-menu--toggle elementor-nav-menu--burger elementor-widget elementor-widget-nav-menu\" data-id=\"94fe792\" data-element_type=\"widget\" data-e-type=\"widget\" data-settings=\"{&quot;layout&quot;:&quot;vertical&quot;,&quot;submenu_icon&quot;:{&quot;value&quot;:&quot;&lt;i class=\\&quot;fas fa-caret-down\\&quot;&gt;&lt;\\\/i&gt;&quot;,&quot;library&quot;:&quot;fa-solid&quot;},&quot;toggle&quot;:&quot;burger&quot;}\" data-widget_type=\"nav-menu.default\">\n\t\t\t\t<div class=\"elementor-widget-container\">\n\t\t\t\t\t\t\t\t<nav aria-label=\"Men\u00fa\" class=\"elementor-nav-menu--main elementor-nav-menu__container elementor-nav-menu--layout-vertical e--pointer-background e--animation-fade\">\n\t\t\t\t<ul id=\"menu-1-94fe792\" class=\"elementor-nav-menu sm-vertical\"><li class=\"vMenu menu-item menu-item-type-post_type menu-item-object-page menu-item-155\"><a href=\"https:\/\/sherifftest.venturacounty.gov\/es\/support-services\/\" class=\"elementor-item\">Servicios de soporte<\/a><\/li>\n<li class=\"vMenu menu-item menu-item-type-post_type menu-item-object-page menu-item-160\"><a href=\"https:\/\/sherifftest.venturacounty.gov\/es\/support-services\/business-office\/\" class=\"elementor-item\">Oficina de Administraci\u00f3n Financiera<\/a><\/li>\n<li class=\"vMenu menu-item menu-item-type-post_type menu-item-object-page menu-item-159\"><a href=\"https:\/\/sherifftest.venturacounty.gov\/es\/support-services\/human-resources\/\" class=\"elementor-item\">Recursos humanos<\/a><\/li>\n<li class=\"vMenu menu-item menu-item-type-post_type menu-item-object-page menu-item-158\"><a href=\"https:\/\/sherifftest.venturacounty.gov\/es\/support-services\/internal-affairs\/\" class=\"elementor-item\">Asuntos internos<\/a><\/li>\n<li class=\"vMenu menu-item menu-item-type-post_type menu-item-object-page menu-item-157\"><a href=\"https:\/\/sherifftest.venturacounty.gov\/es\/support-services\/records-licensing\/\" class=\"elementor-item\">Registros y licencias<\/a><\/li>\n<li class=\"vMenu menu-item menu-item-type-post_type menu-item-object-page menu-item-156\"><a href=\"https:\/\/sherifftest.venturacounty.gov\/es\/support-services\/training-center\/\" class=\"elementor-item\">Centro de formaci\u00f3n<\/a><\/li>\n<\/ul>\t\t\t<\/nav>\n\t\t\t\t\t<div class=\"elementor-menu-toggle\" role=\"button\" tabindex=\"0\" aria-label=\"Alternar men\u00fa\" aria-expanded=\"false\">\n\t\t\t<i aria-hidden=\"true\" role=\"presentation\" class=\"elementor-menu-toggle__icon--open eicon-menu-bar\"><\/i><i aria-hidden=\"true\" role=\"presentation\" class=\"elementor-menu-toggle__icon--close eicon-close\"><\/i>\t\t<\/div>\n\t\t\t\t\t<nav class=\"elementor-nav-menu--dropdown elementor-nav-menu__container\" aria-hidden=\"true\">\n\t\t\t\t<ul id=\"menu-2-94fe792\" class=\"elementor-nav-menu sm-vertical\"><li class=\"vMenu menu-item menu-item-type-post_type menu-item-object-page menu-item-155\"><a href=\"https:\/\/sherifftest.venturacounty.gov\/es\/support-services\/\" class=\"elementor-item\" tabindex=\"-1\">Servicios de soporte<\/a><\/li>\n<li class=\"vMenu menu-item menu-item-type-post_type menu-item-object-page menu-item-160\"><a href=\"https:\/\/sherifftest.venturacounty.gov\/es\/support-services\/business-office\/\" class=\"elementor-item\" tabindex=\"-1\">Oficina de Administraci\u00f3n Financiera<\/a><\/li>\n<li class=\"vMenu menu-item menu-item-type-post_type menu-item-object-page menu-item-159\"><a href=\"https:\/\/sherifftest.venturacounty.gov\/es\/support-services\/human-resources\/\" class=\"elementor-item\" tabindex=\"-1\">Recursos humanos<\/a><\/li>\n<li class=\"vMenu menu-item menu-item-type-post_type menu-item-object-page menu-item-158\"><a href=\"https:\/\/sherifftest.venturacounty.gov\/es\/support-services\/internal-affairs\/\" class=\"elementor-item\" tabindex=\"-1\">Asuntos internos<\/a><\/li>\n<li class=\"vMenu menu-item menu-item-type-post_type menu-item-object-page menu-item-157\"><a href=\"https:\/\/sherifftest.venturacounty.gov\/es\/support-services\/records-licensing\/\" class=\"elementor-item\" tabindex=\"-1\">Registros y licencias<\/a><\/li>\n<li class=\"vMenu menu-item menu-item-type-post_type menu-item-object-page menu-item-156\"><a href=\"https:\/\/sherifftest.venturacounty.gov\/es\/support-services\/training-center\/\" class=\"elementor-item\" tabindex=\"-1\">Centro de formaci\u00f3n<\/a><\/li>\n<\/ul>\t\t\t<\/nav>\n\t\t\t\t\t\t<\/div>\n\t\t\t\t<\/div>\n\t\t\t\t<\/div>\n\t\t<div class=\"elementor-element elementor-element-9a80528 e-flex e-con-boxed e-con e-child\" data-id=\"9a80528\" data-element_type=\"container\" data-e-type=\"container\" data-settings=\"{&quot;jet_parallax_layout_list&quot;:[]}\">\n\t\t\t\t\t<div class=\"e-con-inner\">\n\t\t\t\t<div class=\"elementor-element elementor-element-5dd3a47 elementor-widget elementor-widget-image\" data-id=\"5dd3a47\" data-element_type=\"widget\" data-e-type=\"widget\" data-widget_type=\"image.default\">\n\t\t\t\t<div class=\"elementor-widget-container\">\n\t\t\t\t\t\t\t\t\t\t\t\t\t\t\t<img fetchpriority=\"high\" decoding=\"async\" width=\"800\" height=\"355\" src=\"https:\/\/sherifftest.venturacounty.gov\/wp-content\/uploads\/2023\/11\/DSC_1516-F-49-1024x455.jpg\" class=\"attachment-large size-large wp-image-12145\" alt=\"Financial Administration Bureau Employees\" srcset=\"https:\/\/sherifftest.venturacounty.gov\/wp-content\/uploads\/2023\/11\/DSC_1516-F-49-1024x455.jpg 1024w, https:\/\/sherifftest.venturacounty.gov\/wp-content\/uploads\/2023\/11\/DSC_1516-F-49-480x213.jpg 480w, https:\/\/sherifftest.venturacounty.gov\/wp-content\/uploads\/2023\/11\/DSC_1516-F-49-768x341.jpg 768w, https:\/\/sherifftest.venturacounty.gov\/wp-content\/uploads\/2023\/11\/DSC_1516-F-49-1536x683.jpg 1536w, https:\/\/sherifftest.venturacounty.gov\/wp-content\/uploads\/2023\/11\/DSC_1516-F-49-2048x910.jpg 2048w\" sizes=\"(max-width: 800px) 100vw, 800px\" \/>\t\t\t\t\t\t\t\t\t\t\t\t\t\t\t<\/div>\n\t\t\t\t<\/div>\n\t\t\t\t<div class=\"elementor-element elementor-element-e757c76 elementor-widget elementor-widget-text-editor\" data-id=\"e757c76\" data-element_type=\"widget\" data-e-type=\"widget\" data-widget_type=\"text-editor.default\">\n\t\t\t\t<div class=\"elementor-widget-container\">\n\t\t\t\t\t\t\t\t\t<p>La Oficina de Administraci\u00f3n Financiera, con un personal de 16 personas, es responsable de la contabilidad y el an\u00e1lisis financiero del Departamento, que son esenciales para el funcionamiento ordenado y la debida diligencia de la organizaci\u00f3n. Las funciones incluyen, entre otras: presupuestos, proyecciones, auditor\u00edas, facturaci\u00f3n, desarrollo de tarifas, n\u00f3mina, cuentas por cobrar, cuentas por pagar, requisiciones, fideicomisos, comisariato de la c\u00e1rcel, fondo de bienestar de los reclusos, recuentos de efectivo, conciliaciones, an\u00e1lisis de fondos de servicios internos, contabilidad e informes de subvenciones, auditor\u00edas de programas federales y estatales, desarrollo de contratos y monitoreo financiero general. Adem\u00e1s, se dedica una cantidad sustancial de tiempo a interactuar con la oficina del Auditor-Contralor, la Oficina del Director Ejecutivo, las cinco ciudades contratadas y los Tribunales. La Oficina Comercial tiene responsabilidades de supervisi\u00f3n de un presupuesto de fondo general que actualmente supera los $220,000,000 con ingresos de compensaci\u00f3n asociados de aproximadamente $108,000,000. Adem\u00e1s, varios fideicomisos y el comisariato\/bienestar de los reclusos representan otros $13.500.000 en responsabilidades fiscales.<\/p>\t\t\t\t\t\t\t\t<\/div>\n\t\t\t\t<\/div>\n\t\t\t\t\t<\/div>\n\t\t\t\t<\/div>\n\t\t\t\t\t<\/div>\n\t\t\t\t<\/div>\n\t\t\t\t<\/div>","protected":false},"excerpt":{"rendered":"<p>The Financial Administration Bureau, with a staff of 16, is responsible for the Department\u2019s accounting and financial analysis which is essential to the orderly operation and due diligence of the organization. Functions include, but are not limited to: budgets, projections, audits, invoicing, rate development, payroll, accounts receivables, accounts payables, requisitions, trusts, jail commissary, inmate welfare [&hellip;]<\/p>\n","protected":false},"author":6,"featured_media":0,"parent":149,"menu_order":0,"comment_status":"closed","ping_status":"closed","template":"","meta":{"footnotes":""},"class_list":["post-150","page","type-page","status-publish","hentry"],"_links":{"self":[{"href":"https:\/\/sherifftest.venturacounty.gov\/es\/wp-json\/wp\/v2\/pages\/150","targetHints":{"allow":["GET"]}}],"collection":[{"href":"https:\/\/sherifftest.venturacounty.gov\/es\/wp-json\/wp\/v2\/pages"}],"about":[{"href":"https:\/\/sherifftest.venturacounty.gov\/es\/wp-json\/wp\/v2\/types\/page"}],"author":[{"embeddable":true,"href":"https:\/\/sherifftest.venturacounty.gov\/es\/wp-json\/wp\/v2\/users\/6"}],"replies":[{"embeddable":true,"href":"https:\/\/sherifftest.venturacounty.gov\/es\/wp-json\/wp\/v2\/comments?post=150"}],"version-history":[{"count":0,"href":"https:\/\/sherifftest.venturacounty.gov\/es\/wp-json\/wp\/v2\/pages\/150\/revisions"}],"up":[{"embeddable":true,"href":"https:\/\/sherifftest.venturacounty.gov\/es\/wp-json\/wp\/v2\/pages\/149"}],"wp:attachment":[{"href":"https:\/\/sherifftest.venturacounty.gov\/es\/wp-json\/wp\/v2\/media?parent=150"}],"curies":[{"name":"gracias","href":"https:\/\/api.w.org\/{rel}","templated":true}]}}