{"id":151,"date":"2023-07-17T20:15:57","date_gmt":"2023-07-18T03:15:57","guid":{"rendered":"http:\/\/sherifftest.venturacounty.gov\/?page_id=151"},"modified":"2025-05-28T14:45:45","modified_gmt":"2025-05-28T21:45:45","slug":"human-resources","status":"publish","type":"page","link":"https:\/\/sherifftest.venturacounty.gov\/es\/support-services\/human-resources\/","title":{"rendered":"Recursos humanos"},"content":{"rendered":"<div data-elementor-type=\"wp-page\" data-elementor-id=\"151\" class=\"elementor elementor-151\" data-elementor-post-type=\"page\">\n\t\t\t\t<div class=\"elementor-element elementor-element-b8a496c e-flex e-con-boxed e-con e-parent\" data-id=\"b8a496c\" data-element_type=\"container\" data-e-type=\"container\" data-settings=\"{&quot;jet_parallax_layout_list&quot;:[]}\">\n\t\t\t\t\t<div class=\"e-con-inner\">\n\t\t\t\t<div class=\"elementor-element elementor-element-a7db847 elementor-widget elementor-widget-heading\" data-id=\"a7db847\" data-element_type=\"widget\" data-e-type=\"widget\" data-widget_type=\"heading.default\">\n\t\t\t\t<div class=\"elementor-widget-container\">\n\t\t\t\t\t<h1 class=\"elementor-heading-title elementor-size-default\">Recursos humanos<\/h1>\t\t\t\t<\/div>\n\t\t\t\t<\/div>\n\t\t\t\t\t<\/div>\n\t\t\t\t<\/div>\n\t\t<div class=\"elementor-element elementor-element-d9f46dd e-flex e-con-boxed e-con e-parent\" data-id=\"d9f46dd\" data-element_type=\"container\" data-e-type=\"container\" data-settings=\"{&quot;jet_parallax_layout_list&quot;:[]}\">\n\t\t\t\t\t<div class=\"e-con-inner\">\n\t\t<div class=\"elementor-element elementor-element-485cdd4 e-con-full e-flex e-con e-child\" data-id=\"485cdd4\" data-element_type=\"container\" data-e-type=\"container\" data-settings=\"{&quot;jet_parallax_layout_list&quot;:[]}\">\n\t\t\t\t<div class=\"elementor-element elementor-element-94fe792 elementor-nav-menu--dropdown-tablet elementor-nav-menu__text-align-aside elementor-nav-menu--toggle elementor-nav-menu--burger elementor-widget elementor-widget-nav-menu\" data-id=\"94fe792\" data-element_type=\"widget\" data-e-type=\"widget\" data-settings=\"{&quot;layout&quot;:&quot;vertical&quot;,&quot;submenu_icon&quot;:{&quot;value&quot;:&quot;&lt;i class=\\&quot;fas fa-caret-down\\&quot;&gt;&lt;\\\/i&gt;&quot;,&quot;library&quot;:&quot;fa-solid&quot;},&quot;toggle&quot;:&quot;burger&quot;}\" data-widget_type=\"nav-menu.default\">\n\t\t\t\t<div class=\"elementor-widget-container\">\n\t\t\t\t\t\t\t\t<nav aria-label=\"Men\u00fa\" class=\"elementor-nav-menu--main elementor-nav-menu__container elementor-nav-menu--layout-vertical e--pointer-background e--animation-fade\">\n\t\t\t\t<ul id=\"menu-1-94fe792\" class=\"elementor-nav-menu sm-vertical\"><li class=\"vMenu menu-item menu-item-type-post_type menu-item-object-page menu-item-155\"><a href=\"https:\/\/sherifftest.venturacounty.gov\/es\/support-services\/\" class=\"elementor-item\">Servicios de soporte<\/a><\/li>\n<li class=\"vMenu menu-item menu-item-type-post_type menu-item-object-page menu-item-160\"><a href=\"https:\/\/sherifftest.venturacounty.gov\/es\/support-services\/business-office\/\" class=\"elementor-item\">Oficina de Administraci\u00f3n Financiera<\/a><\/li>\n<li class=\"vMenu menu-item menu-item-type-post_type menu-item-object-page menu-item-159\"><a href=\"https:\/\/sherifftest.venturacounty.gov\/es\/support-services\/human-resources\/\" class=\"elementor-item\">Recursos humanos<\/a><\/li>\n<li class=\"vMenu menu-item menu-item-type-post_type menu-item-object-page menu-item-158\"><a href=\"https:\/\/sherifftest.venturacounty.gov\/es\/support-services\/internal-affairs\/\" class=\"elementor-item\">Asuntos internos<\/a><\/li>\n<li class=\"vMenu menu-item menu-item-type-post_type menu-item-object-page menu-item-157\"><a href=\"https:\/\/sherifftest.venturacounty.gov\/es\/support-services\/records-licensing\/\" class=\"elementor-item\">Registros y licencias<\/a><\/li>\n<li class=\"vMenu menu-item menu-item-type-post_type menu-item-object-page menu-item-156\"><a href=\"https:\/\/sherifftest.venturacounty.gov\/es\/support-services\/training-center\/\" class=\"elementor-item\">Centro de formaci\u00f3n<\/a><\/li>\n<\/ul>\t\t\t<\/nav>\n\t\t\t\t\t<div class=\"elementor-menu-toggle\" role=\"button\" tabindex=\"0\" aria-label=\"Alternar men\u00fa\" aria-expanded=\"false\">\n\t\t\t<i aria-hidden=\"true\" role=\"presentation\" class=\"elementor-menu-toggle__icon--open eicon-menu-bar\"><\/i><i aria-hidden=\"true\" role=\"presentation\" class=\"elementor-menu-toggle__icon--close eicon-close\"><\/i>\t\t<\/div>\n\t\t\t\t\t<nav class=\"elementor-nav-menu--dropdown elementor-nav-menu__container\" aria-hidden=\"true\">\n\t\t\t\t<ul id=\"menu-2-94fe792\" class=\"elementor-nav-menu sm-vertical\"><li class=\"vMenu menu-item menu-item-type-post_type menu-item-object-page menu-item-155\"><a href=\"https:\/\/sherifftest.venturacounty.gov\/es\/support-services\/\" class=\"elementor-item\" tabindex=\"-1\">Servicios de soporte<\/a><\/li>\n<li class=\"vMenu menu-item menu-item-type-post_type menu-item-object-page menu-item-160\"><a href=\"https:\/\/sherifftest.venturacounty.gov\/es\/support-services\/business-office\/\" class=\"elementor-item\" tabindex=\"-1\">Oficina de Administraci\u00f3n Financiera<\/a><\/li>\n<li class=\"vMenu menu-item menu-item-type-post_type menu-item-object-page menu-item-159\"><a href=\"https:\/\/sherifftest.venturacounty.gov\/es\/support-services\/human-resources\/\" class=\"elementor-item\" tabindex=\"-1\">Recursos humanos<\/a><\/li>\n<li class=\"vMenu menu-item menu-item-type-post_type menu-item-object-page menu-item-158\"><a href=\"https:\/\/sherifftest.venturacounty.gov\/es\/support-services\/internal-affairs\/\" class=\"elementor-item\" tabindex=\"-1\">Asuntos internos<\/a><\/li>\n<li class=\"vMenu menu-item menu-item-type-post_type menu-item-object-page menu-item-157\"><a href=\"https:\/\/sherifftest.venturacounty.gov\/es\/support-services\/records-licensing\/\" class=\"elementor-item\" tabindex=\"-1\">Registros y licencias<\/a><\/li>\n<li class=\"vMenu menu-item menu-item-type-post_type menu-item-object-page menu-item-156\"><a href=\"https:\/\/sherifftest.venturacounty.gov\/es\/support-services\/training-center\/\" class=\"elementor-item\" tabindex=\"-1\">Centro de formaci\u00f3n<\/a><\/li>\n<\/ul>\t\t\t<\/nav>\n\t\t\t\t\t\t<\/div>\n\t\t\t\t<\/div>\n\t\t\t\t<\/div>\n\t\t<div class=\"elementor-element elementor-element-9a80528 e-flex e-con-boxed e-con e-child\" data-id=\"9a80528\" data-element_type=\"container\" data-e-type=\"container\" data-settings=\"{&quot;jet_parallax_layout_list&quot;:[]}\">\n\t\t\t\t\t<div class=\"e-con-inner\">\n\t\t\t\t<div class=\"elementor-element elementor-element-5dd3a47 elementor-widget elementor-widget-image\" data-id=\"5dd3a47\" data-element_type=\"widget\" data-e-type=\"widget\" data-widget_type=\"image.default\">\n\t\t\t\t<div class=\"elementor-widget-container\">\n\t\t\t\t\t\t\t\t\t\t\t\t\t\t\t<img fetchpriority=\"high\" decoding=\"async\" width=\"800\" height=\"534\" src=\"https:\/\/sherifftest.venturacounty.gov\/wp-content\/uploads\/2025\/05\/DSC_0376-HR-Team-Photo-May-2025-1024x683.jpg\" class=\"attachment-large size-large wp-image-13465\" alt=\"\" srcset=\"https:\/\/sherifftest.venturacounty.gov\/wp-content\/uploads\/2025\/05\/DSC_0376-HR-Team-Photo-May-2025-1024x683.jpg 1024w, https:\/\/sherifftest.venturacounty.gov\/wp-content\/uploads\/2025\/05\/DSC_0376-HR-Team-Photo-May-2025-480x320.jpg 480w, https:\/\/sherifftest.venturacounty.gov\/wp-content\/uploads\/2025\/05\/DSC_0376-HR-Team-Photo-May-2025-768x512.jpg 768w, https:\/\/sherifftest.venturacounty.gov\/wp-content\/uploads\/2025\/05\/DSC_0376-HR-Team-Photo-May-2025-1536x1024.jpg 1536w, https:\/\/sherifftest.venturacounty.gov\/wp-content\/uploads\/2025\/05\/DSC_0376-HR-Team-Photo-May-2025-2048x1365.jpg 2048w, https:\/\/sherifftest.venturacounty.gov\/wp-content\/uploads\/2025\/05\/DSC_0376-HR-Team-Photo-May-2025-18x12.jpg 18w\" sizes=\"(max-width: 800px) 100vw, 800px\" \/>\t\t\t\t\t\t\t\t\t\t\t\t\t\t\t<\/div>\n\t\t\t\t<\/div>\n\t\t\t\t<div class=\"elementor-element elementor-element-e757c76 elementor-widget elementor-widget-text-editor\" data-id=\"e757c76\" data-element_type=\"widget\" data-e-type=\"widget\" data-widget_type=\"text-editor.default\">\n\t\t\t\t<div class=\"elementor-widget-container\">\n\t\t\t\t\t\t\t\t\t<p>La Oficina del Sheriff del Condado de Ventura est\u00e1 compuesta por personal juramentado y empleados profesionales que trabajan juntos para cumplir la misi\u00f3n de la Oficina del Sheriff del Condado de Ventura.<\/p><p>Los empleados de la Oficina del Sheriff del Condado de Ventura deben respetar los m\u00e1s altos est\u00e1ndares de integridad y buen car\u00e1cter moral. Debido a las responsabilidades que se les asignan a los agentes del orden p\u00fablico y al requisito absoluto de la confianza p\u00fablica, todos los posibles empleados deben someterse a un riguroso proceso de evaluaci\u00f3n y examen de antecedentes, que incluye una declaraci\u00f3n detallada de su historia personal y, para puestos espec\u00edficos, pruebas psicol\u00f3gicas y un pol\u00edgrafo.<\/p><p>Si necesita m\u00e1s informaci\u00f3n, comun\u00edquese con nosotros a: Oficina del Sheriff del Condado de Ventura, 800 South Victoria Avenue, Ventura, CA 93009 (805) 654-2375.<\/p><p>La Oficina del Sheriff del Condado de Ventura es un empleador que ofrece igualdad de oportunidades; se anima a todos los candidatos calificados a postularse.<\/p><p class=\"MsoNormal\">Animamos a los empleados del Sheriff del Condado de Ventura a aportar su esencia y perspectiva individual al trabajo. Nos comprometemos a garantizar que todos los empleados tengan la oportunidad de ser valorados y reconocidos por sus talentos \u00fanicos. Aceptamos la diversidad y la aprovechamos para brindar un servicio innovador a las comunidades a las que servimos. Si desea una carrera significativa en el servicio p\u00fablico y la oportunidad de marcar la diferencia tanto en el trabajo como en su comunidad, considere trabajar con nosotros.<\/p>\t\t\t\t\t\t\t\t<\/div>\n\t\t\t\t<\/div>\n\t\t\t\t\t<\/div>\n\t\t\t\t<\/div>\n\t\t\t\t\t<\/div>\n\t\t\t\t<\/div>\n\t\t\t\t<\/div>","protected":false},"excerpt":{"rendered":"<p>The Ventura County Sheriff\u2019s Office is comprised of both sworn personnel and professional employees working together to serve the mission of the Ventura County Sheriff\u2019s Office. The employees of the Ventura County Sheriff\u2019s Office are held to the highest standard of integrity and good moral character. Because of the responsibilities bestowed upon law enforcement personnel [&hellip;]<\/p>\n","protected":false},"author":6,"featured_media":0,"parent":149,"menu_order":0,"comment_status":"closed","ping_status":"closed","template":"","meta":{"footnotes":""},"class_list":["post-151","page","type-page","status-publish","hentry"],"_links":{"self":[{"href":"https:\/\/sherifftest.venturacounty.gov\/es\/wp-json\/wp\/v2\/pages\/151","targetHints":{"allow":["GET"]}}],"collection":[{"href":"https:\/\/sherifftest.venturacounty.gov\/es\/wp-json\/wp\/v2\/pages"}],"about":[{"href":"https:\/\/sherifftest.venturacounty.gov\/es\/wp-json\/wp\/v2\/types\/page"}],"author":[{"embeddable":true,"href":"https:\/\/sherifftest.venturacounty.gov\/es\/wp-json\/wp\/v2\/users\/6"}],"replies":[{"embeddable":true,"href":"https:\/\/sherifftest.venturacounty.gov\/es\/wp-json\/wp\/v2\/comments?post=151"}],"version-history":[{"count":0,"href":"https:\/\/sherifftest.venturacounty.gov\/es\/wp-json\/wp\/v2\/pages\/151\/revisions"}],"up":[{"embeddable":true,"href":"https:\/\/sherifftest.venturacounty.gov\/es\/wp-json\/wp\/v2\/pages\/149"}],"wp:attachment":[{"href":"https:\/\/sherifftest.venturacounty.gov\/es\/wp-json\/wp\/v2\/media?parent=151"}],"curies":[{"name":"gracias","href":"https:\/\/api.w.org\/{rel}","templated":true}]}}