{"id":170,"date":"2023-07-17T20:56:25","date_gmt":"2023-07-18T03:56:25","guid":{"rendered":"http:\/\/sherifftest.venturacounty.gov\/?page_id=170"},"modified":"2024-02-02T16:27:48","modified_gmt":"2024-02-03T00:27:48","slug":"east-county-jail","status":"publish","type":"page","link":"https:\/\/sherifftest.venturacounty.gov\/es\/detention-services\/east-county-jail\/","title":{"rendered":"C\u00e1rcel del este del condado"},"content":{"rendered":"<div data-elementor-type=\"wp-page\" data-elementor-id=\"170\" class=\"elementor elementor-170\" data-elementor-post-type=\"page\">\n\t\t\t\t<div class=\"elementor-element elementor-element-b8a496c e-flex e-con-boxed e-con e-parent\" data-id=\"b8a496c\" data-element_type=\"container\" data-e-type=\"container\" data-settings=\"{&quot;jet_parallax_layout_list&quot;:[]}\">\n\t\t\t\t\t<div class=\"e-con-inner\">\n\t\t\t\t<div class=\"elementor-element elementor-element-a7db847 elementor-widget elementor-widget-heading\" data-id=\"a7db847\" data-element_type=\"widget\" data-e-type=\"widget\" data-widget_type=\"heading.default\">\n\t\t\t\t<div class=\"elementor-widget-container\">\n\t\t\t\t\t<h1 class=\"elementor-heading-title elementor-size-default\">C\u00e1rcel del este del condado<\/h1>\t\t\t\t<\/div>\n\t\t\t\t<\/div>\n\t\t\t\t\t<\/div>\n\t\t\t\t<\/div>\n\t\t<div class=\"elementor-element elementor-element-d9f46dd e-flex e-con-boxed e-con e-parent\" data-id=\"d9f46dd\" data-element_type=\"container\" data-e-type=\"container\" data-settings=\"{&quot;jet_parallax_layout_list&quot;:[]}\">\n\t\t\t\t\t<div class=\"e-con-inner\">\n\t\t<div class=\"elementor-element elementor-element-485cdd4 e-con-full e-flex e-con e-child\" data-id=\"485cdd4\" data-element_type=\"container\" data-e-type=\"container\" data-settings=\"{&quot;jet_parallax_layout_list&quot;:[]}\">\n\t\t\t\t<div class=\"elementor-element elementor-element-94fe792 elementor-nav-menu--dropdown-tablet elementor-nav-menu__text-align-aside elementor-nav-menu--toggle elementor-nav-menu--burger elementor-widget elementor-widget-nav-menu\" data-id=\"94fe792\" data-element_type=\"widget\" data-e-type=\"widget\" data-settings=\"{&quot;layout&quot;:&quot;vertical&quot;,&quot;submenu_icon&quot;:{&quot;value&quot;:&quot;&lt;i class=\\&quot;fas fa-caret-down\\&quot;&gt;&lt;\\\/i&gt;&quot;,&quot;library&quot;:&quot;fa-solid&quot;},&quot;toggle&quot;:&quot;burger&quot;}\" data-widget_type=\"nav-menu.default\">\n\t\t\t\t<div class=\"elementor-widget-container\">\n\t\t\t\t\t\t\t\t<nav aria-label=\"Men\u00fa\" class=\"elementor-nav-menu--main elementor-nav-menu__container elementor-nav-menu--layout-vertical e--pointer-background e--animation-fade\">\n\t\t\t\t<ul id=\"menu-1-94fe792\" class=\"elementor-nav-menu sm-vertical\"><li class=\"vMenu menu-item menu-item-type-post_type menu-item-object-page menu-item-173\"><a href=\"https:\/\/sherifftest.venturacounty.gov\/es\/detention-services\/\" class=\"elementor-item\">Servicios de detenci\u00f3n<\/a><\/li>\n<li class=\"vMenu menu-item menu-item-type-post_type menu-item-object-page menu-item-177\"><a href=\"https:\/\/sherifftest.venturacounty.gov\/es\/detention-services\/court-services\/\" class=\"elementor-item\">Servicios judiciales<\/a><\/li>\n<li class=\"vMenu menu-item menu-item-type-custom menu-item-object-custom menu-item-13270\"><a href=\"http:\/\/sherifftest.venturacounty.gov\/es\/public-resources\/civil-process\/\" class=\"elementor-item\">Proceso Civil<\/a><\/li>\n<li class=\"vMenu menu-item menu-item-type-post_type menu-item-object-page menu-item-176\"><a href=\"https:\/\/sherifftest.venturacounty.gov\/es\/detention-services\/east-county-jail\/\" class=\"elementor-item\">C\u00e1rcel del este del condado<\/a><\/li>\n<li class=\"vMenu menu-item menu-item-type-post_type menu-item-object-page menu-item-175\"><a href=\"https:\/\/sherifftest.venturacounty.gov\/es\/detention-services\/pre-trial-detention-facility\/\" class=\"elementor-item\">Centro de detenci\u00f3n preventiva<\/a><\/li>\n<li class=\"vMenu menu-item menu-item-type-post_type menu-item-object-page menu-item-174\"><a href=\"https:\/\/sherifftest.venturacounty.gov\/es\/detention-services\/todd-road-jail\/\" class=\"elementor-item\">C\u00e1rcel de Todd Road<\/a><\/li>\n<li class=\"vMenu menu-item menu-item-type-post_type menu-item-object-page menu-item-446\"><a href=\"https:\/\/sherifftest.venturacounty.gov\/es\/health-and-programming-unit\/\" class=\"elementor-item\">Unidad de Salud y Programaci\u00f3n<\/a><\/li>\n<li class=\"vMenu menu-item menu-item-type-custom menu-item-object-custom menu-item-453\"><a target=\"_blank\" href=\"http:\/\/sherifftest.venturacounty.gov\/es\/?page_id=12294&#038;preview=true\" class=\"elementor-item\">Unidad de Monitoreo Electr\u00f3nico<\/a><\/li>\n<\/ul>\t\t\t<\/nav>\n\t\t\t\t\t<div class=\"elementor-menu-toggle\" role=\"button\" tabindex=\"0\" aria-label=\"Alternar men\u00fa\" aria-expanded=\"false\">\n\t\t\t<i aria-hidden=\"true\" role=\"presentation\" class=\"elementor-menu-toggle__icon--open eicon-menu-bar\"><\/i><i aria-hidden=\"true\" role=\"presentation\" class=\"elementor-menu-toggle__icon--close eicon-close\"><\/i>\t\t<\/div>\n\t\t\t\t\t<nav class=\"elementor-nav-menu--dropdown elementor-nav-menu__container\" aria-hidden=\"true\">\n\t\t\t\t<ul id=\"menu-2-94fe792\" class=\"elementor-nav-menu sm-vertical\"><li class=\"vMenu menu-item menu-item-type-post_type menu-item-object-page menu-item-173\"><a href=\"https:\/\/sherifftest.venturacounty.gov\/es\/detention-services\/\" class=\"elementor-item\" tabindex=\"-1\">Servicios de detenci\u00f3n<\/a><\/li>\n<li class=\"vMenu menu-item menu-item-type-post_type menu-item-object-page menu-item-177\"><a href=\"https:\/\/sherifftest.venturacounty.gov\/es\/detention-services\/court-services\/\" class=\"elementor-item\" tabindex=\"-1\">Servicios judiciales<\/a><\/li>\n<li class=\"vMenu menu-item menu-item-type-custom menu-item-object-custom menu-item-13270\"><a href=\"http:\/\/sherifftest.venturacounty.gov\/es\/public-resources\/civil-process\/\" class=\"elementor-item\" tabindex=\"-1\">Proceso Civil<\/a><\/li>\n<li class=\"vMenu menu-item menu-item-type-post_type menu-item-object-page menu-item-176\"><a href=\"https:\/\/sherifftest.venturacounty.gov\/es\/detention-services\/east-county-jail\/\" class=\"elementor-item\" tabindex=\"-1\">C\u00e1rcel del este del condado<\/a><\/li>\n<li class=\"vMenu menu-item menu-item-type-post_type menu-item-object-page menu-item-175\"><a href=\"https:\/\/sherifftest.venturacounty.gov\/es\/detention-services\/pre-trial-detention-facility\/\" class=\"elementor-item\" tabindex=\"-1\">Centro de detenci\u00f3n preventiva<\/a><\/li>\n<li class=\"vMenu menu-item menu-item-type-post_type menu-item-object-page menu-item-174\"><a href=\"https:\/\/sherifftest.venturacounty.gov\/es\/detention-services\/todd-road-jail\/\" class=\"elementor-item\" tabindex=\"-1\">C\u00e1rcel de Todd Road<\/a><\/li>\n<li class=\"vMenu menu-item menu-item-type-post_type menu-item-object-page menu-item-446\"><a href=\"https:\/\/sherifftest.venturacounty.gov\/es\/health-and-programming-unit\/\" class=\"elementor-item\" tabindex=\"-1\">Unidad de Salud y Programaci\u00f3n<\/a><\/li>\n<li class=\"vMenu menu-item menu-item-type-custom menu-item-object-custom menu-item-453\"><a target=\"_blank\" href=\"http:\/\/sherifftest.venturacounty.gov\/es\/?page_id=12294&#038;preview=true\" class=\"elementor-item\" tabindex=\"-1\">Unidad de Monitoreo Electr\u00f3nico<\/a><\/li>\n<\/ul>\t\t\t<\/nav>\n\t\t\t\t\t\t<\/div>\n\t\t\t\t<\/div>\n\t\t\t\t<\/div>\n\t\t<div class=\"elementor-element elementor-element-9a80528 e-flex e-con-boxed e-con e-child\" data-id=\"9a80528\" data-element_type=\"container\" data-e-type=\"container\" data-settings=\"{&quot;jet_parallax_layout_list&quot;:[]}\">\n\t\t\t\t\t<div class=\"e-con-inner\">\n\t\t\t\t<div class=\"elementor-element elementor-element-5dd3a47 elementor-widget elementor-widget-image\" data-id=\"5dd3a47\" data-element_type=\"widget\" data-e-type=\"widget\" data-widget_type=\"image.default\">\n\t\t\t\t<div class=\"elementor-widget-container\">\n\t\t\t\t\t\t\t\t\t\t\t\t\t\t\t<img fetchpriority=\"high\" decoding=\"async\" width=\"800\" height=\"355\" src=\"https:\/\/sherifftest.venturacounty.gov\/wp-content\/uploads\/2023\/11\/DSC_0104-F-49-1024x455.jpg\" class=\"attachment-large size-large wp-image-12047\" alt=\"\" srcset=\"https:\/\/sherifftest.venturacounty.gov\/wp-content\/uploads\/2023\/11\/DSC_0104-F-49-1024x455.jpg 1024w, https:\/\/sherifftest.venturacounty.gov\/wp-content\/uploads\/2023\/11\/DSC_0104-F-49-480x213.jpg 480w, https:\/\/sherifftest.venturacounty.gov\/wp-content\/uploads\/2023\/11\/DSC_0104-F-49-768x341.jpg 768w, https:\/\/sherifftest.venturacounty.gov\/wp-content\/uploads\/2023\/11\/DSC_0104-F-49-1536x683.jpg 1536w, https:\/\/sherifftest.venturacounty.gov\/wp-content\/uploads\/2023\/11\/DSC_0104-F-49-2048x910.jpg 2048w\" sizes=\"(max-width: 800px) 100vw, 800px\" \/>\t\t\t\t\t\t\t\t\t\t\t\t\t\t\t<\/div>\n\t\t\t\t<\/div>\n\t\t\t\t<div class=\"elementor-element elementor-element-e757c76 elementor-widget elementor-widget-text-editor\" data-id=\"e757c76\" data-element_type=\"widget\" data-e-type=\"widget\" data-widget_type=\"text-editor.default\">\n\t\t\t\t<div class=\"elementor-widget-container\">\n\t\t\t\t\t\t\t\t\t<p>La instalaci\u00f3n de la c\u00e1rcel del este del condado est\u00e1 ubicada en la estaci\u00f3n de patrulla del este del condado del alguacil del condado de Ventura (2101 E. Olsen Road, Thousand Oaks). La c\u00e1rcel del este del condado est\u00e1 abierta las 24 horas del d\u00eda. Esta c\u00e1rcel funciona como un centro de reserva y alojamiento. El personal de la instalaci\u00f3n aceptar\u00e1 fianzas y dep\u00f3sitos para cualquier persona detenida bajo la custodia del alguacil del condado de Ventura. Se permiten visitas para reclusos en espera de juicio de 8 a. m. a 5 p. m. de lunes a viernes. Se permiten visitas para reclusos alojados de 4 p. m. a 8 p. m. de lunes a viernes y de 8 a. m. a 5 p. m. s\u00e1bados y domingos.<\/p><p>Para cualquier pregunta sobre una persona detenida en la c\u00e1rcel de East Valley, puede llamar al 805-494-8242.<\/p>\t\t\t\t\t\t\t\t<\/div>\n\t\t\t\t<\/div>\n\t\t\t\t\t<\/div>\n\t\t\t\t<\/div>\n\t\t\t\t\t<\/div>\n\t\t\t\t<\/div>\n\t\t\t\t<\/div>","protected":false},"excerpt":{"rendered":"<p>The East County Jail Facility is located at the Ventura County Sheriff \u2013 East County Patrol Station (2101 E. Olsen Road, Thousand Oaks) The East County Jail is open 24 hours a day. This jail operates as a booking and housing facility. Staff at the facility will accept bail bonds and deposits for any person [&hellip;]<\/p>\n","protected":false},"author":6,"featured_media":0,"parent":168,"menu_order":0,"comment_status":"closed","ping_status":"closed","template":"","meta":{"footnotes":""},"class_list":["post-170","page","type-page","status-publish","hentry"],"_links":{"self":[{"href":"https:\/\/sherifftest.venturacounty.gov\/es\/wp-json\/wp\/v2\/pages\/170","targetHints":{"allow":["GET"]}}],"collection":[{"href":"https:\/\/sherifftest.venturacounty.gov\/es\/wp-json\/wp\/v2\/pages"}],"about":[{"href":"https:\/\/sherifftest.venturacounty.gov\/es\/wp-json\/wp\/v2\/types\/page"}],"author":[{"embeddable":true,"href":"https:\/\/sherifftest.venturacounty.gov\/es\/wp-json\/wp\/v2\/users\/6"}],"replies":[{"embeddable":true,"href":"https:\/\/sherifftest.venturacounty.gov\/es\/wp-json\/wp\/v2\/comments?post=170"}],"version-history":[{"count":0,"href":"https:\/\/sherifftest.venturacounty.gov\/es\/wp-json\/wp\/v2\/pages\/170\/revisions"}],"up":[{"embeddable":true,"href":"https:\/\/sherifftest.venturacounty.gov\/es\/wp-json\/wp\/v2\/pages\/168"}],"wp:attachment":[{"href":"https:\/\/sherifftest.venturacounty.gov\/es\/wp-json\/wp\/v2\/media?parent=170"}],"curies":[{"name":"gracias","href":"https:\/\/api.w.org\/{rel}","templated":true}]}}