{"id":187,"date":"2023-07-18T14:31:31","date_gmt":"2023-07-18T21:31:31","guid":{"rendered":"http:\/\/sherifftest.venturacounty.gov\/?page_id=187"},"modified":"2023-08-31T16:08:27","modified_gmt":"2023-08-31T23:08:27","slug":"ab748","status":"publish","type":"page","link":"https:\/\/sherifftest.venturacounty.gov\/es\/ab748\/","title":{"rendered":"AB748"},"content":{"rendered":"<div data-elementor-type=\"wp-page\" data-elementor-id=\"187\" class=\"elementor elementor-187\" data-elementor-post-type=\"page\">\n\t\t\t\t<div class=\"elementor-element elementor-element-b8a496c e-flex e-con-boxed e-con e-parent\" data-id=\"b8a496c\" data-element_type=\"container\" data-e-type=\"container\" data-settings=\"{&quot;jet_parallax_layout_list&quot;:[]}\">\n\t\t\t\t\t<div class=\"e-con-inner\">\n\t\t\t\t<div class=\"elementor-element elementor-element-a7db847 elementor-widget elementor-widget-heading\" data-id=\"a7db847\" data-element_type=\"widget\" data-e-type=\"widget\" data-widget_type=\"heading.default\">\n\t\t\t\t<div class=\"elementor-widget-container\">\n\t\t\t\t\t<h1 class=\"elementor-heading-title elementor-size-default\">AB748<\/h1>\t\t\t\t<\/div>\n\t\t\t\t<\/div>\n\t\t\t\t\t<\/div>\n\t\t\t\t<\/div>\n\t\t<div class=\"elementor-element elementor-element-d9f46dd e-flex e-con-boxed e-con e-parent\" data-id=\"d9f46dd\" data-element_type=\"container\" data-e-type=\"container\" data-settings=\"{&quot;jet_parallax_layout_list&quot;:[]}\">\n\t\t\t\t\t<div class=\"e-con-inner\">\n\t\t<div class=\"elementor-element elementor-element-485cdd4 e-con-full e-flex e-con e-child\" data-id=\"485cdd4\" data-element_type=\"container\" data-e-type=\"container\" data-settings=\"{&quot;jet_parallax_layout_list&quot;:[]}\">\n\t\t\t\t<div class=\"elementor-element elementor-element-94fe792 elementor-nav-menu--dropdown-tablet elementor-nav-menu__text-align-aside elementor-nav-menu--toggle elementor-nav-menu--burger elementor-widget elementor-widget-nav-menu\" data-id=\"94fe792\" data-element_type=\"widget\" data-e-type=\"widget\" data-settings=\"{&quot;layout&quot;:&quot;vertical&quot;,&quot;submenu_icon&quot;:{&quot;value&quot;:&quot;&lt;i class=\\&quot;fas fa-caret-down\\&quot;&gt;&lt;\\\/i&gt;&quot;,&quot;library&quot;:&quot;fa-solid&quot;},&quot;toggle&quot;:&quot;burger&quot;}\" data-widget_type=\"nav-menu.default\">\n\t\t\t\t<div class=\"elementor-widget-container\">\n\t\t\t\t\t\t\t\t<nav aria-label=\"Men\u00fa\" class=\"elementor-nav-menu--main elementor-nav-menu__container elementor-nav-menu--layout-vertical e--pointer-background e--animation-fade\">\n\t\t\t\t<ul id=\"menu-1-94fe792\" class=\"elementor-nav-menu sm-vertical\"><li class=\"vMenu menu-item menu-item-type-post_type menu-item-object-page menu-item-203\"><a href=\"https:\/\/sherifftest.venturacounty.gov\/es\/policies\/\" class=\"elementor-item\">Pol\u00edticas<\/a><\/li>\n<li class=\"vMenu menu-item menu-item-type-post_type menu-item-object-page menu-item-202\"><a href=\"https:\/\/sherifftest.venturacounty.gov\/es\/ab748\/\" class=\"elementor-item\">AB748<\/a><\/li>\n<li class=\"vMenu menu-item menu-item-type-post_type menu-item-object-page menu-item-201\"><a href=\"https:\/\/sherifftest.venturacounty.gov\/es\/ab2761\/\" class=\"elementor-item\">AB2761<\/a><\/li>\n<li class=\"vMenu menu-item menu-item-type-post_type menu-item-object-page menu-item-200\"><a href=\"https:\/\/sherifftest.venturacounty.gov\/es\/ab481\/\" class=\"elementor-item\">AB481<\/a><\/li>\n<li class=\"vMenu menu-item menu-item-type-post_type menu-item-object-page menu-item-199\"><a href=\"https:\/\/sherifftest.venturacounty.gov\/es\/sb1421\/\" class=\"elementor-item\">SB1421<\/a><\/li>\n<li class=\"vMenu menu-item menu-item-type-post_type menu-item-object-page menu-item-198\"><a href=\"https:\/\/sherifftest.venturacounty.gov\/es\/citizen-complaint-form\/\" class=\"elementor-item\">Formulario de queja ciudadana<\/a><\/li>\n<li class=\"vMenu menu-item menu-item-type-custom menu-item-object-custom menu-item-13397\"><a href=\"http:\/\/sherifftest.venturacounty.gov\/es\/citizen-commendation\/\" class=\"elementor-item\">Formulario de recomendaci\u00f3n ciudadana<\/a><\/li>\n<li class=\"vMenu menu-item menu-item-type-post_type menu-item-object-page menu-item-197\"><a href=\"https:\/\/sherifftest.venturacounty.gov\/es\/faq\/\" class=\"elementor-item\">Preguntas frecuentes<\/a><\/li>\n<li class=\"vMenu menu-item menu-item-type-post_type menu-item-object-page menu-item-195\"><a href=\"https:\/\/sherifftest.venturacounty.gov\/es\/transparency-dashboard\/\" class=\"elementor-item\">Paneles de transparencia<\/a><\/li>\n<li class=\"vMenu menu-item menu-item-type-custom menu-item-object-custom menu-item-208\"><a target=\"_blank\" href=\"https:\/\/s29762.pcdn.co\/wp-content\/uploads\/2020\/06\/Hiring-Training-Reporting-and-Accountability-A-VCSO-Overview.pdf\" class=\"elementor-item\">Descripci\u00f3n general de VCSO<\/a><\/li>\n<\/ul>\t\t\t<\/nav>\n\t\t\t\t\t<div class=\"elementor-menu-toggle\" role=\"button\" tabindex=\"0\" aria-label=\"Alternar men\u00fa\" aria-expanded=\"false\">\n\t\t\t<i aria-hidden=\"true\" role=\"presentation\" class=\"elementor-menu-toggle__icon--open eicon-menu-bar\"><\/i><i aria-hidden=\"true\" role=\"presentation\" class=\"elementor-menu-toggle__icon--close eicon-close\"><\/i>\t\t<\/div>\n\t\t\t\t\t<nav class=\"elementor-nav-menu--dropdown elementor-nav-menu__container\" aria-hidden=\"true\">\n\t\t\t\t<ul id=\"menu-2-94fe792\" class=\"elementor-nav-menu sm-vertical\"><li class=\"vMenu menu-item menu-item-type-post_type menu-item-object-page menu-item-203\"><a href=\"https:\/\/sherifftest.venturacounty.gov\/es\/policies\/\" class=\"elementor-item\" tabindex=\"-1\">Pol\u00edticas<\/a><\/li>\n<li class=\"vMenu menu-item menu-item-type-post_type menu-item-object-page menu-item-202\"><a href=\"https:\/\/sherifftest.venturacounty.gov\/es\/ab748\/\" class=\"elementor-item\" tabindex=\"-1\">AB748<\/a><\/li>\n<li class=\"vMenu menu-item menu-item-type-post_type menu-item-object-page menu-item-201\"><a href=\"https:\/\/sherifftest.venturacounty.gov\/es\/ab2761\/\" class=\"elementor-item\" tabindex=\"-1\">AB2761<\/a><\/li>\n<li class=\"vMenu menu-item menu-item-type-post_type menu-item-object-page menu-item-200\"><a href=\"https:\/\/sherifftest.venturacounty.gov\/es\/ab481\/\" class=\"elementor-item\" tabindex=\"-1\">AB481<\/a><\/li>\n<li class=\"vMenu menu-item menu-item-type-post_type menu-item-object-page menu-item-199\"><a href=\"https:\/\/sherifftest.venturacounty.gov\/es\/sb1421\/\" class=\"elementor-item\" tabindex=\"-1\">SB1421<\/a><\/li>\n<li class=\"vMenu menu-item menu-item-type-post_type menu-item-object-page menu-item-198\"><a href=\"https:\/\/sherifftest.venturacounty.gov\/es\/citizen-complaint-form\/\" class=\"elementor-item\" tabindex=\"-1\">Formulario de queja ciudadana<\/a><\/li>\n<li class=\"vMenu menu-item menu-item-type-custom menu-item-object-custom menu-item-13397\"><a href=\"http:\/\/sherifftest.venturacounty.gov\/es\/citizen-commendation\/\" class=\"elementor-item\" tabindex=\"-1\">Formulario de recomendaci\u00f3n ciudadana<\/a><\/li>\n<li class=\"vMenu menu-item menu-item-type-post_type menu-item-object-page menu-item-197\"><a href=\"https:\/\/sherifftest.venturacounty.gov\/es\/faq\/\" class=\"elementor-item\" tabindex=\"-1\">Preguntas frecuentes<\/a><\/li>\n<li class=\"vMenu menu-item menu-item-type-post_type menu-item-object-page menu-item-195\"><a href=\"https:\/\/sherifftest.venturacounty.gov\/es\/transparency-dashboard\/\" class=\"elementor-item\" tabindex=\"-1\">Paneles de transparencia<\/a><\/li>\n<li class=\"vMenu menu-item menu-item-type-custom menu-item-object-custom menu-item-208\"><a target=\"_blank\" href=\"https:\/\/s29762.pcdn.co\/wp-content\/uploads\/2020\/06\/Hiring-Training-Reporting-and-Accountability-A-VCSO-Overview.pdf\" class=\"elementor-item\" tabindex=\"-1\">Descripci\u00f3n general de VCSO<\/a><\/li>\n<\/ul>\t\t\t<\/nav>\n\t\t\t\t\t\t<\/div>\n\t\t\t\t<\/div>\n\t\t\t\t<\/div>\n\t\t<div class=\"elementor-element elementor-element-9a80528 e-flex e-con-boxed e-con e-child\" data-id=\"9a80528\" data-element_type=\"container\" data-e-type=\"container\" data-settings=\"{&quot;jet_parallax_layout_list&quot;:[]}\">\n\t\t\t\t\t<div class=\"e-con-inner\">\n\t\t\t\t<div class=\"elementor-element elementor-element-e757c76 elementor-widget elementor-widget-text-editor\" data-id=\"e757c76\" data-element_type=\"widget\" data-e-type=\"widget\" data-widget_type=\"text-editor.default\">\n\t\t\t\t<div class=\"elementor-widget-container\">\n\t\t\t\t\t\t\t\t\t<p><strong>Ley AB 748<\/strong><\/p><p>La ley vigente, la Ley de Registros P\u00fablicos de California, exige que los registros p\u00fablicos, tal como se definen, est\u00e9n disponibles para inspecci\u00f3n del p\u00fablico y se pongan a disposici\u00f3n de cualquier persona de inmediato. La ley vigente exime de estos requisitos a los registros de investigaciones realizadas por cualquier agencia policial estatal o local. La ley vigente exige que se divulgue al p\u00fablico informaci\u00f3n espec\u00edfica sobre la investigaci\u00f3n de delitos a menos que la divulgaci\u00f3n ponga en peligro la seguridad de una persona involucrada en una investigaci\u00f3n o ponga en peligro la finalizaci\u00f3n exitosa de la investigaci\u00f3n.<\/p><p>La AB 748 modific\u00f3 el C\u00f3digo de Gobierno 6254. Este proyecto de ley, que entr\u00f3 en vigencia el 1 de julio de 2019, permite retener durante 45 d\u00edas calendario una grabaci\u00f3n de video o audio relacionada con un incidente cr\u00edtico, seg\u00fan se define, si su divulgaci\u00f3n interferir\u00eda sustancialmente con una investigaci\u00f3n activa, sujeto a pr\u00f3rrogas, seg\u00fan se especifique. El proyecto de ley permite retener la grabaci\u00f3n si el inter\u00e9s p\u00fablico en retener la grabaci\u00f3n de video o audio claramente supera el inter\u00e9s p\u00fablico en la divulgaci\u00f3n porque la divulgaci\u00f3n de la grabaci\u00f3n violar\u00eda, seg\u00fan los hechos y circunstancias representados en la grabaci\u00f3n, la expectativa razonable de privacidad de un sujeto representado en la grabaci\u00f3n, en cuyo caso el proyecto de ley permite que la grabaci\u00f3n sea censurada para proteger ese inter\u00e9s. Si la agencia demuestra que la expectativa razonable de privacidad de un sujeto representado en la grabaci\u00f3n no puede protegerse adecuadamente mediante la censura, el proyecto de ley requiere que la grabaci\u00f3n sea divulgada de inmediato al sujeto de la grabaci\u00f3n, su padre, tutor o representante, seg\u00fan corresponda, o su heredero, beneficiario, familiar directo o representante legal autorizado, si ha fallecido.<\/p><p>La AB 748 define una grabaci\u00f3n de video o audio relacionada con un incidente cr\u00edtico si muestra cualquiera de los siguientes incidentes:<\/p><p>Un incidente que involucra el disparo de un arma de fuego contra una persona por parte de un oficial de paz o un oficial de custodia.<\/p><p>Un incidente en el que el uso de la fuerza por parte de un agente de paz o un oficial de custodia contra una persona result\u00f3 en muerte o en lesiones corporales graves.<\/p><p><a href=\"https:\/\/leginfo.legislature.ca.gov\/faces\/billTextClient.xhtml?bill_id=201720180AB748\">Lea el texto completo del proyecto de ley AB 748<\/a><\/p><p><strong>2022<\/strong><\/p><p><a href=\"https:\/\/youtu.be\/p7_KtNmeHoE\">20220319OIS2022035758<\/a><\/p><p><strong>2020<\/strong><\/p><p><a href=\"https:\/\/youtu.be\/asFU0UEf2nw\">20201004OIS2020137444<\/a><\/p>\t\t\t\t\t\t\t\t<\/div>\n\t\t\t\t<\/div>\n\t\t\t\t\t<\/div>\n\t\t\t\t<\/div>\n\t\t\t\t\t<\/div>\n\t\t\t\t<\/div>\n\t\t\t\t<\/div>","protected":false},"excerpt":{"rendered":"<p>AB 748 Existing law, the California Public Records Act, requires that public records, as defined, be available to the public for inspection and made promptly available to any person. Existing law makes records of investigations conducted by any state or local police agency exempt from these requirements. Existing law requires specified information regarding the investigation [&hellip;]<\/p>\n","protected":false},"author":6,"featured_media":0,"parent":0,"menu_order":0,"comment_status":"closed","ping_status":"closed","template":"","meta":{"footnotes":""},"class_list":["post-187","page","type-page","status-publish","hentry"],"_links":{"self":[{"href":"https:\/\/sherifftest.venturacounty.gov\/es\/wp-json\/wp\/v2\/pages\/187","targetHints":{"allow":["GET"]}}],"collection":[{"href":"https:\/\/sherifftest.venturacounty.gov\/es\/wp-json\/wp\/v2\/pages"}],"about":[{"href":"https:\/\/sherifftest.venturacounty.gov\/es\/wp-json\/wp\/v2\/types\/page"}],"author":[{"embeddable":true,"href":"https:\/\/sherifftest.venturacounty.gov\/es\/wp-json\/wp\/v2\/users\/6"}],"replies":[{"embeddable":true,"href":"https:\/\/sherifftest.venturacounty.gov\/es\/wp-json\/wp\/v2\/comments?post=187"}],"version-history":[{"count":0,"href":"https:\/\/sherifftest.venturacounty.gov\/es\/wp-json\/wp\/v2\/pages\/187\/revisions"}],"wp:attachment":[{"href":"https:\/\/sherifftest.venturacounty.gov\/es\/wp-json\/wp\/v2\/media?parent=187"}],"curies":[{"name":"gracias","href":"https:\/\/api.w.org\/{rel}","templated":true}]}}