{"id":191,"date":"2023-07-18T14:37:00","date_gmt":"2023-07-18T21:37:00","guid":{"rendered":"http:\/\/sherifftest.venturacounty.gov\/?page_id=191"},"modified":"2025-04-24T16:03:47","modified_gmt":"2025-04-24T23:03:47","slug":"citizen-complaint-form","status":"publish","type":"page","link":"https:\/\/sherifftest.venturacounty.gov\/es\/citizen-complaint-form\/","title":{"rendered":"Formulario de queja ciudadana"},"content":{"rendered":"<div data-elementor-type=\"wp-page\" data-elementor-id=\"191\" class=\"elementor elementor-191\" data-elementor-post-type=\"page\">\n\t\t\t\t<div class=\"elementor-element elementor-element-b8a496c e-flex e-con-boxed e-con e-parent\" data-id=\"b8a496c\" data-element_type=\"container\" data-e-type=\"container\" data-settings=\"{&quot;jet_parallax_layout_list&quot;:[]}\">\n\t\t\t\t\t<div class=\"e-con-inner\">\n\t\t\t\t<div class=\"elementor-element elementor-element-a7db847 elementor-widget elementor-widget-heading\" data-id=\"a7db847\" data-element_type=\"widget\" data-e-type=\"widget\" data-widget_type=\"heading.default\">\n\t\t\t\t<div class=\"elementor-widget-container\">\n\t\t\t\t\t<h1 class=\"elementor-heading-title elementor-size-default\">Formulario de queja ciudadana<\/h1>\t\t\t\t<\/div>\n\t\t\t\t<\/div>\n\t\t\t\t\t<\/div>\n\t\t\t\t<\/div>\n\t\t<div class=\"elementor-element elementor-element-d9f46dd e-flex e-con-boxed e-con e-parent\" data-id=\"d9f46dd\" data-element_type=\"container\" data-e-type=\"container\" data-settings=\"{&quot;jet_parallax_layout_list&quot;:[]}\">\n\t\t\t\t\t<div class=\"e-con-inner\">\n\t\t<div class=\"elementor-element elementor-element-485cdd4 e-con-full e-flex e-con e-child\" data-id=\"485cdd4\" data-element_type=\"container\" data-e-type=\"container\" data-settings=\"{&quot;jet_parallax_layout_list&quot;:[]}\">\n\t\t\t\t<div class=\"elementor-element elementor-element-94fe792 elementor-nav-menu--dropdown-tablet elementor-nav-menu__text-align-aside elementor-nav-menu--toggle elementor-nav-menu--burger elementor-widget elementor-widget-nav-menu\" data-id=\"94fe792\" data-element_type=\"widget\" data-e-type=\"widget\" data-settings=\"{&quot;layout&quot;:&quot;vertical&quot;,&quot;submenu_icon&quot;:{&quot;value&quot;:&quot;&lt;i class=\\&quot;fas fa-caret-down\\&quot;&gt;&lt;\\\/i&gt;&quot;,&quot;library&quot;:&quot;fa-solid&quot;},&quot;toggle&quot;:&quot;burger&quot;}\" data-widget_type=\"nav-menu.default\">\n\t\t\t\t<div class=\"elementor-widget-container\">\n\t\t\t\t\t\t\t\t<nav aria-label=\"Men\u00fa\" class=\"elementor-nav-menu--main elementor-nav-menu__container elementor-nav-menu--layout-vertical e--pointer-background e--animation-fade\">\n\t\t\t\t<ul id=\"menu-1-94fe792\" class=\"elementor-nav-menu sm-vertical\"><li class=\"vMenu menu-item menu-item-type-post_type menu-item-object-page menu-item-203\"><a href=\"https:\/\/sherifftest.venturacounty.gov\/es\/policies\/\" class=\"elementor-item\">Pol\u00edticas<\/a><\/li>\n<li class=\"vMenu menu-item menu-item-type-post_type menu-item-object-page menu-item-202\"><a href=\"https:\/\/sherifftest.venturacounty.gov\/es\/ab748\/\" class=\"elementor-item\">AB748<\/a><\/li>\n<li class=\"vMenu menu-item menu-item-type-post_type menu-item-object-page menu-item-201\"><a href=\"https:\/\/sherifftest.venturacounty.gov\/es\/ab2761\/\" class=\"elementor-item\">AB2761<\/a><\/li>\n<li class=\"vMenu menu-item menu-item-type-post_type menu-item-object-page menu-item-200\"><a href=\"https:\/\/sherifftest.venturacounty.gov\/es\/ab481\/\" class=\"elementor-item\">AB481<\/a><\/li>\n<li class=\"vMenu menu-item menu-item-type-post_type menu-item-object-page menu-item-199\"><a href=\"https:\/\/sherifftest.venturacounty.gov\/es\/sb1421\/\" class=\"elementor-item\">SB1421<\/a><\/li>\n<li class=\"vMenu menu-item menu-item-type-post_type menu-item-object-page menu-item-198\"><a href=\"https:\/\/sherifftest.venturacounty.gov\/es\/citizen-complaint-form\/\" class=\"elementor-item\">Formulario de queja ciudadana<\/a><\/li>\n<li class=\"vMenu menu-item menu-item-type-custom menu-item-object-custom menu-item-13397\"><a href=\"http:\/\/sherifftest.venturacounty.gov\/es\/citizen-commendation\/\" class=\"elementor-item\">Formulario de recomendaci\u00f3n ciudadana<\/a><\/li>\n<li class=\"vMenu menu-item menu-item-type-post_type menu-item-object-page menu-item-197\"><a href=\"https:\/\/sherifftest.venturacounty.gov\/es\/faq\/\" class=\"elementor-item\">Preguntas frecuentes<\/a><\/li>\n<li class=\"vMenu menu-item menu-item-type-post_type menu-item-object-page menu-item-195\"><a href=\"https:\/\/sherifftest.venturacounty.gov\/es\/transparency-dashboard\/\" class=\"elementor-item\">Paneles de transparencia<\/a><\/li>\n<li class=\"vMenu menu-item menu-item-type-custom menu-item-object-custom menu-item-208\"><a target=\"_blank\" href=\"https:\/\/s29762.pcdn.co\/wp-content\/uploads\/2020\/06\/Hiring-Training-Reporting-and-Accountability-A-VCSO-Overview.pdf\" class=\"elementor-item\">Descripci\u00f3n general de VCSO<\/a><\/li>\n<\/ul>\t\t\t<\/nav>\n\t\t\t\t\t<div class=\"elementor-menu-toggle\" role=\"button\" tabindex=\"0\" aria-label=\"Alternar men\u00fa\" aria-expanded=\"false\">\n\t\t\t<i aria-hidden=\"true\" role=\"presentation\" class=\"elementor-menu-toggle__icon--open eicon-menu-bar\"><\/i><i aria-hidden=\"true\" role=\"presentation\" class=\"elementor-menu-toggle__icon--close eicon-close\"><\/i>\t\t<\/div>\n\t\t\t\t\t<nav class=\"elementor-nav-menu--dropdown elementor-nav-menu__container\" aria-hidden=\"true\">\n\t\t\t\t<ul id=\"menu-2-94fe792\" class=\"elementor-nav-menu sm-vertical\"><li class=\"vMenu menu-item menu-item-type-post_type menu-item-object-page menu-item-203\"><a href=\"https:\/\/sherifftest.venturacounty.gov\/es\/policies\/\" class=\"elementor-item\" tabindex=\"-1\">Pol\u00edticas<\/a><\/li>\n<li class=\"vMenu menu-item menu-item-type-post_type menu-item-object-page menu-item-202\"><a href=\"https:\/\/sherifftest.venturacounty.gov\/es\/ab748\/\" class=\"elementor-item\" tabindex=\"-1\">AB748<\/a><\/li>\n<li class=\"vMenu menu-item menu-item-type-post_type menu-item-object-page menu-item-201\"><a href=\"https:\/\/sherifftest.venturacounty.gov\/es\/ab2761\/\" class=\"elementor-item\" tabindex=\"-1\">AB2761<\/a><\/li>\n<li class=\"vMenu menu-item menu-item-type-post_type menu-item-object-page menu-item-200\"><a href=\"https:\/\/sherifftest.venturacounty.gov\/es\/ab481\/\" class=\"elementor-item\" tabindex=\"-1\">AB481<\/a><\/li>\n<li class=\"vMenu menu-item menu-item-type-post_type menu-item-object-page menu-item-199\"><a href=\"https:\/\/sherifftest.venturacounty.gov\/es\/sb1421\/\" class=\"elementor-item\" tabindex=\"-1\">SB1421<\/a><\/li>\n<li class=\"vMenu menu-item menu-item-type-post_type menu-item-object-page menu-item-198\"><a href=\"https:\/\/sherifftest.venturacounty.gov\/es\/citizen-complaint-form\/\" class=\"elementor-item\" tabindex=\"-1\">Formulario de queja ciudadana<\/a><\/li>\n<li class=\"vMenu menu-item menu-item-type-custom menu-item-object-custom menu-item-13397\"><a href=\"http:\/\/sherifftest.venturacounty.gov\/es\/citizen-commendation\/\" class=\"elementor-item\" tabindex=\"-1\">Formulario de recomendaci\u00f3n ciudadana<\/a><\/li>\n<li class=\"vMenu menu-item menu-item-type-post_type menu-item-object-page menu-item-197\"><a href=\"https:\/\/sherifftest.venturacounty.gov\/es\/faq\/\" class=\"elementor-item\" tabindex=\"-1\">Preguntas frecuentes<\/a><\/li>\n<li class=\"vMenu menu-item menu-item-type-post_type menu-item-object-page menu-item-195\"><a href=\"https:\/\/sherifftest.venturacounty.gov\/es\/transparency-dashboard\/\" class=\"elementor-item\" tabindex=\"-1\">Paneles de transparencia<\/a><\/li>\n<li class=\"vMenu menu-item menu-item-type-custom menu-item-object-custom menu-item-208\"><a target=\"_blank\" href=\"https:\/\/s29762.pcdn.co\/wp-content\/uploads\/2020\/06\/Hiring-Training-Reporting-and-Accountability-A-VCSO-Overview.pdf\" class=\"elementor-item\" tabindex=\"-1\">Descripci\u00f3n general de VCSO<\/a><\/li>\n<\/ul>\t\t\t<\/nav>\n\t\t\t\t\t\t<\/div>\n\t\t\t\t<\/div>\n\t\t\t\t<\/div>\n\t\t<div class=\"elementor-element elementor-element-9a80528 e-flex e-con-boxed e-con e-child\" data-id=\"9a80528\" data-element_type=\"container\" data-e-type=\"container\" data-settings=\"{&quot;jet_parallax_layout_list&quot;:[]}\">\n\t\t\t\t\t<div class=\"e-con-inner\">\n\t\t\t\t<div class=\"elementor-element elementor-element-e757c76 elementor-widget elementor-widget-text-editor\" data-id=\"e757c76\" data-element_type=\"widget\" data-e-type=\"widget\" data-widget_type=\"text-editor.default\">\n\t\t\t\t<div class=\"elementor-widget-container\">\n\t\t\t\t\t\t\t\t\t<p>\u00a0<\/p><p><strong>Denuncia ciudadana<\/strong><\/p><p>Si tiene una queja contra un empleado de la Oficina del Sheriff del Condado de Ventura, puede presentar un formulario de queja en persona o por correo. Los formularios de queja tambi\u00e9n est\u00e1n disponibles en nuestra sede (800 South Victoria Avenue) y en las estaciones de Camarillo, Fillmore, Moorpark, Ojai y Thousand Oaks.<\/p><p><span style=\"text-align: var(--text-align);\">Despu\u00e9s de abrir el formulario, impr\u00edmalo con su impresora. Este archivo incluye instrucciones sobre c\u00f3mo completar el formulario, d\u00f3nde enviarlo por correo y una descripci\u00f3n general del proceso. Los formularios de queja tambi\u00e9n se pueden enviar por correo electr\u00f3nico a: <\/span><a style=\"text-align: var(--text-align); background-color: #ffffff;\" href=\"mailto:Internal.affairs@ventura.org\"><span style=\"color: blue;\">Internal.affairs@ventura.org<\/span><\/a>.<\/p><p><a href=\"https:\/\/sherifftest.venturacounty.gov\/wp-content\/uploads\/2024\/11\/Citizen_Complaint_Form_Eng_Fryhoff_2023.pdf\">Formulario de denuncia ciudadana \u2013 Espa\u00f1ol<\/a><\/p><p><a href=\"https:\/\/sherifftest.venturacounty.gov\/wp-content\/uploads\/2024\/11\/Citizen_Complaint_Form_Span_Fryhoff_2023.pdf\">Formulario de denuncia ciudadana \u2013 Espa\u00f1ol<\/a><\/p>\t\t\t\t\t\t\t\t<\/div>\n\t\t\t\t<\/div>\n\t\t\t\t\t<\/div>\n\t\t\t\t<\/div>\n\t\t\t\t\t<\/div>\n\t\t\t\t<\/div>\n\t\t\t\t<\/div>","protected":false},"excerpt":{"rendered":"<p>\u00a0 Citizen Complaint If you have a complaint against a Ventura County Sheriff\u2019s Office employee, you have the ability to file a complaint form either in person, or by mail. Complaint forms are also available at our Headquarters (800 South Victoria Avenue), Camarillo, Fillmore, Moorpark, Ojai, and Thousand Oaks stations. After opening the form, print [&hellip;]<\/p>\n","protected":false},"author":6,"featured_media":0,"parent":0,"menu_order":0,"comment_status":"closed","ping_status":"closed","template":"","meta":{"footnotes":""},"class_list":["post-191","page","type-page","status-publish","hentry"],"_links":{"self":[{"href":"https:\/\/sherifftest.venturacounty.gov\/es\/wp-json\/wp\/v2\/pages\/191","targetHints":{"allow":["GET"]}}],"collection":[{"href":"https:\/\/sherifftest.venturacounty.gov\/es\/wp-json\/wp\/v2\/pages"}],"about":[{"href":"https:\/\/sherifftest.venturacounty.gov\/es\/wp-json\/wp\/v2\/types\/page"}],"author":[{"embeddable":true,"href":"https:\/\/sherifftest.venturacounty.gov\/es\/wp-json\/wp\/v2\/users\/6"}],"replies":[{"embeddable":true,"href":"https:\/\/sherifftest.venturacounty.gov\/es\/wp-json\/wp\/v2\/comments?post=191"}],"version-history":[{"count":0,"href":"https:\/\/sherifftest.venturacounty.gov\/es\/wp-json\/wp\/v2\/pages\/191\/revisions"}],"wp:attachment":[{"href":"https:\/\/sherifftest.venturacounty.gov\/es\/wp-json\/wp\/v2\/media?parent=191"}],"curies":[{"name":"gracias","href":"https:\/\/api.w.org\/{rel}","templated":true}]}}