{"id":210,"date":"2023-07-19T14:58:53","date_gmt":"2023-07-19T21:58:53","guid":{"rendered":"http:\/\/sherifftest.venturacounty.gov\/?page_id=210"},"modified":"2025-08-08T07:02:35","modified_gmt":"2025-08-08T14:02:35","slug":"carry-a-concealed-weapon-ccw","status":"publish","type":"page","link":"https:\/\/sherifftest.venturacounty.gov\/es\/public-resources\/carry-a-concealed-weapon-ccw\/","title":{"rendered":"Llevar un arma oculta (CCW)"},"content":{"rendered":"<div data-elementor-type=\"wp-page\" data-elementor-id=\"210\" class=\"elementor elementor-210\" data-elementor-post-type=\"page\">\n\t\t\t\t<div class=\"elementor-element elementor-element-b8a496c e-flex e-con-boxed e-con e-parent\" data-id=\"b8a496c\" data-element_type=\"container\" data-e-type=\"container\" data-settings=\"{&quot;jet_parallax_layout_list&quot;:[]}\">\n\t\t\t\t\t<div class=\"e-con-inner\">\n\t\t\t\t<div class=\"elementor-element elementor-element-a7db847 elementor-widget elementor-widget-heading\" data-id=\"a7db847\" data-element_type=\"widget\" data-e-type=\"widget\" data-widget_type=\"heading.default\">\n\t\t\t\t<div class=\"elementor-widget-container\">\n\t\t\t\t\t<h1 class=\"elementor-heading-title elementor-size-default\">Llevar un arma oculta (CCW)<\/h1>\t\t\t\t<\/div>\n\t\t\t\t<\/div>\n\t\t\t\t\t<\/div>\n\t\t\t\t<\/div>\n\t\t<div class=\"elementor-element elementor-element-d9f46dd e-flex e-con-boxed e-con e-parent\" data-id=\"d9f46dd\" data-element_type=\"container\" data-e-type=\"container\" data-settings=\"{&quot;jet_parallax_layout_list&quot;:[]}\">\n\t\t\t\t\t<div class=\"e-con-inner\">\n\t\t<div class=\"elementor-element elementor-element-485cdd4 e-con-full e-flex e-con e-child\" data-id=\"485cdd4\" data-element_type=\"container\" data-e-type=\"container\" data-settings=\"{&quot;jet_parallax_layout_list&quot;:[]}\">\n\t\t\t\t<div class=\"elementor-element elementor-element-94fe792 elementor-nav-menu--dropdown-tablet elementor-nav-menu__text-align-aside elementor-nav-menu--toggle elementor-nav-menu--burger elementor-widget elementor-widget-nav-menu\" data-id=\"94fe792\" data-element_type=\"widget\" data-e-type=\"widget\" data-settings=\"{&quot;layout&quot;:&quot;vertical&quot;,&quot;submenu_icon&quot;:{&quot;value&quot;:&quot;&lt;i class=\\&quot;fas fa-caret-down\\&quot;&gt;&lt;\\\/i&gt;&quot;,&quot;library&quot;:&quot;fa-solid&quot;},&quot;toggle&quot;:&quot;burger&quot;}\" data-widget_type=\"nav-menu.default\">\n\t\t\t\t<div class=\"elementor-widget-container\">\n\t\t\t\t\t\t\t\t<nav aria-label=\"Men\u00fa\" class=\"elementor-nav-menu--main elementor-nav-menu__container elementor-nav-menu--layout-vertical e--pointer-background e--animation-fade\">\n\t\t\t\t<ul id=\"menu-1-94fe792\" class=\"elementor-nav-menu sm-vertical\"><li class=\"vMenu menu-item menu-item-type-post_type menu-item-object-page menu-item-228\"><a href=\"https:\/\/sherifftest.venturacounty.gov\/es\/public-resources\/calls-for-service\/\" class=\"elementor-item\">Llamadas de servicio<\/a><\/li>\n<li class=\"vMenu menu-item menu-item-type-post_type menu-item-object-page menu-item-227\"><a href=\"https:\/\/sherifftest.venturacounty.gov\/es\/public-resources\/carry-a-concealed-weapon-ccw\/\" class=\"elementor-item\">Llevar un arma oculta (CCW)<\/a><\/li>\n<li class=\"vMenu menu-item menu-item-type-post_type menu-item-object-page menu-item-225\"><a href=\"https:\/\/sherifftest.venturacounty.gov\/es\/public-resources\/crimes-stats-public\/\" class=\"elementor-item\">Estad\u00edsticas de delitos\/Informaci\u00f3n p\u00fablica<\/a><\/li>\n<li class=\"vMenu menu-item menu-item-type-post_type menu-item-object-page menu-item-224\"><a href=\"https:\/\/sherifftest.venturacounty.gov\/es\/public-resources\/local-law-enforcement-immigration\/\" class=\"elementor-item\">Aplicaci\u00f3n de la ley local e inmigraci\u00f3n<\/a><\/li>\n<li class=\"vMenu menu-item menu-item-type-custom menu-item-object-custom menu-item-229\"><a target=\"_blank\" href=\"https:\/\/vcrma.org\/en\/medical-cannabis-regulations\" class=\"elementor-item\">Informaci\u00f3n sobre la marihuana<\/a><\/li>\n<li class=\"vMenu menu-item menu-item-type-post_type menu-item-object-page menu-item-222\"><a href=\"https:\/\/sherifftest.venturacounty.gov\/es\/public-resources\/required-public-posting\/\" class=\"elementor-item\">Publicaci\u00f3n p\u00fablica obligatoria<\/a><\/li>\n<li class=\"vMenu menu-item menu-item-type-post_type menu-item-object-page menu-item-221\"><a href=\"https:\/\/sherifftest.venturacounty.gov\/es\/public-resources\/sex-offender-information\/\" class=\"elementor-item\">Informaci\u00f3n sobre delincuentes sexuales<\/a><\/li>\n<li class=\"vMenu menu-item menu-item-type-post_type menu-item-object-page menu-item-220\"><a href=\"https:\/\/sherifftest.venturacounty.gov\/es\/public-resources\/victim-notification-vine\/\" class=\"elementor-item\">Notificaci\u00f3n a las v\u00edctimas (VINE)<\/a><\/li>\n<li class=\"vMenu menu-item menu-item-type-custom menu-item-object-custom menu-item-230\"><a target=\"_blank\" href=\"http:\/\/www.venturacountycrimestoppers.org\/sitemenu.aspx?ID=375&#038;\" class=\"elementor-item\">Organizaciones de prevenci\u00f3n del delito del condado de Ventura<\/a><\/li>\n<li class=\"vMenu menu-item menu-item-type-post_type menu-item-object-page menu-item-12493\"><a href=\"https:\/\/sherifftest.venturacounty.gov\/es\/public-resources\/victim-resources\/\" class=\"elementor-item\">Recursos para v\u00edctimas<\/a><\/li>\n<\/ul>\t\t\t<\/nav>\n\t\t\t\t\t<div class=\"elementor-menu-toggle\" role=\"button\" tabindex=\"0\" aria-label=\"Alternar men\u00fa\" aria-expanded=\"false\">\n\t\t\t<i aria-hidden=\"true\" role=\"presentation\" class=\"elementor-menu-toggle__icon--open eicon-menu-bar\"><\/i><i aria-hidden=\"true\" role=\"presentation\" class=\"elementor-menu-toggle__icon--close eicon-close\"><\/i>\t\t<\/div>\n\t\t\t\t\t<nav class=\"elementor-nav-menu--dropdown elementor-nav-menu__container\" aria-hidden=\"true\">\n\t\t\t\t<ul id=\"menu-2-94fe792\" class=\"elementor-nav-menu sm-vertical\"><li class=\"vMenu menu-item menu-item-type-post_type menu-item-object-page menu-item-228\"><a href=\"https:\/\/sherifftest.venturacounty.gov\/es\/public-resources\/calls-for-service\/\" class=\"elementor-item\" tabindex=\"-1\">Llamadas de servicio<\/a><\/li>\n<li class=\"vMenu menu-item menu-item-type-post_type menu-item-object-page menu-item-227\"><a href=\"https:\/\/sherifftest.venturacounty.gov\/es\/public-resources\/carry-a-concealed-weapon-ccw\/\" class=\"elementor-item\" tabindex=\"-1\">Llevar un arma oculta (CCW)<\/a><\/li>\n<li class=\"vMenu menu-item menu-item-type-post_type menu-item-object-page menu-item-225\"><a href=\"https:\/\/sherifftest.venturacounty.gov\/es\/public-resources\/crimes-stats-public\/\" class=\"elementor-item\" tabindex=\"-1\">Estad\u00edsticas de delitos\/Informaci\u00f3n p\u00fablica<\/a><\/li>\n<li class=\"vMenu menu-item menu-item-type-post_type menu-item-object-page menu-item-224\"><a href=\"https:\/\/sherifftest.venturacounty.gov\/es\/public-resources\/local-law-enforcement-immigration\/\" class=\"elementor-item\" tabindex=\"-1\">Aplicaci\u00f3n de la ley local e inmigraci\u00f3n<\/a><\/li>\n<li class=\"vMenu menu-item menu-item-type-custom menu-item-object-custom menu-item-229\"><a target=\"_blank\" href=\"https:\/\/vcrma.org\/en\/medical-cannabis-regulations\" class=\"elementor-item\" tabindex=\"-1\">Informaci\u00f3n sobre la marihuana<\/a><\/li>\n<li class=\"vMenu menu-item menu-item-type-post_type menu-item-object-page menu-item-222\"><a href=\"https:\/\/sherifftest.venturacounty.gov\/es\/public-resources\/required-public-posting\/\" class=\"elementor-item\" tabindex=\"-1\">Publicaci\u00f3n p\u00fablica obligatoria<\/a><\/li>\n<li class=\"vMenu menu-item menu-item-type-post_type menu-item-object-page menu-item-221\"><a href=\"https:\/\/sherifftest.venturacounty.gov\/es\/public-resources\/sex-offender-information\/\" class=\"elementor-item\" tabindex=\"-1\">Informaci\u00f3n sobre delincuentes sexuales<\/a><\/li>\n<li class=\"vMenu menu-item menu-item-type-post_type menu-item-object-page menu-item-220\"><a href=\"https:\/\/sherifftest.venturacounty.gov\/es\/public-resources\/victim-notification-vine\/\" class=\"elementor-item\" tabindex=\"-1\">Notificaci\u00f3n a las v\u00edctimas (VINE)<\/a><\/li>\n<li class=\"vMenu menu-item menu-item-type-custom menu-item-object-custom menu-item-230\"><a target=\"_blank\" href=\"http:\/\/www.venturacountycrimestoppers.org\/sitemenu.aspx?ID=375&#038;\" class=\"elementor-item\" tabindex=\"-1\">Organizaciones de prevenci\u00f3n del delito del condado de Ventura<\/a><\/li>\n<li class=\"vMenu menu-item menu-item-type-post_type menu-item-object-page menu-item-12493\"><a href=\"https:\/\/sherifftest.venturacounty.gov\/es\/public-resources\/victim-resources\/\" class=\"elementor-item\" tabindex=\"-1\">Recursos para v\u00edctimas<\/a><\/li>\n<\/ul>\t\t\t<\/nav>\n\t\t\t\t\t\t<\/div>\n\t\t\t\t<\/div>\n\t\t\t\t<\/div>\n\t\t<div class=\"elementor-element elementor-element-9a80528 e-flex e-con-boxed e-con e-child\" data-id=\"9a80528\" data-element_type=\"container\" data-e-type=\"container\" data-settings=\"{&quot;jet_parallax_layout_list&quot;:[]}\">\n\t\t\t\t\t<div class=\"e-con-inner\">\n\t\t\t\t<div class=\"elementor-element elementor-element-e757c76 elementor-widget elementor-widget-text-editor\" data-id=\"e757c76\" data-element_type=\"widget\" data-e-type=\"widget\" data-widget_type=\"text-editor.default\">\n\t\t\t\t<div class=\"elementor-widget-container\">\n\t\t\t\t\t\t\t\t\t<p>El Sheriff, tras comprobar que la persona que solicita no es una persona descalificada, seg\u00fan lo determinado de acuerdo con los est\u00e1ndares establecidos en el C\u00f3digo Penal de California \u00a7 26202, que el solicitante tiene al menos 21 a\u00f1os de edad y cumple con los requisitos de residencia o ubicaci\u00f3n comercial y ha completado un curso de capacitaci\u00f3n (como se establece en esta pol\u00edtica), puede emitir a esa persona una licencia para portar armas ocultas (CCW).<\/p><p><a href=\"http:\/\/sherifftest.venturacounty.gov\/wp-content\/uploads\/2025\/07\/Amended-CCW-Policy-07-17-2025.pdf\" data-uw-pdf-br=\"1\" data-uw-pdf-doc=\"\">Pol\u00edtica de CCW<\/a><\/p><p><a href=\"http:\/\/sherifftest.venturacounty.gov\/wp-content\/uploads\/2025\/07\/Non-California-Resident-CCW-Policy-07-17-2025.pdf\">Pol\u00edtica de CCW para residentes no californianos<\/a><\/p><p><a href=\"http:\/\/sherifftest.venturacounty.gov\/wp-content\/uploads\/2025\/07\/CCW-Instructors-7-22-25.pdf\" target=\"_blank\" rel=\"noopener noreferrer\" aria-label=\"Lista de instructores de armas de fuego autorizados por CCW: se abre en una nueva pesta\u00f1a\" data-uw-rm-ext-link=\"\" data-uw-pdf-br=\"1\" data-uw-pdf-doc=\"\">Lista de instructores de armas de fuego autorizados por CCW<\/a><\/p><p><a href=\"http:\/\/sherifftest.venturacounty.gov\/wp-content\/uploads\/2025\/08\/CCW-Frequently-Asked-Questions-07-17-2025.pdf\" data-uw-pdf-br=\"1\" data-uw-pdf-doc=\"\">Preguntas frecuentes sobre CCW<\/a><\/p><p><a href=\"https:\/\/sherifftest.venturacounty.gov\/wp-content\/uploads\/2025\/05\/CCW-Fee-Structure-05-07-2025.pdf\" target=\"_blank\" rel=\"noopener noreferrer\" aria-label=\"Estructura de tarifas de CCW - se abre en una nueva pesta\u00f1a\" data-uw-rm-ext-link=\"\" data-uw-pdf-br=\"1\" data-uw-pdf-doc=\"\">Estructura de tarifas de CCW<\/a><\/p><p><strong>Tenga en cuenta: Sin perjuicio de cualquier otra disposici\u00f3n legal y de conformidad con la Ley de Registros P\u00fablicos (C\u00f3digo de Gobierno, secci\u00f3n 7920.000 y siguientes), comprendo que la informaci\u00f3n contenida en esta solicitud puede ser un asunto de registro p\u00fablico y estar\u00e1 disponible a pedido u orden judicial.<\/strong><\/p><p>Si desea solicitar una CCW, siga este enlace: <a href=\"https:\/\/venturaca.permitium.com\/ccw\/start\">https:\/\/venturaca.permitium.com\/ccw\/start<\/a><\/p><p>En caso de tener alguna pregunta sobre el estado de su solicitud u otras consultas, env\u00ede un correo electr\u00f3nico a: <a href=\"mailto:vcso.ccw@venturacounty.gov.\">vcso.ccw@venturacounty.gov. <br \/><\/a><\/p><p>Para conocer las regulaciones estatales, visite el sitio <a href=\"https:\/\/oag.ca.gov\/firearms\" target=\"_blank\" rel=\"noopener noreferrer\" aria-label=\"Oficina de Armas de Fuego - abre en nueva pesta\u00f1a\" data-uw-rm-ext-link=\"\">Oficina de Armas de Fuego<\/a>\u00a0 P\u00e1gina web.<\/p><p>Para obtener informaci\u00f3n sobre armas de fuego ocultas para oficiales federales retirados, lea la siguiente pol\u00edtica: <a href=\"https:\/\/sherifftest.venturacounty.gov\/wp-content\/uploads\/2025\/05\/Retired-Federal-Officer-Concealed-Firearms-Policy.pdf\" data-uw-pdf-br=\"1\" data-uw-pdf-doc=\"\">Informaci\u00f3n sobre CCW para oficiales federales retirados<\/a><\/p>\t\t\t\t\t\t\t\t<\/div>\n\t\t\t\t<\/div>\n\t\t\t\t\t<\/div>\n\t\t\t\t<\/div>\n\t\t\t\t\t<\/div>\n\t\t\t\t<\/div>\n\t\t\t\t<\/div>","protected":false},"excerpt":{"rendered":"<p>The Sheriff, upon proof that the person applying is not a disqualified person, as determined in accordance with the standards set forth in Cal. Penal Code \u00a7 26202, that the applicant is at least\u00a021 years of age and satisfies residency or business location requirements and has completed a course of training (as set forth in [&hellip;]<\/p>\n","protected":false},"author":6,"featured_media":0,"parent":242,"menu_order":0,"comment_status":"closed","ping_status":"closed","template":"","meta":{"footnotes":""},"class_list":["post-210","page","type-page","status-publish","hentry"],"_links":{"self":[{"href":"https:\/\/sherifftest.venturacounty.gov\/es\/wp-json\/wp\/v2\/pages\/210","targetHints":{"allow":["GET"]}}],"collection":[{"href":"https:\/\/sherifftest.venturacounty.gov\/es\/wp-json\/wp\/v2\/pages"}],"about":[{"href":"https:\/\/sherifftest.venturacounty.gov\/es\/wp-json\/wp\/v2\/types\/page"}],"author":[{"embeddable":true,"href":"https:\/\/sherifftest.venturacounty.gov\/es\/wp-json\/wp\/v2\/users\/6"}],"replies":[{"embeddable":true,"href":"https:\/\/sherifftest.venturacounty.gov\/es\/wp-json\/wp\/v2\/comments?post=210"}],"version-history":[{"count":0,"href":"https:\/\/sherifftest.venturacounty.gov\/es\/wp-json\/wp\/v2\/pages\/210\/revisions"}],"up":[{"embeddable":true,"href":"https:\/\/sherifftest.venturacounty.gov\/es\/wp-json\/wp\/v2\/pages\/242"}],"wp:attachment":[{"href":"https:\/\/sherifftest.venturacounty.gov\/es\/wp-json\/wp\/v2\/media?parent=210"}],"curies":[{"name":"gracias","href":"https:\/\/api.w.org\/{rel}","templated":true}]}}