{"id":217,"date":"2023-07-19T15:03:39","date_gmt":"2023-07-19T22:03:39","guid":{"rendered":"http:\/\/sherifftest.venturacounty.gov\/?page_id=217"},"modified":"2023-07-19T15:55:36","modified_gmt":"2023-07-19T22:55:36","slug":"victim-notification-vine","status":"publish","type":"page","link":"https:\/\/sherifftest.venturacounty.gov\/es\/public-resources\/victim-notification-vine\/","title":{"rendered":"Notificaci\u00f3n a las v\u00edctimas (VINE)"},"content":{"rendered":"<div data-elementor-type=\"wp-page\" data-elementor-id=\"217\" class=\"elementor elementor-217\" data-elementor-post-type=\"page\">\n\t\t\t\t<div class=\"elementor-element elementor-element-b8a496c e-flex e-con-boxed e-con e-parent\" data-id=\"b8a496c\" data-element_type=\"container\" data-e-type=\"container\" data-settings=\"{&quot;jet_parallax_layout_list&quot;:[]}\">\n\t\t\t\t\t<div class=\"e-con-inner\">\n\t\t\t\t<div class=\"elementor-element elementor-element-a7db847 elementor-widget elementor-widget-heading\" data-id=\"a7db847\" data-element_type=\"widget\" data-e-type=\"widget\" data-widget_type=\"heading.default\">\n\t\t\t\t<div class=\"elementor-widget-container\">\n\t\t\t\t\t<h1 class=\"elementor-heading-title elementor-size-default\">Notificaci\u00f3n a las v\u00edctimas (VINE)<\/h1>\t\t\t\t<\/div>\n\t\t\t\t<\/div>\n\t\t\t\t\t<\/div>\n\t\t\t\t<\/div>\n\t\t<div class=\"elementor-element elementor-element-d9f46dd e-flex e-con-boxed e-con e-parent\" data-id=\"d9f46dd\" data-element_type=\"container\" data-e-type=\"container\" data-settings=\"{&quot;jet_parallax_layout_list&quot;:[]}\">\n\t\t\t\t\t<div class=\"e-con-inner\">\n\t\t<div class=\"elementor-element elementor-element-485cdd4 e-con-full e-flex e-con e-child\" data-id=\"485cdd4\" data-element_type=\"container\" data-e-type=\"container\" data-settings=\"{&quot;jet_parallax_layout_list&quot;:[]}\">\n\t\t\t\t<div class=\"elementor-element elementor-element-94fe792 elementor-nav-menu--dropdown-tablet elementor-nav-menu__text-align-aside elementor-nav-menu--toggle elementor-nav-menu--burger elementor-widget elementor-widget-nav-menu\" data-id=\"94fe792\" data-element_type=\"widget\" data-e-type=\"widget\" data-settings=\"{&quot;layout&quot;:&quot;vertical&quot;,&quot;submenu_icon&quot;:{&quot;value&quot;:&quot;&lt;i class=\\&quot;fas fa-caret-down\\&quot;&gt;&lt;\\\/i&gt;&quot;,&quot;library&quot;:&quot;fa-solid&quot;},&quot;toggle&quot;:&quot;burger&quot;}\" data-widget_type=\"nav-menu.default\">\n\t\t\t\t<div class=\"elementor-widget-container\">\n\t\t\t\t\t\t\t\t<nav aria-label=\"Men\u00fa\" class=\"elementor-nav-menu--main elementor-nav-menu__container elementor-nav-menu--layout-vertical e--pointer-background e--animation-fade\">\n\t\t\t\t<ul id=\"menu-1-94fe792\" class=\"elementor-nav-menu sm-vertical\"><li class=\"vMenu menu-item menu-item-type-post_type menu-item-object-page menu-item-228\"><a href=\"https:\/\/sherifftest.venturacounty.gov\/es\/public-resources\/calls-for-service\/\" class=\"elementor-item\">Llamadas de servicio<\/a><\/li>\n<li class=\"vMenu menu-item menu-item-type-post_type menu-item-object-page menu-item-227\"><a href=\"https:\/\/sherifftest.venturacounty.gov\/es\/public-resources\/carry-a-concealed-weapon-ccw\/\" class=\"elementor-item\">Llevar un arma oculta (CCW)<\/a><\/li>\n<li class=\"vMenu menu-item menu-item-type-post_type menu-item-object-page menu-item-225\"><a href=\"https:\/\/sherifftest.venturacounty.gov\/es\/public-resources\/crimes-stats-public\/\" class=\"elementor-item\">Estad\u00edsticas de delitos\/Informaci\u00f3n p\u00fablica<\/a><\/li>\n<li class=\"vMenu menu-item menu-item-type-post_type menu-item-object-page menu-item-224\"><a href=\"https:\/\/sherifftest.venturacounty.gov\/es\/public-resources\/local-law-enforcement-immigration\/\" class=\"elementor-item\">Aplicaci\u00f3n de la ley local e inmigraci\u00f3n<\/a><\/li>\n<li class=\"vMenu menu-item menu-item-type-custom menu-item-object-custom menu-item-229\"><a target=\"_blank\" href=\"https:\/\/vcrma.org\/en\/medical-cannabis-regulations\" class=\"elementor-item\">Informaci\u00f3n sobre la marihuana<\/a><\/li>\n<li class=\"vMenu menu-item menu-item-type-post_type menu-item-object-page menu-item-222\"><a href=\"https:\/\/sherifftest.venturacounty.gov\/es\/public-resources\/required-public-posting\/\" class=\"elementor-item\">Publicaci\u00f3n p\u00fablica obligatoria<\/a><\/li>\n<li class=\"vMenu menu-item menu-item-type-post_type menu-item-object-page menu-item-221\"><a href=\"https:\/\/sherifftest.venturacounty.gov\/es\/public-resources\/sex-offender-information\/\" class=\"elementor-item\">Informaci\u00f3n sobre delincuentes sexuales<\/a><\/li>\n<li class=\"vMenu menu-item menu-item-type-post_type menu-item-object-page menu-item-220\"><a href=\"https:\/\/sherifftest.venturacounty.gov\/es\/public-resources\/victim-notification-vine\/\" class=\"elementor-item\">Notificaci\u00f3n a las v\u00edctimas (VINE)<\/a><\/li>\n<li class=\"vMenu menu-item menu-item-type-custom menu-item-object-custom menu-item-230\"><a target=\"_blank\" href=\"http:\/\/www.venturacountycrimestoppers.org\/sitemenu.aspx?ID=375&#038;\" class=\"elementor-item\">Organizaciones de prevenci\u00f3n del delito del condado de Ventura<\/a><\/li>\n<li class=\"vMenu menu-item menu-item-type-post_type menu-item-object-page menu-item-12493\"><a href=\"https:\/\/sherifftest.venturacounty.gov\/es\/public-resources\/victim-resources\/\" class=\"elementor-item\">Recursos para v\u00edctimas<\/a><\/li>\n<\/ul>\t\t\t<\/nav>\n\t\t\t\t\t<div class=\"elementor-menu-toggle\" role=\"button\" tabindex=\"0\" aria-label=\"Alternar men\u00fa\" aria-expanded=\"false\">\n\t\t\t<i aria-hidden=\"true\" role=\"presentation\" class=\"elementor-menu-toggle__icon--open eicon-menu-bar\"><\/i><i aria-hidden=\"true\" role=\"presentation\" class=\"elementor-menu-toggle__icon--close eicon-close\"><\/i>\t\t<\/div>\n\t\t\t\t\t<nav class=\"elementor-nav-menu--dropdown elementor-nav-menu__container\" aria-hidden=\"true\">\n\t\t\t\t<ul id=\"menu-2-94fe792\" class=\"elementor-nav-menu sm-vertical\"><li class=\"vMenu menu-item menu-item-type-post_type menu-item-object-page menu-item-228\"><a href=\"https:\/\/sherifftest.venturacounty.gov\/es\/public-resources\/calls-for-service\/\" class=\"elementor-item\" tabindex=\"-1\">Llamadas de servicio<\/a><\/li>\n<li class=\"vMenu menu-item menu-item-type-post_type menu-item-object-page menu-item-227\"><a href=\"https:\/\/sherifftest.venturacounty.gov\/es\/public-resources\/carry-a-concealed-weapon-ccw\/\" class=\"elementor-item\" tabindex=\"-1\">Llevar un arma oculta (CCW)<\/a><\/li>\n<li class=\"vMenu menu-item menu-item-type-post_type menu-item-object-page menu-item-225\"><a href=\"https:\/\/sherifftest.venturacounty.gov\/es\/public-resources\/crimes-stats-public\/\" class=\"elementor-item\" tabindex=\"-1\">Estad\u00edsticas de delitos\/Informaci\u00f3n p\u00fablica<\/a><\/li>\n<li class=\"vMenu menu-item menu-item-type-post_type menu-item-object-page menu-item-224\"><a href=\"https:\/\/sherifftest.venturacounty.gov\/es\/public-resources\/local-law-enforcement-immigration\/\" class=\"elementor-item\" tabindex=\"-1\">Aplicaci\u00f3n de la ley local e inmigraci\u00f3n<\/a><\/li>\n<li class=\"vMenu menu-item menu-item-type-custom menu-item-object-custom menu-item-229\"><a target=\"_blank\" href=\"https:\/\/vcrma.org\/en\/medical-cannabis-regulations\" class=\"elementor-item\" tabindex=\"-1\">Informaci\u00f3n sobre la marihuana<\/a><\/li>\n<li class=\"vMenu menu-item menu-item-type-post_type menu-item-object-page menu-item-222\"><a href=\"https:\/\/sherifftest.venturacounty.gov\/es\/public-resources\/required-public-posting\/\" class=\"elementor-item\" tabindex=\"-1\">Publicaci\u00f3n p\u00fablica obligatoria<\/a><\/li>\n<li class=\"vMenu menu-item menu-item-type-post_type menu-item-object-page menu-item-221\"><a href=\"https:\/\/sherifftest.venturacounty.gov\/es\/public-resources\/sex-offender-information\/\" class=\"elementor-item\" tabindex=\"-1\">Informaci\u00f3n sobre delincuentes sexuales<\/a><\/li>\n<li class=\"vMenu menu-item menu-item-type-post_type menu-item-object-page menu-item-220\"><a href=\"https:\/\/sherifftest.venturacounty.gov\/es\/public-resources\/victim-notification-vine\/\" class=\"elementor-item\" tabindex=\"-1\">Notificaci\u00f3n a las v\u00edctimas (VINE)<\/a><\/li>\n<li class=\"vMenu menu-item menu-item-type-custom menu-item-object-custom menu-item-230\"><a target=\"_blank\" href=\"http:\/\/www.venturacountycrimestoppers.org\/sitemenu.aspx?ID=375&#038;\" class=\"elementor-item\" tabindex=\"-1\">Organizaciones de prevenci\u00f3n del delito del condado de Ventura<\/a><\/li>\n<li class=\"vMenu menu-item menu-item-type-post_type menu-item-object-page menu-item-12493\"><a href=\"https:\/\/sherifftest.venturacounty.gov\/es\/public-resources\/victim-resources\/\" class=\"elementor-item\" tabindex=\"-1\">Recursos para v\u00edctimas<\/a><\/li>\n<\/ul>\t\t\t<\/nav>\n\t\t\t\t\t\t<\/div>\n\t\t\t\t<\/div>\n\t\t\t\t<\/div>\n\t\t<div class=\"elementor-element elementor-element-9a80528 e-flex e-con-boxed e-con e-child\" data-id=\"9a80528\" data-element_type=\"container\" data-e-type=\"container\" data-settings=\"{&quot;jet_parallax_layout_list&quot;:[]}\">\n\t\t\t\t\t<div class=\"e-con-inner\">\n\t\t\t\t<div class=\"elementor-element elementor-element-5dd3a47 elementor-widget elementor-widget-image\" data-id=\"5dd3a47\" data-element_type=\"widget\" data-e-type=\"widget\" data-widget_type=\"image.default\">\n\t\t\t\t<div class=\"elementor-widget-container\">\n\t\t\t\t\t\t\t\t\t\t\t\t\t\t\t<img fetchpriority=\"high\" decoding=\"async\" width=\"400\" height=\"300\" src=\"https:\/\/sherifftest.venturacounty.gov\/wp-content\/uploads\/2023\/07\/VA-VINE-e1537296834546.jpg\" class=\"attachment-large size-large wp-image-241\" alt=\"VINE\" \/>\t\t\t\t\t\t\t\t\t\t\t\t\t\t\t<\/div>\n\t\t\t\t<\/div>\n\t\t\t\t<div class=\"elementor-element elementor-element-e757c76 elementor-widget elementor-widget-text-editor\" data-id=\"e757c76\" data-element_type=\"widget\" data-e-type=\"widget\" data-widget_type=\"text-editor.default\">\n\t\t\t\t<div class=\"elementor-widget-container\">\n\t\t\t\t\t\t\t\t\t<p>La Oficina del Sheriff del Condado de Ventura proporciona informaci\u00f3n a un servicio llamado Informaci\u00f3n y notificaci\u00f3n a las v\u00edctimas todos los d\u00edas (VINE).<\/p><p>VINELink es un portal en l\u00ednea de VINE. VINE ha brindado a las v\u00edctimas y a los ciudadanos preocupados el poder de la informaci\u00f3n durante d\u00e9cadas, lo que les permite tener la sensaci\u00f3n de seguridad que merecen.<\/p><p>Se puede acceder a VINELink las 24 horas del d\u00eda, los siete d\u00edas de la semana, para brindar la informaci\u00f3n m\u00e1s confiable sobre cambios en el estado de custodia e informaci\u00f3n sobre casos penales. El servicio VINE brinda informaci\u00f3n por tel\u00e9fono, correo electr\u00f3nico, TTY y mensaje de texto cuando est\u00e9 disponible. Para obtener m\u00e1s informaci\u00f3n, visite el sitio web <a href=\"https:\/\/www.vinelink.com\/#\/home\">Enlace VINE<\/a> sitio web.<\/p>\t\t\t\t\t\t\t\t<\/div>\n\t\t\t\t<\/div>\n\t\t\t\t\t<\/div>\n\t\t\t\t<\/div>\n\t\t\t\t\t<\/div>\n\t\t\t\t<\/div>\n\t\t\t\t<\/div>","protected":false},"excerpt":{"rendered":"<p>The Ventura County Sheriff\u2019s Office provides information to a service called Victim Information and Notification Everyday (VINE). VINELink is an online portal to VINE. VINE has been providing victims and concerned citizens with the power of information for decades, allowing these individuals to have the sense of security that they deserve. VINELink can be accessed [&hellip;]<\/p>\n","protected":false},"author":6,"featured_media":0,"parent":242,"menu_order":0,"comment_status":"closed","ping_status":"closed","template":"","meta":{"footnotes":""},"class_list":["post-217","page","type-page","status-publish","hentry"],"_links":{"self":[{"href":"https:\/\/sherifftest.venturacounty.gov\/es\/wp-json\/wp\/v2\/pages\/217","targetHints":{"allow":["GET"]}}],"collection":[{"href":"https:\/\/sherifftest.venturacounty.gov\/es\/wp-json\/wp\/v2\/pages"}],"about":[{"href":"https:\/\/sherifftest.venturacounty.gov\/es\/wp-json\/wp\/v2\/types\/page"}],"author":[{"embeddable":true,"href":"https:\/\/sherifftest.venturacounty.gov\/es\/wp-json\/wp\/v2\/users\/6"}],"replies":[{"embeddable":true,"href":"https:\/\/sherifftest.venturacounty.gov\/es\/wp-json\/wp\/v2\/comments?post=217"}],"version-history":[{"count":0,"href":"https:\/\/sherifftest.venturacounty.gov\/es\/wp-json\/wp\/v2\/pages\/217\/revisions"}],"up":[{"embeddable":true,"href":"https:\/\/sherifftest.venturacounty.gov\/es\/wp-json\/wp\/v2\/pages\/242"}],"wp:attachment":[{"href":"https:\/\/sherifftest.venturacounty.gov\/es\/wp-json\/wp\/v2\/media?parent=217"}],"curies":[{"name":"gracias","href":"https:\/\/api.w.org\/{rel}","templated":true}]}}