{"id":250,"date":"2023-07-24T07:41:50","date_gmt":"2023-07-24T14:41:50","guid":{"rendered":"http:\/\/sherifftest.venturacounty.gov\/?page_id=250"},"modified":"2024-01-12T13:15:32","modified_gmt":"2024-01-12T21:15:32","slug":"volunteers-in-policing","status":"publish","type":"page","link":"https:\/\/sherifftest.venturacounty.gov\/es\/volunteers\/volunteers-in-policing\/","title":{"rendered":"Voluntarios en la polic\u00eda"},"content":{"rendered":"<div data-elementor-type=\"wp-page\" data-elementor-id=\"250\" class=\"elementor elementor-250\" data-elementor-post-type=\"page\">\n\t\t\t\t<div class=\"elementor-element elementor-element-b8a496c e-flex e-con-boxed e-con e-parent\" data-id=\"b8a496c\" data-element_type=\"container\" data-e-type=\"container\" data-settings=\"{&quot;jet_parallax_layout_list&quot;:[]}\">\n\t\t\t\t\t<div class=\"e-con-inner\">\n\t\t\t\t<div class=\"elementor-element elementor-element-a7db847 elementor-widget elementor-widget-heading\" data-id=\"a7db847\" data-element_type=\"widget\" data-e-type=\"widget\" data-widget_type=\"heading.default\">\n\t\t\t\t<div class=\"elementor-widget-container\">\n\t\t\t\t\t<h1 class=\"elementor-heading-title elementor-size-default\">Voluntarios en la polic\u00eda<\/h1>\t\t\t\t<\/div>\n\t\t\t\t<\/div>\n\t\t\t\t\t<\/div>\n\t\t\t\t<\/div>\n\t\t<div class=\"elementor-element elementor-element-d9f46dd e-flex e-con-boxed e-con e-parent\" data-id=\"d9f46dd\" data-element_type=\"container\" data-e-type=\"container\" data-settings=\"{&quot;jet_parallax_layout_list&quot;:[]}\">\n\t\t\t\t\t<div class=\"e-con-inner\">\n\t\t<div class=\"elementor-element elementor-element-485cdd4 e-con-full e-flex e-con e-child\" data-id=\"485cdd4\" data-element_type=\"container\" data-e-type=\"container\" data-settings=\"{&quot;jet_parallax_layout_list&quot;:[]}\">\n\t\t\t\t<div class=\"elementor-element elementor-element-94fe792 elementor-nav-menu--dropdown-tablet elementor-nav-menu__text-align-aside elementor-nav-menu--toggle elementor-nav-menu--burger elementor-widget elementor-widget-nav-menu\" data-id=\"94fe792\" data-element_type=\"widget\" data-e-type=\"widget\" data-settings=\"{&quot;layout&quot;:&quot;vertical&quot;,&quot;submenu_icon&quot;:{&quot;value&quot;:&quot;&lt;i class=\\&quot;fas fa-caret-down\\&quot;&gt;&lt;\\\/i&gt;&quot;,&quot;library&quot;:&quot;fa-solid&quot;},&quot;toggle&quot;:&quot;burger&quot;}\" data-widget_type=\"nav-menu.default\">\n\t\t\t\t<div class=\"elementor-widget-container\">\n\t\t\t\t\t\t\t\t<nav aria-label=\"Men\u00fa\" class=\"elementor-nav-menu--main elementor-nav-menu__container elementor-nav-menu--layout-vertical e--pointer-background e--animation-fade\">\n\t\t\t\t<ul id=\"menu-1-94fe792\" class=\"elementor-nav-menu sm-vertical\"><li class=\"vMenu menu-item menu-item-type-post_type menu-item-object-page menu-item-332\"><a href=\"https:\/\/sherifftest.venturacounty.gov\/es\/volunteers\/chaplain-program\/\" class=\"elementor-item\">Programa de capellan\u00eda<\/a><\/li>\n<li class=\"vMenu menu-item menu-item-type-post_type menu-item-object-page menu-item-333\"><a href=\"https:\/\/sherifftest.venturacounty.gov\/es\/volunteers\/explorer-program\/\" class=\"elementor-item\">Programa Explorer<\/a><\/li>\n<li class=\"vMenu menu-item menu-item-type-post_type menu-item-object-page menu-item-334\"><a href=\"https:\/\/sherifftest.venturacounty.gov\/es\/volunteers\/inmate-services\/\" class=\"elementor-item\">Servicios para reclusos<\/a><\/li>\n<li class=\"vMenu menu-item menu-item-type-post_type menu-item-object-page menu-item-335\"><a href=\"https:\/\/sherifftest.venturacounty.gov\/es\/volunteers\/mounted-volunteer-patrol\/\" class=\"elementor-item\">Voluntario montado del sheriff<\/a><\/li>\n<li class=\"vMenu menu-item menu-item-type-post_type menu-item-object-page menu-item-336\"><a href=\"https:\/\/sherifftest.venturacounty.gov\/es\/volunteers\/reserve-deputy\/\" class=\"elementor-item\">Diputado de reserva<\/a><\/li>\n<li class=\"vMenu menu-item menu-item-type-post_type menu-item-object-page menu-item-337\"><a href=\"https:\/\/sherifftest.venturacounty.gov\/es\/volunteers\/search-rescue\/\" class=\"elementor-item\">B\u00fasqueda y rescate<\/a><\/li>\n<li class=\"vMenu menu-item menu-item-type-post_type menu-item-object-page menu-item-338\"><a href=\"https:\/\/sherifftest.venturacounty.gov\/es\/volunteers\/volunteers-in-policing\/\" class=\"elementor-item\">Voluntarios en la polic\u00eda<\/a><\/li>\n<\/ul>\t\t\t<\/nav>\n\t\t\t\t\t<div class=\"elementor-menu-toggle\" role=\"button\" tabindex=\"0\" aria-label=\"Alternar men\u00fa\" aria-expanded=\"false\">\n\t\t\t<i aria-hidden=\"true\" role=\"presentation\" class=\"elementor-menu-toggle__icon--open eicon-menu-bar\"><\/i><i aria-hidden=\"true\" role=\"presentation\" class=\"elementor-menu-toggle__icon--close eicon-close\"><\/i>\t\t<\/div>\n\t\t\t\t\t<nav class=\"elementor-nav-menu--dropdown elementor-nav-menu__container\" aria-hidden=\"true\">\n\t\t\t\t<ul id=\"menu-2-94fe792\" class=\"elementor-nav-menu sm-vertical\"><li class=\"vMenu menu-item menu-item-type-post_type menu-item-object-page menu-item-332\"><a href=\"https:\/\/sherifftest.venturacounty.gov\/es\/volunteers\/chaplain-program\/\" class=\"elementor-item\" tabindex=\"-1\">Programa de capellan\u00eda<\/a><\/li>\n<li class=\"vMenu menu-item menu-item-type-post_type menu-item-object-page menu-item-333\"><a href=\"https:\/\/sherifftest.venturacounty.gov\/es\/volunteers\/explorer-program\/\" class=\"elementor-item\" tabindex=\"-1\">Programa Explorer<\/a><\/li>\n<li class=\"vMenu menu-item menu-item-type-post_type menu-item-object-page menu-item-334\"><a href=\"https:\/\/sherifftest.venturacounty.gov\/es\/volunteers\/inmate-services\/\" class=\"elementor-item\" tabindex=\"-1\">Servicios para reclusos<\/a><\/li>\n<li class=\"vMenu menu-item menu-item-type-post_type menu-item-object-page menu-item-335\"><a href=\"https:\/\/sherifftest.venturacounty.gov\/es\/volunteers\/mounted-volunteer-patrol\/\" class=\"elementor-item\" tabindex=\"-1\">Voluntario montado del sheriff<\/a><\/li>\n<li class=\"vMenu menu-item menu-item-type-post_type menu-item-object-page menu-item-336\"><a href=\"https:\/\/sherifftest.venturacounty.gov\/es\/volunteers\/reserve-deputy\/\" class=\"elementor-item\" tabindex=\"-1\">Diputado de reserva<\/a><\/li>\n<li class=\"vMenu menu-item menu-item-type-post_type menu-item-object-page menu-item-337\"><a href=\"https:\/\/sherifftest.venturacounty.gov\/es\/volunteers\/search-rescue\/\" class=\"elementor-item\" tabindex=\"-1\">B\u00fasqueda y rescate<\/a><\/li>\n<li class=\"vMenu menu-item menu-item-type-post_type menu-item-object-page menu-item-338\"><a href=\"https:\/\/sherifftest.venturacounty.gov\/es\/volunteers\/volunteers-in-policing\/\" class=\"elementor-item\" tabindex=\"-1\">Voluntarios en la polic\u00eda<\/a><\/li>\n<\/ul>\t\t\t<\/nav>\n\t\t\t\t\t\t<\/div>\n\t\t\t\t<\/div>\n\t\t\t\t<\/div>\n\t\t<div class=\"elementor-element elementor-element-9a80528 e-flex e-con-boxed e-con e-child\" data-id=\"9a80528\" data-element_type=\"container\" data-e-type=\"container\" data-settings=\"{&quot;jet_parallax_layout_list&quot;:[]}\">\n\t\t\t\t\t<div class=\"e-con-inner\">\n\t\t\t\t<div class=\"elementor-element elementor-element-5dd3a47 elementor-widget elementor-widget-image\" data-id=\"5dd3a47\" data-element_type=\"widget\" data-e-type=\"widget\" data-widget_type=\"image.default\">\n\t\t\t\t<div class=\"elementor-widget-container\">\n\t\t\t\t\t\t\t\t\t\t\t\t\t\t\t<img fetchpriority=\"high\" decoding=\"async\" width=\"800\" height=\"355\" src=\"https:\/\/sherifftest.venturacounty.gov\/wp-content\/uploads\/2023\/11\/DSC_7554-49-1024x455.jpg\" class=\"attachment-large size-large wp-image-12133\" alt=\"\" srcset=\"https:\/\/sherifftest.venturacounty.gov\/wp-content\/uploads\/2023\/11\/DSC_7554-49-1024x455.jpg 1024w, https:\/\/sherifftest.venturacounty.gov\/wp-content\/uploads\/2023\/11\/DSC_7554-49-480x213.jpg 480w, https:\/\/sherifftest.venturacounty.gov\/wp-content\/uploads\/2023\/11\/DSC_7554-49-768x341.jpg 768w, https:\/\/sherifftest.venturacounty.gov\/wp-content\/uploads\/2023\/11\/DSC_7554-49-1536x683.jpg 1536w, https:\/\/sherifftest.venturacounty.gov\/wp-content\/uploads\/2023\/11\/DSC_7554-49-2048x910.jpg 2048w\" sizes=\"(max-width: 800px) 100vw, 800px\" \/>\t\t\t\t\t\t\t\t\t\t\t\t\t\t\t<\/div>\n\t\t\t\t<\/div>\n\t\t\t\t<div class=\"elementor-element elementor-element-e757c76 elementor-widget elementor-widget-text-editor\" data-id=\"e757c76\" data-element_type=\"widget\" data-e-type=\"widget\" data-widget_type=\"text-editor.default\">\n\t\t\t\t<div class=\"elementor-widget-container\">\n\t\t\t\t\t\t\t\t\t<p>Los miembros de los voluntarios de la polic\u00eda (VIP) realizan funciones policiales rutinarias que permiten a los agentes concentrarse m\u00e1s en las tareas que solo el personal juramentado puede realizar. Los ciudadanos que se ofrecen como voluntarios para este programa se someter\u00e1n a una investigaci\u00f3n de antecedentes y ser\u00e1n cuidadosamente seleccionados en cuanto a su criterio, madurez y capacidad para trabajar en equipo. En la mayor\u00eda de las estaciones de patrulla, los miembros VIP no est\u00e1n obligados a asistir a una academia ciudadana, sin embargo, se les recomienda que lo hagan. La capacitaci\u00f3n incluye redacci\u00f3n de informes, primeros auxilios y RCP, toma de huellas dactilares, control de tr\u00e1fico, uso de la radio policial, procedimientos de observaci\u00f3n y presentaci\u00f3n de informes, habilidades b\u00e1sicas de conducci\u00f3n y ciertas tareas administrativas.<\/p>\n<p><\/p>\n<p>Requisitos: Debe contribuir 20 horas por mes o 60 horas en un per\u00edodo de 3 meses. Debe asistir a reuniones de capacitaci\u00f3n peri\u00f3dicas. Debe tener buena salud. Se recomienda tener conocimientos de inform\u00e1tica. El uniforme se proporcionar\u00e1 sin costo. Si est\u00e1 interesado en convertirse en un VIP, comun\u00edquese con su estaci\u00f3n correspondiente a continuaci\u00f3n y solicite hablar con el coordinador de voluntarios de la estaci\u00f3n.<\/p>\n<p><\/p>\n<p>Estaci\u00f3n Camarillo: (805) 388-5135<\/p>\n<p>Estaci\u00f3n de Ojai: (805) 646-1414<\/p>\n<p>Estaci\u00f3n Fillmore: (805) 524-2233<\/p>\n<p>Estaci\u00f3n Thousand Oaks: (805) 371-8398<\/p>\n<p>Estaci\u00f3n Moorpark: (805) 532-2700&nbsp;<\/p>\t\t\t\t\t\t\t\t<\/div>\n\t\t\t\t<\/div>\n\t\t\t\t\t<\/div>\n\t\t\t\t<\/div>\n\t\t\t\t\t<\/div>\n\t\t\t\t<\/div>\n\t\t\t\t<\/div>","protected":false},"excerpt":{"rendered":"<p>Volunteers in Policing (VIP) members perform routine police functions allowing deputies to concentrate more on the duties that only sworn personnel can perform. Citizens who volunteer for this program will undergo a background investigation and be carefully screened as to judgment, maturity, and ability to work within a team concept. In most patrol stations VIP [&hellip;]<\/p>\n","protected":false},"author":6,"featured_media":0,"parent":243,"menu_order":0,"comment_status":"closed","ping_status":"closed","template":"","meta":{"footnotes":""},"class_list":["post-250","page","type-page","status-publish","hentry"],"_links":{"self":[{"href":"https:\/\/sherifftest.venturacounty.gov\/es\/wp-json\/wp\/v2\/pages\/250","targetHints":{"allow":["GET"]}}],"collection":[{"href":"https:\/\/sherifftest.venturacounty.gov\/es\/wp-json\/wp\/v2\/pages"}],"about":[{"href":"https:\/\/sherifftest.venturacounty.gov\/es\/wp-json\/wp\/v2\/types\/page"}],"author":[{"embeddable":true,"href":"https:\/\/sherifftest.venturacounty.gov\/es\/wp-json\/wp\/v2\/users\/6"}],"replies":[{"embeddable":true,"href":"https:\/\/sherifftest.venturacounty.gov\/es\/wp-json\/wp\/v2\/comments?post=250"}],"version-history":[{"count":0,"href":"https:\/\/sherifftest.venturacounty.gov\/es\/wp-json\/wp\/v2\/pages\/250\/revisions"}],"up":[{"embeddable":true,"href":"https:\/\/sherifftest.venturacounty.gov\/es\/wp-json\/wp\/v2\/pages\/243"}],"wp:attachment":[{"href":"https:\/\/sherifftest.venturacounty.gov\/es\/wp-json\/wp\/v2\/media?parent=250"}],"curies":[{"name":"gracias","href":"https:\/\/api.w.org\/{rel}","templated":true}]}}