{"id":349,"date":"2023-07-28T11:10:28","date_gmt":"2023-07-28T18:10:28","guid":{"rendered":"http:\/\/sherifftest.venturacounty.gov\/?page_id=349"},"modified":"2023-07-28T11:14:04","modified_gmt":"2023-07-28T18:14:04","slug":"social-media-terms-of-use","status":"publish","type":"page","link":"https:\/\/sherifftest.venturacounty.gov\/es\/social-media-terms-of-use\/","title":{"rendered":"Condiciones de uso de las redes sociales"},"content":{"rendered":"<div data-elementor-type=\"wp-page\" data-elementor-id=\"349\" class=\"elementor elementor-349\" data-elementor-post-type=\"page\">\n\t\t\t\t<div class=\"elementor-element elementor-element-b8a496c e-flex e-con-boxed e-con e-parent\" data-id=\"b8a496c\" data-element_type=\"container\" data-e-type=\"container\" data-settings=\"{&quot;jet_parallax_layout_list&quot;:[]}\">\n\t\t\t\t\t<div class=\"e-con-inner\">\n\t\t\t\t<div class=\"elementor-element elementor-element-a7db847 elementor-widget elementor-widget-heading\" data-id=\"a7db847\" data-element_type=\"widget\" data-e-type=\"widget\" data-widget_type=\"heading.default\">\n\t\t\t\t<div class=\"elementor-widget-container\">\n\t\t\t\t\t<h1 class=\"elementor-heading-title elementor-size-default\">Condiciones de uso de las redes sociales<\/h1>\t\t\t\t<\/div>\n\t\t\t\t<\/div>\n\t\t\t\t\t<\/div>\n\t\t\t\t<\/div>\n\t\t<div class=\"elementor-element elementor-element-d9f46dd e-flex e-con-boxed e-con e-parent\" data-id=\"d9f46dd\" data-element_type=\"container\" data-e-type=\"container\" data-settings=\"{&quot;jet_parallax_layout_list&quot;:[]}\">\n\t\t\t\t\t<div class=\"e-con-inner\">\n\t\t<div class=\"elementor-element elementor-element-9a80528 e-flex e-con-boxed e-con e-child\" data-id=\"9a80528\" data-element_type=\"container\" data-e-type=\"container\" data-settings=\"{&quot;jet_parallax_layout_list&quot;:[]}\">\n\t\t\t\t\t<div class=\"e-con-inner\">\n\t\t\t\t<div class=\"elementor-element elementor-element-e757c76 elementor-widget elementor-widget-text-editor\" data-id=\"e757c76\" data-element_type=\"widget\" data-e-type=\"widget\" data-widget_type=\"text-editor.default\">\n\t\t\t\t<div class=\"elementor-widget-container\">\n\t\t\t\t\t\t\t\t\t<p>CONDICIONES DE USO<\/p><p>La Oficina del Sheriff del Condado de Ventura mantiene sus perfiles en las redes sociales como foros p\u00fablicos limitados, destinados a brindar informaci\u00f3n sobre la Oficina del Sheriff del Condado de Ventura al p\u00fablico. Agradecemos las contribuciones y los comentarios pertinentes y apropiados de los visitantes.<\/p><p>\u00a0<\/p><p>Las p\u00e1ginas tienen como objetivo servir como canales de concientizaci\u00f3n p\u00fablica entre el p\u00fablico y la Oficina del Sheriff del Condado de Ventura sobre los temas publicados. No tienen como objetivo servir como un medio para que el p\u00fablico informe emergencias, ya que no se monitorean continuamente. La Oficina del Sheriff del Condado de Ventura no har\u00e1 comentarios en sus p\u00e1ginas sobre detalles espec\u00edficos de investigaciones criminales, investigaciones administrativas o asuntos de personal. La Oficina del Sheriff del Condado de Ventura no participar\u00e1 en un di\u00e1logo prolongado sobre temas que aparecen en sus p\u00e1ginas.<\/p><p>\u00a0<\/p><p>Debido a que las p\u00e1ginas son p\u00fablicas y potencialmente visibles para personas de todas las edades y or\u00edgenes diversos, las publicaciones deben ser respetuosas, c\u00edvicas y consideradas con los visitantes. Los administradores del sitio monitorean los comentarios, enlaces web, videos y fotos publicados y eliminar\u00e1n el contenido inapropiado lo antes posible y sin previo aviso. La Oficina del Sheriff del Condado de Ventura se reserva el derecho de eliminar contenido inapropiado, incluidos, entre otros, aquellos elementos que contengan:<\/p><p>\u00a0<\/p><ul><li>Lenguaje abusivo, profano o vulgar<\/li><li>Contenido sexual, material gr\u00e1fico u obsceno, o material que de otro modo violar\u00eda la ley si se publicara en este sitio.<\/li><li>Declaraciones racistas o discriminatorias<\/li><li>Amenazas o difamaci\u00f3n de cualquier persona u organizaci\u00f3n<\/li><li>Ataques personales a individuos<\/li><li>Publicaci\u00f3n de informaci\u00f3n privada o identificativa sobre un individuo en particular<\/li><li>Violaci\u00f3n del inter\u00e9s de propiedad legal de otra parte<\/li><li>Promoci\u00f3n de la violencia<\/li><li>Promoci\u00f3n de actividades ilegales<\/li><li>Promoci\u00f3n de servicios\/productos comerciales<\/li><li>Informaci\u00f3n m\u00e9dica de identificaci\u00f3n personal<\/li><li>M\u00faltiples comentarios\/publicaciones similares\/duplicados (com\u00fanmente conocido como \u201cspam\u201d).<\/li><\/ul><p>\u00a0<\/p><p>La informaci\u00f3n significativamente incorrecta, enga\u00f1osa o deliberadamente inexacta, incluida la suplantaci\u00f3n de identidad de cualquier otra persona, tambi\u00e9n puede estar sujeta a eliminaci\u00f3n, as\u00ed como los comentarios que no est\u00e9n relacionados con el tema en particular que se presenta. Tenga en cuenta que la configuraci\u00f3n de lenguaje grosero est\u00e1 habilitada en las p\u00e1ginas y los comentarios con ese lenguaje se ocultan autom\u00e1ticamente (no se eliminan).<\/p><p>\u00a0<\/p><p>La Oficina del Sheriff del Condado de Ventura no impide que las personas realicen publicaciones basadas en su punto de vista.<\/p><p>\u00a0<\/p><p>La Oficina del Sheriff del Condado de Ventura no editar\u00e1 sus comentarios para que cumplan con los T\u00e9rminos de uso. Por lo tanto, aseg\u00farese de que sus comentarios cumplan con esta pol\u00edtica si desea que se publiquen. A las personas que violen estos t\u00e9rminos de uso se les puede prohibir realizar futuras publicaciones en este sitio.<\/p><p>\u00a0<\/p><p>La Oficina del Sheriff del Condado de Ventura rechaza toda responsabilidad por cualquier material que se considere inapropiado para su publicaci\u00f3n y que no pueda eliminarse de manera r\u00e1pida y oportuna.<\/p><p>\u00a0<\/p><p>Todos los comentarios publicados en las p\u00e1ginas est\u00e1n sujetos a la Declaraci\u00f3n de derechos y responsabilidades de cada plataforma de redes sociales, y la Oficina del Sheriff del Condado de Ventura se reserva el derecho de denunciar cualquier infracci\u00f3n con la intenci\u00f3n de que cada empresa tome las medidas de respuesta adecuadas y razonables. Para obtener m\u00e1s informaci\u00f3n sobre la Oficina del Sheriff del Condado de Ventura, visite nuestro sitio web en <a href=\"https:\/\/sherifftest.venturacounty.gov\/es\/\">http:\/\/www.venturasheriff.org\/<\/a>.<\/p><p>\u00a0<\/p><p>Privacidad<\/p><p>Para proteger su privacidad personal y la privacidad de otras personas, no incluya informaci\u00f3n personal identificable o confidencial en sus publicaciones, como n\u00fameros de Seguro Social, n\u00fameros de tel\u00e9fono o direcciones. La publicaci\u00f3n de comentarios en este sitio otorgar\u00e1 a la Oficina del Sheriff del Condado de Ventura y a cualquier persona que lea este sitio permiso para copiar, distribuir, hacer derivados, mostrar o utilizar de otro modo el comentario.<\/p><p>\u00a0<\/p><p>Sin avales<\/p><p>Las opiniones expresadas por los visitantes de esta p\u00e1gina no reflejan las opiniones de la Oficina del Sheriff del Condado de Ventura, sus funcionarios electos y\/o empleados. Los comentarios no pueden reproducirse con el prop\u00f3sito de afirmar o implicar el respaldo o aprobaci\u00f3n de la Oficina del Sheriff del Condado de Ventura de ning\u00fan punto de vista, producto, servicio, entidad u organizaci\u00f3n. Cualquier referencia en este sitio a entidades comerciales, productos, servicios u otras organizaciones no gubernamentales o individuos se proporciona \u00fanicamente con fines informativos o es proporcionada por el servicio de alojamiento web. Dichas referencias no constituyen un respaldo oficial de ning\u00fan producto, persona o servicio.<\/p><p>\u00a0<\/p><p>Liberaci\u00f3n de responsabilidad<\/p><p>Al acceder a este sitio, usted acepta eximir a la Oficina del Sheriff del Condado de Ventura de reclamos, demandas y da\u00f1os (reales y consecuentes) de todo tipo y naturaleza, conocidos y desconocidos, que surjan de o est\u00e9n de alguna manera relacionados con cualquier disputa que involucre la publicaci\u00f3n de comentarios o cualquier otro contenido en este sitio. Al aceptar esta exenci\u00f3n, usted renuncia expresamente a cualquier protecci\u00f3n (ya sea estatutaria o de otro tipo) que de otra manera limitar\u00eda la cobertura de esta exenci\u00f3n para incluir solo aquellos reclamos que usted pueda saber o sospechar que existen a su favor al momento de aceptar esta exenci\u00f3n.<\/p><p>\u00a0<\/p><p>Enmiendas<\/p><p>Esta pol\u00edtica puede actualizarse o modificarse en cualquier momento.<\/p>\t\t\t\t\t\t\t\t<\/div>\n\t\t\t\t<\/div>\n\t\t\t\t\t<\/div>\n\t\t\t\t<\/div>\n\t\t\t\t\t<\/div>\n\t\t\t\t<\/div>\n\t\t\t\t<\/div>","protected":false},"excerpt":{"rendered":"<p>TERMS OF USE The Ventura County Sheriff\u2019s Office maintains its social media profiles as limited public forums, intended to provide information about the Ventura County Sheriff\u2019s Office to the public. We welcome relevant and appropriate contributions and comments from visitors. \u00a0 The pages are intended to serve as public awareness channels between the public and [&hellip;]<\/p>\n","protected":false},"author":6,"featured_media":0,"parent":0,"menu_order":0,"comment_status":"closed","ping_status":"closed","template":"","meta":{"footnotes":""},"class_list":["post-349","page","type-page","status-publish","hentry"],"_links":{"self":[{"href":"https:\/\/sherifftest.venturacounty.gov\/es\/wp-json\/wp\/v2\/pages\/349","targetHints":{"allow":["GET"]}}],"collection":[{"href":"https:\/\/sherifftest.venturacounty.gov\/es\/wp-json\/wp\/v2\/pages"}],"about":[{"href":"https:\/\/sherifftest.venturacounty.gov\/es\/wp-json\/wp\/v2\/types\/page"}],"author":[{"embeddable":true,"href":"https:\/\/sherifftest.venturacounty.gov\/es\/wp-json\/wp\/v2\/users\/6"}],"replies":[{"embeddable":true,"href":"https:\/\/sherifftest.venturacounty.gov\/es\/wp-json\/wp\/v2\/comments?post=349"}],"version-history":[{"count":0,"href":"https:\/\/sherifftest.venturacounty.gov\/es\/wp-json\/wp\/v2\/pages\/349\/revisions"}],"wp:attachment":[{"href":"https:\/\/sherifftest.venturacounty.gov\/es\/wp-json\/wp\/v2\/media?parent=349"}],"curies":[{"name":"gracias","href":"https:\/\/api.w.org\/{rel}","templated":true}]}}