{"id":379,"date":"2023-07-31T21:03:51","date_gmt":"2023-08-01T04:03:51","guid":{"rendered":"http:\/\/sherifftest.venturacounty.gov\/?page_id=379"},"modified":"2024-02-02T17:49:43","modified_gmt":"2024-02-03T01:49:43","slug":"inmate-visiting-guidelines","status":"publish","type":"page","link":"https:\/\/sherifftest.venturacounty.gov\/es\/inmate-information\/inmate-visiting-guidelines\/","title":{"rendered":"Pautas para las visitas a los reclusos"},"content":{"rendered":"<div data-elementor-type=\"wp-page\" data-elementor-id=\"379\" class=\"elementor elementor-379\" data-elementor-post-type=\"page\">\n\t\t\t\t<div class=\"elementor-element elementor-element-b8a496c e-flex e-con-boxed e-con e-parent\" data-id=\"b8a496c\" data-element_type=\"container\" data-e-type=\"container\" data-settings=\"{&quot;jet_parallax_layout_list&quot;:[]}\">\n\t\t\t\t\t<div class=\"e-con-inner\">\n\t\t\t\t<div class=\"elementor-element elementor-element-a7db847 elementor-widget elementor-widget-heading\" data-id=\"a7db847\" data-element_type=\"widget\" data-e-type=\"widget\" data-widget_type=\"heading.default\">\n\t\t\t\t<div class=\"elementor-widget-container\">\n\t\t\t\t\t<h1 class=\"elementor-heading-title elementor-size-default\">Pautas para las visitas a los reclusos<\/h1>\t\t\t\t<\/div>\n\t\t\t\t<\/div>\n\t\t\t\t\t<\/div>\n\t\t\t\t<\/div>\n\t\t<div class=\"elementor-element elementor-element-d9f46dd e-flex e-con-boxed e-con e-parent\" data-id=\"d9f46dd\" data-element_type=\"container\" data-e-type=\"container\" data-settings=\"{&quot;jet_parallax_layout_list&quot;:[]}\">\n\t\t\t\t\t<div class=\"e-con-inner\">\n\t\t<div class=\"elementor-element elementor-element-485cdd4 e-con-full e-flex e-con e-child\" data-id=\"485cdd4\" data-element_type=\"container\" data-e-type=\"container\" data-settings=\"{&quot;jet_parallax_layout_list&quot;:[]}\">\n\t\t\t\t<div class=\"elementor-element elementor-element-94fe792 elementor-nav-menu--dropdown-tablet elementor-nav-menu__text-align-aside elementor-nav-menu--toggle elementor-nav-menu--burger elementor-widget elementor-widget-nav-menu\" data-id=\"94fe792\" data-element_type=\"widget\" data-e-type=\"widget\" data-settings=\"{&quot;layout&quot;:&quot;vertical&quot;,&quot;submenu_icon&quot;:{&quot;value&quot;:&quot;&lt;i class=\\&quot;fas fa-caret-down\\&quot;&gt;&lt;\\\/i&gt;&quot;,&quot;library&quot;:&quot;fa-solid&quot;},&quot;toggle&quot;:&quot;burger&quot;}\" data-widget_type=\"nav-menu.default\">\n\t\t\t\t<div class=\"elementor-widget-container\">\n\t\t\t\t\t\t\t\t<nav aria-label=\"Men\u00fa\" class=\"elementor-nav-menu--main elementor-nav-menu__container elementor-nav-menu--layout-vertical e--pointer-background e--animation-fade\">\n\t\t\t\t<ul id=\"menu-1-94fe792\" class=\"elementor-nav-menu sm-vertical\"><li class=\"vMenu menu-item menu-item-type-post_type menu-item-object-page menu-item-401\"><a href=\"https:\/\/sherifftest.venturacounty.gov\/es\/inmate-information\/inmate-visiting-guidelines\/\" class=\"elementor-item\">Pautas para las visitas a los reclusos<\/a><\/li>\n<li class=\"vMenu menu-item menu-item-type-post_type menu-item-object-page menu-item-419\"><a href=\"https:\/\/sherifftest.venturacounty.gov\/es\/inmate-information\/pre-trial-detention-facility\/\" class=\"elementor-item\">Centro de detenci\u00f3n preventiva<\/a><\/li>\n<li class=\"vMenu menu-item menu-item-type-post_type menu-item-object-page menu-item-402\"><a href=\"https:\/\/sherifftest.venturacounty.gov\/es\/inmate-information\/todd-road-jail\/\" class=\"elementor-item\">C\u00e1rcel de Todd Road<\/a><\/li>\n<li class=\"vMenu menu-item menu-item-type-post_type menu-item-object-page menu-item-403\"><a href=\"https:\/\/sherifftest.venturacounty.gov\/es\/inmate-information\/video-visitation\/\" class=\"elementor-item\">Visitas por video<\/a><\/li>\n<li class=\"vMenu menu-item menu-item-type-post_type menu-item-object-page menu-item-399\"><a href=\"https:\/\/sherifftest.venturacounty.gov\/es\/inmate-information\/reporting-inmate-abuse\/\" class=\"elementor-item\">C\u00f3mo denunciar el abuso de reclusos<\/a><\/li>\n<\/ul>\t\t\t<\/nav>\n\t\t\t\t\t<div class=\"elementor-menu-toggle\" role=\"button\" tabindex=\"0\" aria-label=\"Alternar men\u00fa\" aria-expanded=\"false\">\n\t\t\t<i aria-hidden=\"true\" role=\"presentation\" class=\"elementor-menu-toggle__icon--open eicon-menu-bar\"><\/i><i aria-hidden=\"true\" role=\"presentation\" class=\"elementor-menu-toggle__icon--close eicon-close\"><\/i>\t\t<\/div>\n\t\t\t\t\t<nav class=\"elementor-nav-menu--dropdown elementor-nav-menu__container\" aria-hidden=\"true\">\n\t\t\t\t<ul id=\"menu-2-94fe792\" class=\"elementor-nav-menu sm-vertical\"><li class=\"vMenu menu-item menu-item-type-post_type menu-item-object-page menu-item-401\"><a href=\"https:\/\/sherifftest.venturacounty.gov\/es\/inmate-information\/inmate-visiting-guidelines\/\" class=\"elementor-item\" tabindex=\"-1\">Pautas para las visitas a los reclusos<\/a><\/li>\n<li class=\"vMenu menu-item menu-item-type-post_type menu-item-object-page menu-item-419\"><a href=\"https:\/\/sherifftest.venturacounty.gov\/es\/inmate-information\/pre-trial-detention-facility\/\" class=\"elementor-item\" tabindex=\"-1\">Centro de detenci\u00f3n preventiva<\/a><\/li>\n<li class=\"vMenu menu-item menu-item-type-post_type menu-item-object-page menu-item-402\"><a href=\"https:\/\/sherifftest.venturacounty.gov\/es\/inmate-information\/todd-road-jail\/\" class=\"elementor-item\" tabindex=\"-1\">C\u00e1rcel de Todd Road<\/a><\/li>\n<li class=\"vMenu menu-item menu-item-type-post_type menu-item-object-page menu-item-403\"><a href=\"https:\/\/sherifftest.venturacounty.gov\/es\/inmate-information\/video-visitation\/\" class=\"elementor-item\" tabindex=\"-1\">Visitas por video<\/a><\/li>\n<li class=\"vMenu menu-item menu-item-type-post_type menu-item-object-page menu-item-399\"><a href=\"https:\/\/sherifftest.venturacounty.gov\/es\/inmate-information\/reporting-inmate-abuse\/\" class=\"elementor-item\" tabindex=\"-1\">C\u00f3mo denunciar el abuso de reclusos<\/a><\/li>\n<\/ul>\t\t\t<\/nav>\n\t\t\t\t\t\t<\/div>\n\t\t\t\t<\/div>\n\t\t\t\t<\/div>\n\t\t<div class=\"elementor-element elementor-element-9a80528 e-flex e-con-boxed e-con e-child\" data-id=\"9a80528\" data-element_type=\"container\" data-e-type=\"container\" data-settings=\"{&quot;jet_parallax_layout_list&quot;:[]}\">\n\t\t\t\t\t<div class=\"e-con-inner\">\n\t\t\t\t<div class=\"elementor-element elementor-element-e757c76 elementor-widget elementor-widget-text-editor\" data-id=\"e757c76\" data-element_type=\"widget\" data-e-type=\"widget\" data-widget_type=\"text-editor.default\">\n\t\t\t\t<div class=\"elementor-widget-container\">\n\t\t\t\t\t\t\t\t\t<p>Visita <a href=\"https:\/\/sherifftest.venturacounty.gov\/es\/inmate-information\/pre-trial-detention-facility\/\">Horario de visitas del Centro de Detenci\u00f3n Preventiva<\/a> Para m\u00e1s detalles.<\/p><p>Visita <a href=\"https:\/\/sherifftest.venturacounty.gov\/es\/inmate-information\/todd-road-jail\/\">Horario de visitas a la c\u00e1rcel de Todd Road<\/a> Para m\u00e1s detalles.<\/p><p>Visita <a href=\"https:\/\/sherifftest.venturacounty.gov\/es\/inmate-information\/video-visitation\/\">Visitas por video<\/a> Para m\u00e1s detalles.<\/p><p>Visita <a href=\"https:\/\/sherifftest.venturacounty.gov\/es\/inmate-information\/reporting-inmate-abuse\/\">C\u00f3mo denunciar el abuso de reclusos<\/a> Para m\u00e1s detalles.<\/p><p><strong>Pautas para las visitas a los reclusos<\/strong><\/p><ol><li>Todas las personas que entren en cualquier establecimiento estar\u00e1n sujetas a un registro personal y de sus bienes. Cualquier persona que infrinja alguna ley ser\u00e1 detenida y procesada.<\/li><li>Cualquier persona que haya sido ingresada en la c\u00e1rcel del condado de Ventura no podr\u00e1 realizar visitas durante un a\u00f1o calendario a partir de la fecha de su liberaci\u00f3n.<\/li><li>Pueden ocurrir retrasos en las visitas debido a emergencias dentro de las instalaciones.<\/li><li>Los reclusos reciben dos (2) visitas de treinta minutos, que pueden consistir en uno o dos adultos, o un adulto y un ni\u00f1o, por semana.<\/li><li>S\u00f3lo dos personas pueden visitar a un recluso a la vez (dos adultos o un ni\u00f1o menor y un adulto).<\/li><li>Los ni\u00f1os menores de edad deben estar acompa\u00f1ados por uno de sus padres, abuelos o tutor legal. Adem\u00e1s, los menores no pueden quedarse solos en ning\u00fan lugar de la c\u00e1rcel. Se puede solicitar una prueba de los derechos parentales o de la tutela. La decisi\u00f3n final de permitir la visita de un ni\u00f1o menor de edad recae en el Sargento de la prisi\u00f3n.<\/li><li>Se requiere identificaci\u00f3n con fotograf\u00eda. La identificaci\u00f3n con fotograf\u00eda se define como:<ol><li>Una licencia de conducir v\u00e1lida emitida por una agencia gubernamental; (no m\u00e1s de 30 d\u00edas vencida)<\/li><li>Una tarjeta de identificaci\u00f3n emitida por una agencia gubernamental;<\/li><li>Una tarjeta de identificaci\u00f3n militar emitida por una agencia gubernamental;<\/li><li>Un pasaporte v\u00e1lido y vigente;<\/li><li>Una tarjeta de identificaci\u00f3n de inmigraci\u00f3n v\u00e1lida\/actual emitida por una agencia gubernamental;<\/li><li>Se podr\u00e1n aceptar otras formas de identificaci\u00f3n con fotograf\u00eda v\u00e1lida, seg\u00fan el criterio del Sargento de la Instalaci\u00f3n.<\/li><\/ol><\/li><li>No se permite comida, bebidas ni fumar dentro del \u00e1rea de visita.<ol><li>Todos los visitantes deben cumplir con el siguiente c\u00f3digo de vestimenta:<\/li><li>Se requiere usar solo camisas CON mangas y zapatos. No se permiten pantalones rotos.<\/li><li>Los pantalones cortos y las faldas no deben estar m\u00e1s de 1\u2033 por encima de la rodilla;<\/li><li>No se permite ropa transparente, transparente o provocativa;<\/li><li>No se permiten blusas sin tirantes ni con abertura en el abdomen;<\/li><li>El uso de ropa que el personal de la instalaci\u00f3n considere inapropiada podr\u00e1 ser sometido a revisi\u00f3n por el Sargento de la Instalaci\u00f3n;<\/li><li>La negativa a cumplir con este c\u00f3digo de vestimenta puede resultar en que se niegue o finalice la visita.<\/li><\/ol><\/li><li>Los siguientes art\u00edculos est\u00e1n PERMITIDOS en el \u00e1rea de visita:<ol><li>Llavero personal;<\/li><li>Identificaci\u00f3n personal;<\/li><li>Un biber\u00f3n y\/o manta (si trae un beb\u00e9)<\/li><\/ol><\/li><li>NO est\u00e1 permitido en el \u00e1rea de visita:<ol><li>Bolsos, billeteras, mochilas, bolsas de pa\u00f1ales, portabeb\u00e9s, cochecitos, tel\u00e9fonos celulares, tel\u00e9fonos inteligentes y relojes inteligentes;<\/li><li>Libros, revistas, peri\u00f3dicos, im\u00e1genes u otros papeles diversos;<\/li><li>Dulces, comida, cigarrillos, f\u00f3sforos, encendedores, bol\u00edgrafos, l\u00e1pices;<\/li><li>C\u00e1maras<\/li><\/ol><\/li><\/ol><p>La posesi\u00f3n de art\u00edculos no permitidos en el \u00e1rea de visitas puede resultar en la cancelaci\u00f3n de su visita. El personal de las instalaciones no le guardar\u00e1 ning\u00fan art\u00edculo y no hay casilleros disponibles para guardarlo.<\/p>\t\t\t\t\t\t\t\t<\/div>\n\t\t\t\t<\/div>\n\t\t\t\t\t<\/div>\n\t\t\t\t<\/div>\n\t\t\t\t\t<\/div>\n\t\t\t\t<\/div>\n\t\t\t\t<\/div>","protected":false},"excerpt":{"rendered":"<p>Visit Pre-Trial Detention Facility visiting hours for details. Visit Todd Road Jail visiting hours for details. Visit Video Visitation for details. Visit Reporting Inmate Abuse for details. Inmate Visiting Guidelines All persons entering any facility are subject to a search of their persons and property. Any person found violating any law will be arrested and [&hellip;]<\/p>\n","protected":false},"author":6,"featured_media":0,"parent":376,"menu_order":0,"comment_status":"closed","ping_status":"closed","template":"","meta":{"footnotes":""},"class_list":["post-379","page","type-page","status-publish","hentry"],"_links":{"self":[{"href":"https:\/\/sherifftest.venturacounty.gov\/es\/wp-json\/wp\/v2\/pages\/379","targetHints":{"allow":["GET"]}}],"collection":[{"href":"https:\/\/sherifftest.venturacounty.gov\/es\/wp-json\/wp\/v2\/pages"}],"about":[{"href":"https:\/\/sherifftest.venturacounty.gov\/es\/wp-json\/wp\/v2\/types\/page"}],"author":[{"embeddable":true,"href":"https:\/\/sherifftest.venturacounty.gov\/es\/wp-json\/wp\/v2\/users\/6"}],"replies":[{"embeddable":true,"href":"https:\/\/sherifftest.venturacounty.gov\/es\/wp-json\/wp\/v2\/comments?post=379"}],"version-history":[{"count":0,"href":"https:\/\/sherifftest.venturacounty.gov\/es\/wp-json\/wp\/v2\/pages\/379\/revisions"}],"up":[{"embeddable":true,"href":"https:\/\/sherifftest.venturacounty.gov\/es\/wp-json\/wp\/v2\/pages\/376"}],"wp:attachment":[{"href":"https:\/\/sherifftest.venturacounty.gov\/es\/wp-json\/wp\/v2\/media?parent=379"}],"curies":[{"name":"gracias","href":"https:\/\/api.w.org\/{rel}","templated":true}]}}