{"id":380,"date":"2023-07-31T21:04:15","date_gmt":"2023-08-01T04:04:15","guid":{"rendered":"http:\/\/sherifftest.venturacounty.gov\/?page_id=380"},"modified":"2024-03-14T17:12:13","modified_gmt":"2024-03-15T00:12:13","slug":"pre-trial-detention-facility","status":"publish","type":"page","link":"https:\/\/sherifftest.venturacounty.gov\/es\/inmate-information\/pre-trial-detention-facility\/","title":{"rendered":"Centro de detenci\u00f3n preventiva"},"content":{"rendered":"<div data-elementor-type=\"wp-page\" data-elementor-id=\"380\" class=\"elementor elementor-380\" data-elementor-post-type=\"page\">\n\t\t\t\t<div class=\"elementor-element elementor-element-b8a496c e-flex e-con-boxed e-con e-parent\" data-id=\"b8a496c\" data-element_type=\"container\" data-e-type=\"container\" data-settings=\"{&quot;jet_parallax_layout_list&quot;:[]}\">\n\t\t\t\t\t<div class=\"e-con-inner\">\n\t\t\t\t<div class=\"elementor-element elementor-element-a7db847 elementor-widget elementor-widget-heading\" data-id=\"a7db847\" data-element_type=\"widget\" data-e-type=\"widget\" data-widget_type=\"heading.default\">\n\t\t\t\t<div class=\"elementor-widget-container\">\n\t\t\t\t\t<h1 class=\"elementor-heading-title elementor-size-default\">Centro de detenci\u00f3n preventiva<\/h1>\t\t\t\t<\/div>\n\t\t\t\t<\/div>\n\t\t\t\t\t<\/div>\n\t\t\t\t<\/div>\n\t\t<div class=\"elementor-element elementor-element-d9f46dd e-flex e-con-boxed e-con e-parent\" data-id=\"d9f46dd\" data-element_type=\"container\" data-e-type=\"container\" data-settings=\"{&quot;jet_parallax_layout_list&quot;:[]}\">\n\t\t\t\t\t<div class=\"e-con-inner\">\n\t\t<div class=\"elementor-element elementor-element-485cdd4 e-con-full e-flex e-con e-child\" data-id=\"485cdd4\" data-element_type=\"container\" data-e-type=\"container\" data-settings=\"{&quot;jet_parallax_layout_list&quot;:[]}\">\n\t\t\t\t<div class=\"elementor-element elementor-element-94fe792 elementor-nav-menu--dropdown-tablet elementor-nav-menu__text-align-aside elementor-nav-menu--toggle elementor-nav-menu--burger elementor-widget elementor-widget-nav-menu\" data-id=\"94fe792\" data-element_type=\"widget\" data-e-type=\"widget\" data-settings=\"{&quot;layout&quot;:&quot;vertical&quot;,&quot;submenu_icon&quot;:{&quot;value&quot;:&quot;&lt;i class=\\&quot;fas fa-caret-down\\&quot;&gt;&lt;\\\/i&gt;&quot;,&quot;library&quot;:&quot;fa-solid&quot;},&quot;toggle&quot;:&quot;burger&quot;}\" data-widget_type=\"nav-menu.default\">\n\t\t\t\t<div class=\"elementor-widget-container\">\n\t\t\t\t\t\t\t\t<nav aria-label=\"Men\u00fa\" class=\"elementor-nav-menu--main elementor-nav-menu__container elementor-nav-menu--layout-vertical e--pointer-background e--animation-fade\">\n\t\t\t\t<ul id=\"menu-1-94fe792\" class=\"elementor-nav-menu sm-vertical\"><li class=\"vMenu menu-item menu-item-type-post_type menu-item-object-page menu-item-401\"><a href=\"https:\/\/sherifftest.venturacounty.gov\/es\/inmate-information\/inmate-visiting-guidelines\/\" class=\"elementor-item\">Pautas para las visitas a los reclusos<\/a><\/li>\n<li class=\"vMenu menu-item menu-item-type-post_type menu-item-object-page menu-item-419\"><a href=\"https:\/\/sherifftest.venturacounty.gov\/es\/inmate-information\/pre-trial-detention-facility\/\" class=\"elementor-item\">Centro de detenci\u00f3n preventiva<\/a><\/li>\n<li class=\"vMenu menu-item menu-item-type-post_type menu-item-object-page menu-item-402\"><a href=\"https:\/\/sherifftest.venturacounty.gov\/es\/inmate-information\/todd-road-jail\/\" class=\"elementor-item\">C\u00e1rcel de Todd Road<\/a><\/li>\n<li class=\"vMenu menu-item menu-item-type-post_type menu-item-object-page menu-item-403\"><a href=\"https:\/\/sherifftest.venturacounty.gov\/es\/inmate-information\/video-visitation\/\" class=\"elementor-item\">Visitas por video<\/a><\/li>\n<li class=\"vMenu menu-item menu-item-type-post_type menu-item-object-page menu-item-399\"><a href=\"https:\/\/sherifftest.venturacounty.gov\/es\/inmate-information\/reporting-inmate-abuse\/\" class=\"elementor-item\">C\u00f3mo denunciar el abuso de reclusos<\/a><\/li>\n<\/ul>\t\t\t<\/nav>\n\t\t\t\t\t<div class=\"elementor-menu-toggle\" role=\"button\" tabindex=\"0\" aria-label=\"Alternar men\u00fa\" aria-expanded=\"false\">\n\t\t\t<i aria-hidden=\"true\" role=\"presentation\" class=\"elementor-menu-toggle__icon--open eicon-menu-bar\"><\/i><i aria-hidden=\"true\" role=\"presentation\" class=\"elementor-menu-toggle__icon--close eicon-close\"><\/i>\t\t<\/div>\n\t\t\t\t\t<nav class=\"elementor-nav-menu--dropdown elementor-nav-menu__container\" aria-hidden=\"true\">\n\t\t\t\t<ul id=\"menu-2-94fe792\" class=\"elementor-nav-menu sm-vertical\"><li class=\"vMenu menu-item menu-item-type-post_type menu-item-object-page menu-item-401\"><a href=\"https:\/\/sherifftest.venturacounty.gov\/es\/inmate-information\/inmate-visiting-guidelines\/\" class=\"elementor-item\" tabindex=\"-1\">Pautas para las visitas a los reclusos<\/a><\/li>\n<li class=\"vMenu menu-item menu-item-type-post_type menu-item-object-page menu-item-419\"><a href=\"https:\/\/sherifftest.venturacounty.gov\/es\/inmate-information\/pre-trial-detention-facility\/\" class=\"elementor-item\" tabindex=\"-1\">Centro de detenci\u00f3n preventiva<\/a><\/li>\n<li class=\"vMenu menu-item menu-item-type-post_type menu-item-object-page menu-item-402\"><a href=\"https:\/\/sherifftest.venturacounty.gov\/es\/inmate-information\/todd-road-jail\/\" class=\"elementor-item\" tabindex=\"-1\">C\u00e1rcel de Todd Road<\/a><\/li>\n<li class=\"vMenu menu-item menu-item-type-post_type menu-item-object-page menu-item-403\"><a href=\"https:\/\/sherifftest.venturacounty.gov\/es\/inmate-information\/video-visitation\/\" class=\"elementor-item\" tabindex=\"-1\">Visitas por video<\/a><\/li>\n<li class=\"vMenu menu-item menu-item-type-post_type menu-item-object-page menu-item-399\"><a href=\"https:\/\/sherifftest.venturacounty.gov\/es\/inmate-information\/reporting-inmate-abuse\/\" class=\"elementor-item\" tabindex=\"-1\">C\u00f3mo denunciar el abuso de reclusos<\/a><\/li>\n<\/ul>\t\t\t<\/nav>\n\t\t\t\t\t\t<\/div>\n\t\t\t\t<\/div>\n\t\t\t\t<\/div>\n\t\t<div class=\"elementor-element elementor-element-9a80528 e-flex e-con-boxed e-con e-child\" data-id=\"9a80528\" data-element_type=\"container\" data-e-type=\"container\" data-settings=\"{&quot;jet_parallax_layout_list&quot;:[]}\">\n\t\t\t\t\t<div class=\"e-con-inner\">\n\t\t\t\t<div class=\"elementor-element elementor-element-e757c76 elementor-widget elementor-widget-text-editor\" data-id=\"e757c76\" data-element_type=\"widget\" data-e-type=\"widget\" data-widget_type=\"text-editor.default\">\n\t\t\t\t<div class=\"elementor-widget-container\">\n\t\t\t\t\t\t\t\t\t<p><strong>HORARIO DE VISITAS DEL CENTRO DE DETENCI\u00d3N PREVIA AL JUICIO \u2013 805-654-3335<\/strong><\/p><p><span style=\"text-decoration: underline; color: #ff0000;\" data-darkreader-inline-color=\"\">PARA CONOCER LA DISPONIBILIDAD DE LOS RECLUSOS, LLAME AL CENTRO ANTES DE VISITARLO<\/span><\/p><p>Se han creado horarios de visitas en persona tanto para la c\u00e1rcel principal como para la c\u00e1rcel de Todd Road. Se han hecho todos los esfuerzos posibles para maximizar las oportunidades de visitas; si hay una gran demanda, puede haber momentos en que no se puedan atender a los visitantes. Las visitas por video, tabletas, correo postal, correo electr\u00f3nico y llamadas telef\u00f3nicas tambi\u00e9n son opciones. Consulte el sitio web del Sheriff para obtener m\u00e1s detalles.<\/p><p>Se espera que los visitantes se registren con el personal en el vest\u00edbulo de recepci\u00f3n p\u00fablica una hora antes del inicio de la visita.<\/p><ul><li>Los reclusos reciben de 2 a 30 minutos de visita por semana.<\/li><li>Dos visitantes por visita. 2 adultos o 1 adulto 1 menor<\/li><li>Los d\u00edas de visita son los mi\u00e9rcoles, jueves, s\u00e1bados y domingos.<\/li><li>Hay varias sesiones de visita cada d\u00eda.<\/li><li>El horario de atenci\u00f3n del mostrador p\u00fablico es de 6 a. m. a 11 p. m. de lunes a domingo.<\/li><\/ul><p>*El mostrador de recepci\u00f3n p\u00fablica en la c\u00e1rcel principal est\u00e1 cerrado de 11:00 p. m. a 6:00 a. m. Hay un tel\u00e9fono disponible en el vest\u00edbulo si necesita ayuda.<\/p><p>*Fecha de vigencia: 21 de junio de 2023.<\/p>\t\t\t\t\t\t\t\t<\/div>\n\t\t\t\t<\/div>\n\t\t\t\t<div class=\"elementor-element elementor-element-74cc582 elementor-widget elementor-widget-image\" data-id=\"74cc582\" data-element_type=\"widget\" data-e-type=\"widget\" data-widget_type=\"image.default\">\n\t\t\t\t<div class=\"elementor-widget-container\">\n\t\t\t\t\t\t\t\t\t\t\t\t\t\t\t<img fetchpriority=\"high\" decoding=\"async\" width=\"756\" height=\"611\" src=\"https:\/\/sherifftest.venturacounty.gov\/wp-content\/uploads\/2024\/03\/mainjail-schedule.jpg\" class=\"attachment-large size-large wp-image-12680\" alt=\"Main Jail Schedule\" srcset=\"https:\/\/sherifftest.venturacounty.gov\/wp-content\/uploads\/2024\/03\/mainjail-schedule.jpg 756w, https:\/\/sherifftest.venturacounty.gov\/wp-content\/uploads\/2024\/03\/mainjail-schedule-480x388.jpg 480w\" sizes=\"(max-width: 756px) 100vw, 756px\" \/>\t\t\t\t\t\t\t\t\t\t\t\t\t\t\t<\/div>\n\t\t\t\t<\/div>\n\t\t\t\t<div class=\"elementor-element elementor-element-267edba elementor-hidden-desktop elementor-hidden-tablet elementor-hidden-mobile elementor-widget elementor-widget-html\" data-id=\"267edba\" data-element_type=\"widget\" data-e-type=\"widget\" data-widget_type=\"html.default\">\n\t\t\t\t<div class=\"elementor-widget-container\">\n\t\t\t\t\t<table class=\"table table-bordered centered text-center\" summary=\"Pre-Trial Detention Facility Visiting Hours\" width=\"717\"><tbody><tr><td width=\"134\"><strong>HORAS<\/strong><\/td><td width=\"88\"><strong>LUNES<\/strong><\/td><td width=\"118\"><strong>MI\u00c9RCOLES<\/strong><\/td><td width=\"104\"><strong>JUEVES<\/strong><\/td><td width=\"79\"><strong>VIERNES<\/strong><\/td><td width=\"127\"><strong>S\u00c1BADO<\/strong><\/td><td width=\"81\"><strong>DOMINGO<\/strong><\/td><\/tr><tr><td width=\"134\">8:30 am<br role=\"presentation\" data-uw-rm-sr=\"\">a<br role=\"presentation\" data-uw-rm-sr=\"\">11:30 am<br role=\"presentation\" data-uw-rm-sr=\"\"><em>*El check-in comienza a las 7:30 am,<br role=\"presentation\" data-uw-rm-sr=\"\">No se permiten check-ins despu\u00e9s de las 11:00 am*<\/em><\/td><td width=\"88\">D<\/td><td width=\"118\">do<\/td><td width=\"104\">B<\/td><td width=\"79\">F<\/td><td width=\"127\">A<\/td><td width=\"81\">do<\/td><\/tr><tr><td width=\"134\">13:30 horas<br role=\"presentation\" data-uw-rm-sr=\"\">a<br role=\"presentation\" data-uw-rm-sr=\"\">4:30 pm<br role=\"presentation\" data-uw-rm-sr=\"\"><em>*El check-in comienza a las 12:30 horas,<br role=\"presentation\" data-uw-rm-sr=\"\">No se permiten check-ins despu\u00e9s de las 16:00 horas*<\/em><\/td><td width=\"88\"><p>ESPECIAL<\/p><p>3DS\/3MS<\/p><\/td><td width=\"118\">B<\/td><td width=\"104\">A<\/td><td width=\"79\"><p>GRAMO<\/p><p>WH<\/p><\/td><td width=\"127\">mi<\/td><td width=\"81\"><p>GRAMO<\/p><p>WH<\/p><\/td><\/tr><tr><td width=\"134\">19:00 horas<br role=\"presentation\" data-uw-rm-sr=\"\">a<br role=\"presentation\" data-uw-rm-sr=\"\">21:00 horas<br role=\"presentation\" data-uw-rm-sr=\"\"><em>*El check-in comienza a las 18:00 horas,<br role=\"presentation\" data-uw-rm-sr=\"\">No se permiten check-ins despu\u00e9s de las 20:30 h*<\/em><\/td><td width=\"88\">mi<\/td><td width=\"118\">yo<\/td><td width=\"104\">D<\/td><td width=\"79\"><p>ESPECIAL<\/p><p>3DS\/3MS<\/p><\/td><td width=\"127\">yo<\/td><td width=\"81\">F<\/td><\/tr><\/tbody><\/table>\t\t\t\t<\/div>\n\t\t\t\t<\/div>\n\t\t\t\t<div class=\"elementor-element elementor-element-998e276 elementor-widget elementor-widget-text-editor\" data-id=\"998e276\" data-element_type=\"widget\" data-e-type=\"widget\" data-widget_type=\"text-editor.default\">\n\t\t\t\t<div class=\"elementor-widget-container\">\n\t\t\t\t\t\t\t\t\t<p><strong>Depositar dinero en la cuenta del recluso<\/strong><\/p><p>1. Quiosco JPAY en el vest\u00edbulo<br \/>2. JPAY Directo 1-800-574-5729<br \/>3. En l\u00ednea www.jpay.com<br \/>4. El mostrador p\u00fablico acepta dep\u00f3sitos<\/p><p><strong>Pautas para las visitas a los reclusos<\/strong><\/p><ol><li>Todas las personas que entren en cualquier establecimiento estar\u00e1n sujetas a un registro personal y de sus bienes. Cualquier persona que infrinja alguna ley ser\u00e1 detenida y procesada.<\/li><li>Cualquier persona que haya sido ingresada en la c\u00e1rcel del condado de Ventura no podr\u00e1 realizar visitas durante un a\u00f1o calendario a partir de la fecha de su liberaci\u00f3n.<\/li><li>Pueden ocurrir retrasos en las visitas debido a emergencias dentro de las instalaciones.<\/li><li>Los reclusos reciben dos (2) visitas de treinta minutos, que pueden consistir en uno o dos adultos, o un adulto y un ni\u00f1o, por semana.<\/li><li>S\u00f3lo dos personas pueden visitar a un recluso a la vez (dos adultos o un ni\u00f1o menor y un adulto).<\/li><li>Los ni\u00f1os menores de edad deben estar acompa\u00f1ados por uno de sus padres, abuelos o tutor legal. Adem\u00e1s, los menores no pueden quedarse solos en ning\u00fan lugar de la c\u00e1rcel. Se puede solicitar una prueba de los derechos parentales o de la tutela. La decisi\u00f3n final de permitir la visita de un ni\u00f1o menor de edad recae en el Sargento de la prisi\u00f3n.<\/li><li>Se requiere identificaci\u00f3n con fotograf\u00eda. La identificaci\u00f3n con fotograf\u00eda se define como:<ol><li>Una licencia de conducir v\u00e1lida emitida por una agencia gubernamental; (no m\u00e1s de 30 d\u00edas vencida)<\/li><li>Una tarjeta de identificaci\u00f3n emitida por una agencia gubernamental;<\/li><li>Una tarjeta de identificaci\u00f3n militar emitida por una agencia gubernamental;<\/li><li>Un pasaporte v\u00e1lido y vigente;<\/li><li>Una tarjeta de identificaci\u00f3n de inmigraci\u00f3n v\u00e1lida\/actual emitida por una agencia gubernamental;<\/li><li>Se podr\u00e1n aceptar otras formas de identificaci\u00f3n con fotograf\u00eda v\u00e1lida, seg\u00fan el criterio del Sargento de la Instalaci\u00f3n.<\/li><\/ol><\/li><li>No se permite comida, bebidas ni fumar dentro del \u00e1rea de visita.<ol><li>Todos los visitantes deben cumplir con el siguiente c\u00f3digo de vestimenta:<\/li><li>Se requiere usar solo camisas CON mangas y zapatos. No se permiten pantalones rotos.<\/li><li>Los pantalones cortos y las faldas no deben estar m\u00e1s de 1\u2033 por encima de la rodilla;<\/li><li>No se permite ropa transparente, transparente o provocativa;<\/li><li>No se permiten blusas sin tirantes ni con abertura en el abdomen;<\/li><li>El uso de ropa que el personal de la instalaci\u00f3n considere inapropiada podr\u00e1 ser sometido a revisi\u00f3n por el Sargento de la Instalaci\u00f3n;<\/li><li>La negativa a cumplir con este c\u00f3digo de vestimenta puede resultar en que se niegue o finalice la visita.<\/li><\/ol><\/li><li>Los siguientes art\u00edculos est\u00e1n PERMITIDOS en el \u00e1rea de visita:<ol><li>Llavero personal;<\/li><li>Identificaci\u00f3n personal;<\/li><li>Un biber\u00f3n y\/o manta (si trae un beb\u00e9)<\/li><\/ol><\/li><li>NO est\u00e1 permitido en el \u00e1rea de visita:<ol><li>Monederos, carteras, mochilas, bolsas de pa\u00f1ales, portabeb\u00e9s, cochecitos,<br \/>tel\u00e9fonos celulares, tel\u00e9fonos inteligentes y relojes inteligentes;<\/li><li>Libros, revistas, peri\u00f3dicos, im\u00e1genes u otros papeles diversos;<\/li><li>La c\u00e1rcel NO acepta publicaciones solicitadas a trav\u00e9s de vendedores externos de Amazon Marketplace;<\/li><li>Dulces, comida, cigarrillos, f\u00f3sforos, encendedores, bol\u00edgrafos, l\u00e1pices;<\/li><li>C\u00e1maras<\/li><\/ol><\/li><\/ol><p>La posesi\u00f3n de art\u00edculos no permitidos en el \u00e1rea de visitas puede resultar en la cancelaci\u00f3n de su visita. El personal de las instalaciones no le guardar\u00e1 ning\u00fan art\u00edculo y no hay casilleros disponibles para guardarlo.<\/p>\t\t\t\t\t\t\t\t<\/div>\n\t\t\t\t<\/div>\n\t\t\t\t\t<\/div>\n\t\t\t\t<\/div>\n\t\t\t\t\t<\/div>\n\t\t\t\t<\/div>\n\t\t\t\t<\/div>","protected":false},"excerpt":{"rendered":"<p>PRE-TRIAL DETENTION FACILITY VISITING HOURS \u2013 805-654-3335 FOR INMATE AVAILABILITY, PLEASE CALL THE FACILITY PRIOR TO VISITING In-person visiting schedules have been created for both the Main Jail and Todd Road Jail. All efforts have been made to maximize visiting opportunities, if there is high demand, there may be times when visitors may not be [&hellip;]<\/p>\n","protected":false},"author":6,"featured_media":0,"parent":376,"menu_order":0,"comment_status":"closed","ping_status":"closed","template":"","meta":{"footnotes":""},"class_list":["post-380","page","type-page","status-publish","hentry"],"_links":{"self":[{"href":"https:\/\/sherifftest.venturacounty.gov\/es\/wp-json\/wp\/v2\/pages\/380","targetHints":{"allow":["GET"]}}],"collection":[{"href":"https:\/\/sherifftest.venturacounty.gov\/es\/wp-json\/wp\/v2\/pages"}],"about":[{"href":"https:\/\/sherifftest.venturacounty.gov\/es\/wp-json\/wp\/v2\/types\/page"}],"author":[{"embeddable":true,"href":"https:\/\/sherifftest.venturacounty.gov\/es\/wp-json\/wp\/v2\/users\/6"}],"replies":[{"embeddable":true,"href":"https:\/\/sherifftest.venturacounty.gov\/es\/wp-json\/wp\/v2\/comments?post=380"}],"version-history":[{"count":0,"href":"https:\/\/sherifftest.venturacounty.gov\/es\/wp-json\/wp\/v2\/pages\/380\/revisions"}],"up":[{"embeddable":true,"href":"https:\/\/sherifftest.venturacounty.gov\/es\/wp-json\/wp\/v2\/pages\/376"}],"wp:attachment":[{"href":"https:\/\/sherifftest.venturacounty.gov\/es\/wp-json\/wp\/v2\/media?parent=380"}],"curies":[{"name":"gracias","href":"https:\/\/api.w.org\/{rel}","templated":true}]}}