{"id":382,"date":"2023-07-31T21:05:03","date_gmt":"2023-08-01T04:05:03","guid":{"rendered":"http:\/\/sherifftest.venturacounty.gov\/?page_id=382"},"modified":"2024-07-02T09:17:45","modified_gmt":"2024-07-02T16:17:45","slug":"video-visitation","status":"publish","type":"page","link":"https:\/\/sherifftest.venturacounty.gov\/es\/inmate-information\/video-visitation\/","title":{"rendered":"Visitas por video"},"content":{"rendered":"<div data-elementor-type=\"wp-page\" data-elementor-id=\"382\" class=\"elementor elementor-382\" data-elementor-post-type=\"page\">\n\t\t\t\t<div class=\"elementor-element elementor-element-b8a496c e-flex e-con-boxed e-con e-parent\" data-id=\"b8a496c\" data-element_type=\"container\" data-e-type=\"container\" data-settings=\"{&quot;jet_parallax_layout_list&quot;:[]}\">\n\t\t\t\t\t<div class=\"e-con-inner\">\n\t\t\t\t<div class=\"elementor-element elementor-element-a7db847 elementor-widget elementor-widget-heading\" data-id=\"a7db847\" data-element_type=\"widget\" data-e-type=\"widget\" data-widget_type=\"heading.default\">\n\t\t\t\t<div class=\"elementor-widget-container\">\n\t\t\t\t\t<h1 class=\"elementor-heading-title elementor-size-default\">Visitas por video<\/h1>\t\t\t\t<\/div>\n\t\t\t\t<\/div>\n\t\t\t\t\t<\/div>\n\t\t\t\t<\/div>\n\t\t<div class=\"elementor-element elementor-element-d9f46dd e-flex e-con-boxed e-con e-parent\" data-id=\"d9f46dd\" data-element_type=\"container\" data-e-type=\"container\" data-settings=\"{&quot;jet_parallax_layout_list&quot;:[]}\">\n\t\t\t\t\t<div class=\"e-con-inner\">\n\t\t<div class=\"elementor-element elementor-element-485cdd4 e-con-full e-flex e-con e-child\" data-id=\"485cdd4\" data-element_type=\"container\" data-e-type=\"container\" data-settings=\"{&quot;jet_parallax_layout_list&quot;:[]}\">\n\t\t\t\t<div class=\"elementor-element elementor-element-94fe792 elementor-nav-menu--dropdown-tablet elementor-nav-menu__text-align-aside elementor-nav-menu--toggle elementor-nav-menu--burger elementor-widget elementor-widget-nav-menu\" data-id=\"94fe792\" data-element_type=\"widget\" data-e-type=\"widget\" data-settings=\"{&quot;layout&quot;:&quot;vertical&quot;,&quot;submenu_icon&quot;:{&quot;value&quot;:&quot;&lt;i class=\\&quot;fas fa-caret-down\\&quot;&gt;&lt;\\\/i&gt;&quot;,&quot;library&quot;:&quot;fa-solid&quot;},&quot;toggle&quot;:&quot;burger&quot;}\" data-widget_type=\"nav-menu.default\">\n\t\t\t\t<div class=\"elementor-widget-container\">\n\t\t\t\t\t\t\t\t<nav aria-label=\"Men\u00fa\" class=\"elementor-nav-menu--main elementor-nav-menu__container elementor-nav-menu--layout-vertical e--pointer-background e--animation-fade\">\n\t\t\t\t<ul id=\"menu-1-94fe792\" class=\"elementor-nav-menu sm-vertical\"><li class=\"vMenu menu-item menu-item-type-post_type menu-item-object-page menu-item-401\"><a href=\"https:\/\/sherifftest.venturacounty.gov\/es\/inmate-information\/inmate-visiting-guidelines\/\" class=\"elementor-item\">Pautas para las visitas a los reclusos<\/a><\/li>\n<li class=\"vMenu menu-item menu-item-type-post_type menu-item-object-page menu-item-419\"><a href=\"https:\/\/sherifftest.venturacounty.gov\/es\/inmate-information\/pre-trial-detention-facility\/\" class=\"elementor-item\">Centro de detenci\u00f3n preventiva<\/a><\/li>\n<li class=\"vMenu menu-item menu-item-type-post_type menu-item-object-page menu-item-402\"><a href=\"https:\/\/sherifftest.venturacounty.gov\/es\/inmate-information\/todd-road-jail\/\" class=\"elementor-item\">C\u00e1rcel de Todd Road<\/a><\/li>\n<li class=\"vMenu menu-item menu-item-type-post_type menu-item-object-page menu-item-403\"><a href=\"https:\/\/sherifftest.venturacounty.gov\/es\/inmate-information\/video-visitation\/\" class=\"elementor-item\">Visitas por video<\/a><\/li>\n<li class=\"vMenu menu-item menu-item-type-post_type menu-item-object-page menu-item-399\"><a href=\"https:\/\/sherifftest.venturacounty.gov\/es\/inmate-information\/reporting-inmate-abuse\/\" class=\"elementor-item\">C\u00f3mo denunciar el abuso de reclusos<\/a><\/li>\n<\/ul>\t\t\t<\/nav>\n\t\t\t\t\t<div class=\"elementor-menu-toggle\" role=\"button\" tabindex=\"0\" aria-label=\"Alternar men\u00fa\" aria-expanded=\"false\">\n\t\t\t<i aria-hidden=\"true\" role=\"presentation\" class=\"elementor-menu-toggle__icon--open eicon-menu-bar\"><\/i><i aria-hidden=\"true\" role=\"presentation\" class=\"elementor-menu-toggle__icon--close eicon-close\"><\/i>\t\t<\/div>\n\t\t\t\t\t<nav class=\"elementor-nav-menu--dropdown elementor-nav-menu__container\" aria-hidden=\"true\">\n\t\t\t\t<ul id=\"menu-2-94fe792\" class=\"elementor-nav-menu sm-vertical\"><li class=\"vMenu menu-item menu-item-type-post_type menu-item-object-page menu-item-401\"><a href=\"https:\/\/sherifftest.venturacounty.gov\/es\/inmate-information\/inmate-visiting-guidelines\/\" class=\"elementor-item\" tabindex=\"-1\">Pautas para las visitas a los reclusos<\/a><\/li>\n<li class=\"vMenu menu-item menu-item-type-post_type menu-item-object-page menu-item-419\"><a href=\"https:\/\/sherifftest.venturacounty.gov\/es\/inmate-information\/pre-trial-detention-facility\/\" class=\"elementor-item\" tabindex=\"-1\">Centro de detenci\u00f3n preventiva<\/a><\/li>\n<li class=\"vMenu menu-item menu-item-type-post_type menu-item-object-page menu-item-402\"><a href=\"https:\/\/sherifftest.venturacounty.gov\/es\/inmate-information\/todd-road-jail\/\" class=\"elementor-item\" tabindex=\"-1\">C\u00e1rcel de Todd Road<\/a><\/li>\n<li class=\"vMenu menu-item menu-item-type-post_type menu-item-object-page menu-item-403\"><a href=\"https:\/\/sherifftest.venturacounty.gov\/es\/inmate-information\/video-visitation\/\" class=\"elementor-item\" tabindex=\"-1\">Visitas por video<\/a><\/li>\n<li class=\"vMenu menu-item menu-item-type-post_type menu-item-object-page menu-item-399\"><a href=\"https:\/\/sherifftest.venturacounty.gov\/es\/inmate-information\/reporting-inmate-abuse\/\" class=\"elementor-item\" tabindex=\"-1\">C\u00f3mo denunciar el abuso de reclusos<\/a><\/li>\n<\/ul>\t\t\t<\/nav>\n\t\t\t\t\t\t<\/div>\n\t\t\t\t<\/div>\n\t\t\t\t<\/div>\n\t\t<div class=\"elementor-element elementor-element-9a80528 e-flex e-con-boxed e-con e-child\" data-id=\"9a80528\" data-element_type=\"container\" data-e-type=\"container\" data-settings=\"{&quot;jet_parallax_layout_list&quot;:[]}\">\n\t\t\t\t\t<div class=\"e-con-inner\">\n\t\t\t\t<div class=\"elementor-element elementor-element-e757c76 elementor-widget elementor-widget-text-editor\" data-id=\"e757c76\" data-element_type=\"widget\" data-e-type=\"widget\" data-widget_type=\"text-editor.default\">\n\t\t\t\t<div class=\"elementor-widget-container\">\n\t\t\t\t\t\t\t\t\t<h5><strong>Visitas por video ofrecidas por Securus Technologies<\/strong><\/h5>\n<h6>El sistema Securus Video Connect es un sistema de comunicaci\u00f3n visual totalmente basado en la web que permite a los amigos y familiares programar y participar en sesiones de video con una persona encarcelada, desde cualquier lugar con acceso a Internet, utilizando la aplicaci\u00f3n gratuita Securus, una computadora o una tableta. Hay cargos asociados con cada instalaci\u00f3n. Despu\u00e9s de hacer clic a continuaci\u00f3n, si ya tiene una cuenta, haga clic en \u201cIniciar sesi\u00f3n\u201d ubicado en la esquina superior derecha.<\/h6>\n<p><a href=\"https:\/\/securustech.net\/video-products\/index.html\" data-uw-rm-brl=\"PR\" data-uw-original-href=\"https:\/\/securustech.net\/video-products\/index.html\">https:\/\/securustech.net\/video-products\/index.html<\/a><\/p>\n<p>Si necesita m\u00e1s informaci\u00f3n, llame a Securus Video Connect al 1-877-578-3658<\/p>\n<h5><span style=\"text-decoration: underline;\"><strong>&nbsp;Visitas por video<\/strong><\/span><\/h5>\n<p>T\u00e9rminos y condiciones<\/p>\n<p>Lea todas las reglas por completo antes de continuar. No se aceptar\u00e1 el desconocimiento de las reglas como excusa para no cumplirlas. El incumplimiento de alguna regla puede resultar en la cancelaci\u00f3n de los privilegios de visita.<\/p>\n<p>Visitas remotas por video (fuera del sitio):<\/p>\n<p>No se permiten visitas por video durante la operaci\u00f3n de ning\u00fan veh\u00edculo motorizado ni durante la operaci\u00f3n de ninguna maquinaria, ni mientras se realizan actividades inseguras.<\/p>\n<p><strong>Todas las visitas personales est\u00e1n sujetas a seguimiento y registro.<\/strong><\/p>\n<ul>\n<li>Al visitar desde casa, la(s) visita(s) deben programarse al menos 24 horas antes de la cita o hasta 2 semanas antes.<\/li>\n<li>Las visitas por video est\u00e1n disponibles en el Centro de Detenci\u00f3n Preventiva y en el Centro de Detenci\u00f3n de Todd Road de 8 a. m. a 10 p. m. todos los d\u00edas.<\/li>\n<li>A las personas encarceladas se les permiten 2 visitas por semana por un m\u00e1ximo de 30 minutos por visita.<\/li>\n<li>Las visitas a todas las instalaciones de la Oficina del Sheriff del Condado de Ventura est\u00e1n limitadas a no m\u00e1s de dos (2) visitantes por persona encarcelada, por visita.<\/li>\n<li>Para programar una visita desde su domicilio, necesitar\u00e1 tener al menos $6.00 en su cuenta prepaga de Securus.<\/li>\n<li>El costo de la visita de video remota de $6.00 se deducir\u00e1 de su cuenta prepaga de Securus tan pronto como se programe su visita.<\/li>\n<li>Antes de poder agregar un visitante adulto adicional, \u00e9ste deber\u00e1 registrarse\/crear una cuenta.<\/li>\n<li>Los visitantes menores de 18 a\u00f1os deben figurar como visitantes adicionales y estar acompa\u00f1ados y supervisados por un visitante adulto autorizado en todo momento.<\/li>\n<li>Tambi\u00e9n se les puede pedir a los visitantes que proporcionen prueba de relaci\u00f3n con la persona encarcelada.<\/li>\n<li>Si una persona encarcelada participa en CUALQUIER programa (en el tribunal, en tareas laborales, en todos los programas, visitas de abogados, etc.), NO es elegible para recibir la visita en ese momento. Es su responsabilidad programar sus visitas en funci\u00f3n del cronograma del programa de la persona encarcelada.<\/li>\n<li>Si no puede asistir a su visita programada, inicie sesi\u00f3n en su cuenta y cancele su cita al menos 2 horas antes de la hora de la visita programada.<\/li>\n<li>Si el establecimiento cancela su visita o si usted cancela al menos dos horas antes, los $6.00 se acreditar\u00e1n nuevamente a su cuenta prepaga de Securus.<\/li>\n<li>Si no se registra para una visita programada, no se emitir\u00e1 ning\u00fan reembolso.<\/li>\n<li>Si pierde la conexi\u00f3n a Internet durante su visita, no se emitir\u00e1 ning\u00fan reembolso.<\/li>\n<\/ul>\n<p><strong>&nbsp;Cualquier persona encarcelada o visitante cuyo comportamiento sea disruptivo durante una visita puede tener sus privilegios de visita suspendidos y\/o terminados.<\/strong><\/p>\n<ul>\n<li>El calendario de visitas puede cancelarse o modificarse en d\u00edas festivos designados por el condado o por razones de seguridad.<\/li>\n<li>El personal puede negar, cambiar o cancelar una visita en cualquier momento.<\/li>\n<li>Est\u00e1 estrictamente prohibido visitar bajo la influencia del alcohol\/drogas.<\/li>\n<li>Cada sesi\u00f3n de visita mostrar\u00e1 un temporizador para mostrar el tiempo transcurrido.<\/li>\n<li>Una vez finalizada tu visita, tu conexi\u00f3n se terminar\u00e1.<\/li>\n<\/ul>\n<p><span style=\"text-decoration: underline;\"><strong>&nbsp;VESTIMENTA APROPIADA:<\/strong><\/span> Todos los visitantes (hombres, mujeres y ni\u00f1os) deben estar vestidos de manera completa y apropiada. No se permiten camisetas sin mangas, camisetas escotadas, ropa transparente o reveladora. No se permiten sombreros, pa\u00f1uelos para la cabeza (excepto los que cubren la cabeza con motivos religiosos), gorros ni mascarillas. Los visitantes deben poder ser identificados durante la visita. Si no se puede identificar a ninguna de las partes, se puede dar por terminada la visita y se pueden aplicar medidas disciplinarias o restricciones adicionales. Se proh\u00edbe la vestimenta que promueva el consumo de drogas, las pandillas, el odio, las blasfemias, los actos sexuales o la violencia.<\/p>\n<ul>\n<li>Cualquier desnudez o comportamiento sexual provocativo por parte de la persona encarcelada o del visitante es motivo de terminaci\u00f3n inmediata de una visita por video.<\/li>\n<li>No se permite el uso de dispositivos electr\u00f3nicos adicionales, como tel\u00e9fonos celulares o tabletas, durante una visita. Los visitantes NO tomar\u00e1n fotograf\u00edas ni videos de la visita. Los visitantes NO mostrar\u00e1n fotograf\u00edas ni videos a la persona encarcelada. No se permite el acceso a las redes sociales ni la publicaci\u00f3n de mensajes en nombre de la persona encarcelada.<\/li>\n<li>Las personas encarceladas no incentivar\u00e1n a los visitantes a participar en conductas inapropiadas.<\/li>\n<li>Las personas encarceladas y los visitantes solo utilizar\u00e1n su propio registro para las visitas.<\/li>\n<li>Las personas encarceladas no podr\u00e1n participar en la visita por video de otra persona encarcelada. Esto incluye permanecer en segundo plano durante una visita.<\/li>\n<\/ul>\n<p><br><\/p><p>Aviso: Las violaciones a estas reglas resultar\u00e1n en la cancelaci\u00f3n de la visita, la prohibici\u00f3n del acceso del visitante al sistema y la suspensi\u00f3n del acceso de la persona encarcelada por 6 meses o su prohibici\u00f3n permanente.<\/p>\t\t\t\t\t\t\t\t<\/div>\n\t\t\t\t<\/div>\n\t\t\t\t\t<\/div>\n\t\t\t\t<\/div>\n\t\t\t\t\t<\/div>\n\t\t\t\t<\/div>\n\t\t\t\t<\/div>","protected":false},"excerpt":{"rendered":"<p>Video Visitation offered by Securus Technologies Securus Video Connect system is a fully web-based visual communication system that allows friends and family members to schedule and participate in video sessions with an incarcerated individual \u2013 from anywhere with internet access using the free Securus app, computer or tablet. There are charges associated with each facility. [&hellip;]<\/p>\n","protected":false},"author":6,"featured_media":0,"parent":376,"menu_order":0,"comment_status":"closed","ping_status":"closed","template":"","meta":{"footnotes":""},"class_list":["post-382","page","type-page","status-publish","hentry"],"_links":{"self":[{"href":"https:\/\/sherifftest.venturacounty.gov\/es\/wp-json\/wp\/v2\/pages\/382","targetHints":{"allow":["GET"]}}],"collection":[{"href":"https:\/\/sherifftest.venturacounty.gov\/es\/wp-json\/wp\/v2\/pages"}],"about":[{"href":"https:\/\/sherifftest.venturacounty.gov\/es\/wp-json\/wp\/v2\/types\/page"}],"author":[{"embeddable":true,"href":"https:\/\/sherifftest.venturacounty.gov\/es\/wp-json\/wp\/v2\/users\/6"}],"replies":[{"embeddable":true,"href":"https:\/\/sherifftest.venturacounty.gov\/es\/wp-json\/wp\/v2\/comments?post=382"}],"version-history":[{"count":0,"href":"https:\/\/sherifftest.venturacounty.gov\/es\/wp-json\/wp\/v2\/pages\/382\/revisions"}],"up":[{"embeddable":true,"href":"https:\/\/sherifftest.venturacounty.gov\/es\/wp-json\/wp\/v2\/pages\/376"}],"wp:attachment":[{"href":"https:\/\/sherifftest.venturacounty.gov\/es\/wp-json\/wp\/v2\/media?parent=382"}],"curies":[{"name":"gracias","href":"https:\/\/api.w.org\/{rel}","templated":true}]}}