{"id":98,"date":"2023-07-13T14:39:58","date_gmt":"2023-07-13T21:39:58","guid":{"rendered":"http:\/\/sherifftest.venturacounty.gov\/?page_id=98"},"modified":"2025-03-06T10:13:10","modified_gmt":"2025-03-06T18:13:10","slug":"special-services","status":"publish","type":"page","link":"https:\/\/sherifftest.venturacounty.gov\/es\/special-services\/","title":{"rendered":"Servicios especiales"},"content":{"rendered":"<div data-elementor-type=\"wp-page\" data-elementor-id=\"98\" class=\"elementor elementor-98\" data-elementor-post-type=\"page\">\n\t\t\t\t<div class=\"elementor-element elementor-element-b8a496c e-flex e-con-boxed e-con e-parent\" data-id=\"b8a496c\" data-element_type=\"container\" data-e-type=\"container\" data-settings=\"{&quot;jet_parallax_layout_list&quot;:[]}\">\n\t\t\t\t\t<div class=\"e-con-inner\">\n\t\t\t\t<div class=\"elementor-element elementor-element-a7db847 elementor-widget elementor-widget-heading\" data-id=\"a7db847\" data-element_type=\"widget\" data-e-type=\"widget\" data-widget_type=\"heading.default\">\n\t\t\t\t<div class=\"elementor-widget-container\">\n\t\t\t\t\t<h1 class=\"elementor-heading-title elementor-size-default\">Servicios especiales<\/h1>\t\t\t\t<\/div>\n\t\t\t\t<\/div>\n\t\t\t\t\t<\/div>\n\t\t\t\t<\/div>\n\t\t<div class=\"elementor-element elementor-element-d9f46dd e-flex e-con-boxed e-con e-parent\" data-id=\"d9f46dd\" data-element_type=\"container\" data-e-type=\"container\" data-settings=\"{&quot;jet_parallax_layout_list&quot;:[]}\">\n\t\t\t\t\t<div class=\"e-con-inner\">\n\t\t<div class=\"elementor-element elementor-element-485cdd4 e-con-full e-flex e-con e-child\" data-id=\"485cdd4\" data-element_type=\"container\" data-e-type=\"container\" data-settings=\"{&quot;jet_parallax_layout_list&quot;:[]}\">\n\t\t\t\t<div class=\"elementor-element elementor-element-875db39 elementor-nav-menu--dropdown-tablet elementor-nav-menu__text-align-aside elementor-nav-menu--toggle elementor-nav-menu--burger elementor-widget elementor-widget-nav-menu\" data-id=\"875db39\" data-element_type=\"widget\" data-e-type=\"widget\" data-settings=\"{&quot;layout&quot;:&quot;vertical&quot;,&quot;submenu_icon&quot;:{&quot;value&quot;:&quot;&lt;i class=\\&quot;fas fa-caret-down\\&quot;&gt;&lt;\\\/i&gt;&quot;,&quot;library&quot;:&quot;fa-solid&quot;},&quot;toggle&quot;:&quot;burger&quot;}\" data-widget_type=\"nav-menu.default\">\n\t\t\t\t<div class=\"elementor-widget-container\">\n\t\t\t\t\t\t\t\t<nav aria-label=\"Men\u00fa\" class=\"elementor-nav-menu--main elementor-nav-menu__container elementor-nav-menu--layout-vertical e--pointer-background e--animation-fade\">\n\t\t\t\t<ul id=\"menu-1-875db39\" class=\"elementor-nav-menu sm-vertical\"><li class=\"vMenu menu-item menu-item-type-post_type menu-item-object-page menu-item-106\"><a href=\"https:\/\/sherifftest.venturacounty.gov\/es\/special-services\/\" class=\"elementor-item\">Servicios especiales<\/a><\/li>\n<li class=\"vMenu menu-item menu-item-type-post_type menu-item-object-page menu-item-107\"><a href=\"https:\/\/sherifftest.venturacounty.gov\/es\/special-services\/air-unit\/\" class=\"elementor-item\">Unidad de aire<\/a><\/li>\n<li class=\"vMenu menu-item menu-item-type-post_type menu-item-object-page menu-item-12302\"><a href=\"https:\/\/sherifftest.venturacounty.gov\/es\/special-services\/boat-unit\/\" class=\"elementor-item\">Tripulaci\u00f3n del barco del sheriff<\/a><\/li>\n<li class=\"vMenu menu-item menu-item-type-post_type menu-item-object-page menu-item-110\"><a href=\"https:\/\/sherifftest.venturacounty.gov\/es\/special-services\/bomb-arson-unit\/\" class=\"elementor-item\">Unidad de bombas e incendios provocados<\/a><\/li>\n<li class=\"vMenu menu-item menu-item-type-post_type menu-item-object-page menu-item-131\"><a href=\"https:\/\/sherifftest.venturacounty.gov\/es\/special-services\/crime-analysis-unit\/\" class=\"elementor-item\">Unidad de An\u00e1lisis Criminal<\/a><\/li>\n<li class=\"vMenu menu-item menu-item-type-post_type menu-item-object-page menu-item-130\"><a href=\"https:\/\/sherifftest.venturacounty.gov\/es\/special-services\/crime-scene-investigations-unit\/\" class=\"elementor-item\">Unidad de Investigaciones de la Escena del Crimen<\/a><\/li>\n<li class=\"vMenu menu-item menu-item-type-post_type menu-item-object-page menu-item-129\"><a href=\"https:\/\/sherifftest.venturacounty.gov\/es\/special-services\/criminal-intelligence-unit\/\" class=\"elementor-item\">Unidad de Inteligencia Criminal<\/a><\/li>\n<li class=\"vMenu menu-item menu-item-type-post_type menu-item-object-page menu-item-123\"><a href=\"https:\/\/sherifftest.venturacounty.gov\/es\/special-services\/forensic-sciences-lab\/\" class=\"elementor-item\">Oficina de Servicios Forenses<\/a><\/li>\n<li class=\"vMenu menu-item menu-item-type-post_type menu-item-object-page menu-item-128\"><a href=\"https:\/\/sherifftest.venturacounty.gov\/es\/special-services\/major-crimes-unit\/\" class=\"elementor-item\">Unidad de Delitos Graves<\/a><\/li>\n<li class=\"vMenu menu-item menu-item-type-post_type menu-item-object-page menu-item-127\"><a href=\"https:\/\/sherifftest.venturacounty.gov\/es\/special-services\/narcotics-unit\/\" class=\"elementor-item\">Unidad de Narc\u00f3ticos<\/a><\/li>\n<li class=\"vMenu menu-item menu-item-type-post_type menu-item-object-page menu-item-122\"><a href=\"https:\/\/sherifftest.venturacounty.gov\/es\/special-services\/sheriff-systems-bureau\/\" class=\"elementor-item\">Oficina de sistemas del sheriff<\/a><\/li>\n<li class=\"vMenu menu-item menu-item-type-post_type menu-item-object-page menu-item-126\"><a href=\"https:\/\/sherifftest.venturacounty.gov\/es\/special-services\/s-w-a-t\/\" class=\"elementor-item\">APLASTAR<\/a><\/li>\n<li class=\"vMenu menu-item menu-item-type-post_type menu-item-object-page menu-item-125\"><a href=\"https:\/\/sherifftest.venturacounty.gov\/es\/special-services\/tactical-negotiations-unit\/\" class=\"elementor-item\">Unidad de Negociaciones T\u00e1cticas<\/a><\/li>\n<li class=\"vMenu menu-item menu-item-type-post_type menu-item-object-page menu-item-12430\"><a href=\"https:\/\/sherifftest.venturacounty.gov\/es\/special-services\/technical-surveillance-unit\/\" class=\"elementor-item\">Unidad de Vigilancia T\u00e9cnica<\/a><\/li>\n<li class=\"vMenu menu-item menu-item-type-post_type menu-item-object-page menu-item-124\"><a href=\"https:\/\/sherifftest.venturacounty.gov\/es\/special-services\/unmanned-aerial-systems-unit\/\" class=\"elementor-item\">Unidad de sistemas a\u00e9reos no tripulados<\/a><\/li>\n<\/ul>\t\t\t<\/nav>\n\t\t\t\t\t<div class=\"elementor-menu-toggle\" role=\"button\" tabindex=\"0\" aria-label=\"Alternar men\u00fa\" aria-expanded=\"false\">\n\t\t\t<i aria-hidden=\"true\" role=\"presentation\" class=\"elementor-menu-toggle__icon--open eicon-menu-bar\"><\/i><i aria-hidden=\"true\" role=\"presentation\" class=\"elementor-menu-toggle__icon--close eicon-close\"><\/i>\t\t<\/div>\n\t\t\t\t\t<nav class=\"elementor-nav-menu--dropdown elementor-nav-menu__container\" aria-hidden=\"true\">\n\t\t\t\t<ul id=\"menu-2-875db39\" class=\"elementor-nav-menu sm-vertical\"><li class=\"vMenu menu-item menu-item-type-post_type menu-item-object-page menu-item-106\"><a href=\"https:\/\/sherifftest.venturacounty.gov\/es\/special-services\/\" class=\"elementor-item\" tabindex=\"-1\">Servicios especiales<\/a><\/li>\n<li class=\"vMenu menu-item menu-item-type-post_type menu-item-object-page menu-item-107\"><a href=\"https:\/\/sherifftest.venturacounty.gov\/es\/special-services\/air-unit\/\" class=\"elementor-item\" tabindex=\"-1\">Unidad de aire<\/a><\/li>\n<li class=\"vMenu menu-item menu-item-type-post_type menu-item-object-page menu-item-12302\"><a href=\"https:\/\/sherifftest.venturacounty.gov\/es\/special-services\/boat-unit\/\" class=\"elementor-item\" tabindex=\"-1\">Tripulaci\u00f3n del barco del sheriff<\/a><\/li>\n<li class=\"vMenu menu-item menu-item-type-post_type menu-item-object-page menu-item-110\"><a href=\"https:\/\/sherifftest.venturacounty.gov\/es\/special-services\/bomb-arson-unit\/\" class=\"elementor-item\" tabindex=\"-1\">Unidad de bombas e incendios provocados<\/a><\/li>\n<li class=\"vMenu menu-item menu-item-type-post_type menu-item-object-page menu-item-131\"><a href=\"https:\/\/sherifftest.venturacounty.gov\/es\/special-services\/crime-analysis-unit\/\" class=\"elementor-item\" tabindex=\"-1\">Unidad de An\u00e1lisis Criminal<\/a><\/li>\n<li class=\"vMenu menu-item menu-item-type-post_type menu-item-object-page menu-item-130\"><a href=\"https:\/\/sherifftest.venturacounty.gov\/es\/special-services\/crime-scene-investigations-unit\/\" class=\"elementor-item\" tabindex=\"-1\">Unidad de Investigaciones de la Escena del Crimen<\/a><\/li>\n<li class=\"vMenu menu-item menu-item-type-post_type menu-item-object-page menu-item-129\"><a href=\"https:\/\/sherifftest.venturacounty.gov\/es\/special-services\/criminal-intelligence-unit\/\" class=\"elementor-item\" tabindex=\"-1\">Unidad de Inteligencia Criminal<\/a><\/li>\n<li class=\"vMenu menu-item menu-item-type-post_type menu-item-object-page menu-item-123\"><a href=\"https:\/\/sherifftest.venturacounty.gov\/es\/special-services\/forensic-sciences-lab\/\" class=\"elementor-item\" tabindex=\"-1\">Oficina de Servicios Forenses<\/a><\/li>\n<li class=\"vMenu menu-item menu-item-type-post_type menu-item-object-page menu-item-128\"><a href=\"https:\/\/sherifftest.venturacounty.gov\/es\/special-services\/major-crimes-unit\/\" class=\"elementor-item\" tabindex=\"-1\">Unidad de Delitos Graves<\/a><\/li>\n<li class=\"vMenu menu-item menu-item-type-post_type menu-item-object-page menu-item-127\"><a href=\"https:\/\/sherifftest.venturacounty.gov\/es\/special-services\/narcotics-unit\/\" class=\"elementor-item\" tabindex=\"-1\">Unidad de Narc\u00f3ticos<\/a><\/li>\n<li class=\"vMenu menu-item menu-item-type-post_type menu-item-object-page menu-item-122\"><a href=\"https:\/\/sherifftest.venturacounty.gov\/es\/special-services\/sheriff-systems-bureau\/\" class=\"elementor-item\" tabindex=\"-1\">Oficina de sistemas del sheriff<\/a><\/li>\n<li class=\"vMenu menu-item menu-item-type-post_type menu-item-object-page menu-item-126\"><a href=\"https:\/\/sherifftest.venturacounty.gov\/es\/special-services\/s-w-a-t\/\" class=\"elementor-item\" tabindex=\"-1\">APLASTAR<\/a><\/li>\n<li class=\"vMenu menu-item menu-item-type-post_type menu-item-object-page menu-item-125\"><a href=\"https:\/\/sherifftest.venturacounty.gov\/es\/special-services\/tactical-negotiations-unit\/\" class=\"elementor-item\" tabindex=\"-1\">Unidad de Negociaciones T\u00e1cticas<\/a><\/li>\n<li class=\"vMenu menu-item menu-item-type-post_type menu-item-object-page menu-item-12430\"><a href=\"https:\/\/sherifftest.venturacounty.gov\/es\/special-services\/technical-surveillance-unit\/\" class=\"elementor-item\" tabindex=\"-1\">Unidad de Vigilancia T\u00e9cnica<\/a><\/li>\n<li class=\"vMenu menu-item menu-item-type-post_type menu-item-object-page menu-item-124\"><a href=\"https:\/\/sherifftest.venturacounty.gov\/es\/special-services\/unmanned-aerial-systems-unit\/\" class=\"elementor-item\" tabindex=\"-1\">Unidad de sistemas a\u00e9reos no tripulados<\/a><\/li>\n<\/ul>\t\t\t<\/nav>\n\t\t\t\t\t\t<\/div>\n\t\t\t\t<\/div>\n\t\t\t\t<\/div>\n\t\t<div class=\"elementor-element elementor-element-9a80528 e-flex e-con-boxed e-con e-child\" data-id=\"9a80528\" data-element_type=\"container\" data-e-type=\"container\" data-settings=\"{&quot;jet_parallax_layout_list&quot;:[]}\">\n\t\t\t\t\t<div class=\"e-con-inner\">\n\t\t\t\t<div class=\"elementor-element elementor-element-5dd3a47 elementor-widget elementor-widget-image\" data-id=\"5dd3a47\" data-element_type=\"widget\" data-e-type=\"widget\" data-widget_type=\"image.default\">\n\t\t\t\t<div class=\"elementor-widget-container\">\n\t\t\t\t\t\t\t\t\t\t\t\t\t\t\t<img fetchpriority=\"high\" decoding=\"async\" width=\"800\" height=\"355\" src=\"https:\/\/sherifftest.venturacounty.gov\/wp-content\/uploads\/2023\/10\/Special-Services-2-copy-1024x455.jpg\" class=\"attachment-large size-large wp-image-11966\" alt=\"\" srcset=\"https:\/\/sherifftest.venturacounty.gov\/wp-content\/uploads\/2023\/10\/Special-Services-2-copy-1024x455.jpg 1024w, https:\/\/sherifftest.venturacounty.gov\/wp-content\/uploads\/2023\/10\/Special-Services-2-copy-480x213.jpg 480w, https:\/\/sherifftest.venturacounty.gov\/wp-content\/uploads\/2023\/10\/Special-Services-2-copy-768x341.jpg 768w, https:\/\/sherifftest.venturacounty.gov\/wp-content\/uploads\/2023\/10\/Special-Services-2-copy-1536x683.jpg 1536w, https:\/\/sherifftest.venturacounty.gov\/wp-content\/uploads\/2023\/10\/Special-Services-2-copy-2048x910.jpg 2048w\" sizes=\"(max-width: 800px) 100vw, 800px\" \/>\t\t\t\t\t\t\t\t\t\t\t\t\t\t\t<\/div>\n\t\t\t\t<\/div>\n\t\t\t\t<div class=\"elementor-element elementor-element-e757c76 elementor-widget elementor-widget-text-editor\" data-id=\"e757c76\" data-element_type=\"widget\" data-e-type=\"widget\" data-widget_type=\"text-editor.default\">\n\t\t\t\t<div class=\"elementor-widget-container\">\n\t\t\t\t\t\t\t\t\t<p>La Divisi\u00f3n de Servicios Especiales comprende unidades especialmente capacitadas y dotadas de personal que se ocupan de situaciones \u00fanicas de aplicaci\u00f3n de la ley.<\/p><p>Estos servicios incluyen Investigaciones de Delitos Graves, Investigaciones de Narc\u00f3ticos e Investigaciones de Inteligencia y Vicio, Unidad de Aviaci\u00f3n, B\u00fasqueda y Rescate, Equipo de Negaciones T\u00e1cticas, Equipo de Armas y T\u00e1cticas Especiales (SWAT) y el Escuadr\u00f3n Antibombas del Sheriff.<\/p><p>La Divisi\u00f3n de Servicios Especiales tambi\u00e9n incluye el Laboratorio Criminal\u00edstico, la Unidad de Investigaciones de la Escena del Crimen y la Oficina de Sistemas de Informaci\u00f3n. La Divisi\u00f3n de Servicios Especiales est\u00e1 dirigida por un alguacil asistente que supervisa a aproximadamente 200 miembros del personal juramentados y profesionales.<\/p>\t\t\t\t\t\t\t\t<\/div>\n\t\t\t\t<\/div>\n\t\t\t\t\t<\/div>\n\t\t\t\t<\/div>\n\t\t\t\t\t<\/div>\n\t\t\t\t<\/div>\n\t\t\t\t<\/div>","protected":false},"excerpt":{"rendered":"<p>Special Services The Special Services Division encompasses specially trained and staffed units that deal with unique law enforcement situations. These services include Major Crimes Investigations, Narcotics Investigations, and Intelligence &amp; Vice Investigations, Aviation Unit, Search &amp; Rescue, Tactical Negations Team, Special Weapons and Tactics Team (S.W.A.T.), and the Sheriff\u2019s Bomb Squad. The Special Services Division [&hellip;]<\/p>\n","protected":false},"author":2,"featured_media":0,"parent":0,"menu_order":0,"comment_status":"closed","ping_status":"closed","template":"","meta":{"footnotes":""},"class_list":["post-98","page","type-page","status-publish","hentry"],"_links":{"self":[{"href":"https:\/\/sherifftest.venturacounty.gov\/es\/wp-json\/wp\/v2\/pages\/98","targetHints":{"allow":["GET"]}}],"collection":[{"href":"https:\/\/sherifftest.venturacounty.gov\/es\/wp-json\/wp\/v2\/pages"}],"about":[{"href":"https:\/\/sherifftest.venturacounty.gov\/es\/wp-json\/wp\/v2\/types\/page"}],"author":[{"embeddable":true,"href":"https:\/\/sherifftest.venturacounty.gov\/es\/wp-json\/wp\/v2\/users\/2"}],"replies":[{"embeddable":true,"href":"https:\/\/sherifftest.venturacounty.gov\/es\/wp-json\/wp\/v2\/comments?post=98"}],"version-history":[{"count":0,"href":"https:\/\/sherifftest.venturacounty.gov\/es\/wp-json\/wp\/v2\/pages\/98\/revisions"}],"wp:attachment":[{"href":"https:\/\/sherifftest.venturacounty.gov\/es\/wp-json\/wp\/v2\/media?parent=98"}],"curies":[{"name":"gracias","href":"https:\/\/api.w.org\/{rel}","templated":true}]}}